{"id":50368,"date":"2023-10-18T15:46:31","date_gmt":"2023-10-18T19:46:31","guid":{"rendered":"http:\/\/wp-pgs-equipements-adrien-phaneuf.elidevapp1aws.elisys-servers.ca\/?post_type=product&#038;p=50368"},"modified":"2025-09-30T06:06:01","modified_gmt":"2025-09-30T10:06:01","slug":"116-case-ih-afs-connect-steiger-620-4-roues-motrices-zfn44239","status":"publish","type":"product","link":"http:\/\/wp-pgs-equipements-adrien-phaneuf.elidevapp1aws.elisys-servers.ca\/fr\/produit\/116-case-ih-afs-connect-steiger-620-4-roues-motrices-zfn44239\/","title":{"rendered":"1:16 Case IH AFS Connect Steiger 620 4 roues motrices (ZFN44239)"},"content":{"rendered":"<p>Le Steiger 620 ZFN44239 comprend une carrosserie avant et arri\u00e8re moul\u00e9e sous pression, une pile de filtre \u00e0 air et une d\u00e9coration de capot \u00e0 trois bandes. Les pneus au toucher doux sont mont\u00e9s sur des talons moul\u00e9s sous pression et en plastique. Les fen\u00eatres transparentes de la cabine r\u00e9v\u00e8lent un int\u00e9rieur d\u00e9taill\u00e9 \u2013 avec un si\u00e8ge compagnon\u00a0! &#8211; et le capot s&rsquo;ouvre pour r\u00e9v\u00e9ler un moteur d\u00e9taill\u00e9. L&rsquo;attelage 3 points arri\u00e8re se monte et s&rsquo;abaisse.<br \/>\n\u2022 Conception \u00e0 l&rsquo;\u00e9chelle 1:16<br \/>\n\u2022 \u00c2ges : 14+<\/p>\n","protected":false},"excerpt":{"rendered":"<p>Le Steiger 620 ZFN44239 comprend une carrosserie avant et arri\u00e8re moul\u00e9e sous pression, une pile de filtre \u00e0 air et une d\u00e9coration de capot \u00e0 trois bandes. Les pneus au toucher doux sont mont\u00e9s sur des talons moul\u00e9s sous pression et en plastique. Les fen\u00eatres transparentes de la cabine r\u00e9v\u00e8lent un int\u00e9rieur d\u00e9taill\u00e9 \u2013 avec &hellip; <a href=\"http:\/\/wp-pgs-equipements-adrien-phaneuf.elidevapp1aws.elisys-servers.ca\/fr\/produit\/116-case-ih-afs-connect-steiger-620-4-roues-motrices-zfn44239\/\">Suite<\/a><\/p>\n","protected":false},"featured_media":52385,"template":"","meta":[],"product-sub-category":[374],"brand":[111],"product-third-category":[],"acf":{"product_stock_upton":"0","product_stock_marieville":"0","product_stock_shefford":"","product_stock_victoriaville":"0","product_stock_durantaye":"","product_stock_stematine":"0","product_stock_stclet":"1","product_stock_huntingdon":"","product_vendor":"CAS","child_inventory_variation":""},"_links":{"self":[{"href":"http:\/\/wp-pgs-equipements-adrien-phaneuf.elidevapp1aws.elisys-servers.ca\/fr\/wp-json\/wp\/v2\/product\/50368"}],"collection":[{"href":"http:\/\/wp-pgs-equipements-adrien-phaneuf.elidevapp1aws.elisys-servers.ca\/fr\/wp-json\/wp\/v2\/product"}],"about":[{"href":"http:\/\/wp-pgs-equipements-adrien-phaneuf.elidevapp1aws.elisys-servers.ca\/fr\/wp-json\/wp\/v2\/types\/product"}],"wp:featuredmedia":[{"embeddable":true,"href":"http:\/\/wp-pgs-equipements-adrien-phaneuf.elidevapp1aws.elisys-servers.ca\/fr\/wp-json\/wp\/v2\/media\/52385"}],"wp:attachment":[{"href":"http:\/\/wp-pgs-equipements-adrien-phaneuf.elidevapp1aws.elisys-servers.ca\/fr\/wp-json\/wp\/v2\/media?parent=50368"}],"wp:term":[{"taxonomy":"product-sub-category","embeddable":true,"href":"http:\/\/wp-pgs-equipements-adrien-phaneuf.elidevapp1aws.elisys-servers.ca\/fr\/wp-json\/wp\/v2\/product-sub-category?post=50368"},{"taxonomy":"brand","embeddable":true,"href":"http:\/\/wp-pgs-equipements-adrien-phaneuf.elidevapp1aws.elisys-servers.ca\/fr\/wp-json\/wp\/v2\/brand?post=50368"},{"taxonomy":"product-third-category","embeddable":true,"href":"http:\/\/wp-pgs-equipements-adrien-phaneuf.elidevapp1aws.elisys-servers.ca\/fr\/wp-json\/wp\/v2\/product-third-category?post=50368"}],"curies":[{"name":"wp","href":"https:\/\/api.w.org\/{rel}","templated":true}]}}