{"id":50374,"date":"2023-10-18T15:55:04","date_gmt":"2023-10-18T19:55:04","guid":{"rendered":"http:\/\/wp-pgs-equipements-adrien-phaneuf.elidevapp1aws.elisys-servers.ca\/?post_type=product&#038;p=50374"},"modified":"2025-09-30T06:06:02","modified_gmt":"2025-09-30T10:06:02","slug":"116-farmall-115a-avec-chargeur-l575-zfn44254","status":"publish","type":"product","link":"http:\/\/wp-pgs-equipements-adrien-phaneuf.elidevapp1aws.elisys-servers.ca\/fr\/produit\/116-farmall-115a-avec-chargeur-l575-zfn44254\/","title":{"rendered":"1:16 Farmall 115A avec chargeur L575 (ZFN44254)"},"content":{"rendered":"<p>Le Farmall 115A ZFN44254 r\u00e9cemment r\u00e9\u00e9quip\u00e9 comprend une carrosserie moul\u00e9e sous pression, un essieu avant et une barre ROPS. Les autres caract\u00e9ristiques comprennent un capot, une calandre et des ailes en plastique, ainsi que des pneus souples mont\u00e9s sur des roues en plastique et moul\u00e9es sous pression. Le tracteur est dot\u00e9 d&rsquo;un essieu avant oscillant, de pneus avant orientables et d&rsquo;une barre d&rsquo;attelage de style jeu r\u00e9plique. Le chargeur L575 est dot\u00e9 de bras de chargeur, de supports de bras de chargeur et d&rsquo;un godet moul\u00e9s sous pression. Les bras du chargeur se l\u00e8vent et s&rsquo;abaissent et le godet pivote.<br \/>\n\u2022 Conception \u00e0 l&rsquo;\u00e9chelle 1:16<br \/>\n\u2022 \u00c2ges : 3+<\/p>\n","protected":false},"excerpt":{"rendered":"<p>Le Farmall 115A ZFN44254 r\u00e9cemment r\u00e9\u00e9quip\u00e9 comprend une carrosserie moul\u00e9e sous pression, un essieu avant et une barre ROPS. Les autres caract\u00e9ristiques comprennent un capot, une calandre et des ailes en plastique, ainsi que des pneus souples mont\u00e9s sur des roues en plastique et moul\u00e9es sous pression. Le tracteur est dot\u00e9 d&rsquo;un essieu avant oscillant, &hellip; <a href=\"http:\/\/wp-pgs-equipements-adrien-phaneuf.elidevapp1aws.elisys-servers.ca\/fr\/produit\/116-farmall-115a-avec-chargeur-l575-zfn44254\/\">Suite<\/a><\/p>\n","protected":false},"featured_media":52383,"template":"","meta":[],"product-sub-category":[227],"brand":[111],"product-third-category":[],"acf":{"product_stock_upton":"4","product_stock_marieville":"1","product_stock_shefford":"2","product_stock_victoriaville":"4","product_stock_durantaye":"","product_stock_stematine":"0","product_stock_stclet":"","product_stock_huntingdon":"","product_vendor":"CAS","child_inventory_variation":""},"_links":{"self":[{"href":"http:\/\/wp-pgs-equipements-adrien-phaneuf.elidevapp1aws.elisys-servers.ca\/fr\/wp-json\/wp\/v2\/product\/50374"}],"collection":[{"href":"http:\/\/wp-pgs-equipements-adrien-phaneuf.elidevapp1aws.elisys-servers.ca\/fr\/wp-json\/wp\/v2\/product"}],"about":[{"href":"http:\/\/wp-pgs-equipements-adrien-phaneuf.elidevapp1aws.elisys-servers.ca\/fr\/wp-json\/wp\/v2\/types\/product"}],"wp:featuredmedia":[{"embeddable":true,"href":"http:\/\/wp-pgs-equipements-adrien-phaneuf.elidevapp1aws.elisys-servers.ca\/fr\/wp-json\/wp\/v2\/media\/52383"}],"wp:attachment":[{"href":"http:\/\/wp-pgs-equipements-adrien-phaneuf.elidevapp1aws.elisys-servers.ca\/fr\/wp-json\/wp\/v2\/media?parent=50374"}],"wp:term":[{"taxonomy":"product-sub-category","embeddable":true,"href":"http:\/\/wp-pgs-equipements-adrien-phaneuf.elidevapp1aws.elisys-servers.ca\/fr\/wp-json\/wp\/v2\/product-sub-category?post=50374"},{"taxonomy":"brand","embeddable":true,"href":"http:\/\/wp-pgs-equipements-adrien-phaneuf.elidevapp1aws.elisys-servers.ca\/fr\/wp-json\/wp\/v2\/brand?post=50374"},{"taxonomy":"product-third-category","embeddable":true,"href":"http:\/\/wp-pgs-equipements-adrien-phaneuf.elidevapp1aws.elisys-servers.ca\/fr\/wp-json\/wp\/v2\/product-third-category?post=50374"}],"curies":[{"name":"wp","href":"https:\/\/api.w.org\/{rel}","templated":true}]}}