{"id":50390,"date":"2023-10-18T16:21:13","date_gmt":"2023-10-18T20:21:13","guid":{"rendered":"http:\/\/wp-pgs-equipements-adrien-phaneuf.elidevapp1aws.elisys-servers.ca\/?post_type=product&#038;p=50390"},"modified":"2025-09-09T06:06:58","modified_gmt":"2025-09-09T10:06:58","slug":"porte-cles-moule-sous-pression-case-ih-axial-flow-9240-uh5834","status":"publish","type":"product","link":"http:\/\/wp-pgs-equipements-adrien-phaneuf.elidevapp1aws.elisys-servers.ca\/fr\/produit\/porte-cles-moule-sous-pression-case-ih-axial-flow-9240-uh5834\/","title":{"rendered":"Porte-cl\u00e9s moul\u00e9 sous pression Case IH Axial-Flow 9240 (UH5834)"},"content":{"rendered":"<p>Le Case IH Axial-Flow 9240 UH5834 est dot\u00e9 d&rsquo;une tampographie, plut\u00f4t que de d\u00e9calcomanies, pour fournir des d\u00e9tails permanents de haute qualit\u00e9 qui ne se d\u00e9colorent pas et ne se d\u00e9collent pas.<br \/>\n\u2022 Porte-cl\u00e9s moul\u00e9 sous pression d&rsquo;Universal Hobbies<br \/>\n\u2022 \u00c2ges : 14+<\/p>\n","protected":false},"excerpt":{"rendered":"<p>Le Case IH Axial-Flow 9240 UH5834 est dot\u00e9 d&rsquo;une tampographie, plut\u00f4t que de d\u00e9calcomanies, pour fournir des d\u00e9tails permanents de haute qualit\u00e9 qui ne se d\u00e9colorent pas et ne se d\u00e9collent pas. \u2022 Porte-cl\u00e9s moul\u00e9 sous pression d&rsquo;Universal Hobbies \u2022 \u00c2ges : 14+<\/p>\n","protected":false},"featured_media":52379,"template":"","meta":[],"product-sub-category":[263],"brand":[111],"product-third-category":[],"acf":{"product_stock_upton":"0","product_stock_marieville":"1","product_stock_shefford":"","product_stock_victoriaville":"","product_stock_durantaye":"","product_stock_stematine":"0","product_stock_stclet":"0","product_stock_huntingdon":"","product_vendor":"CAS","child_inventory_variation":""},"_links":{"self":[{"href":"http:\/\/wp-pgs-equipements-adrien-phaneuf.elidevapp1aws.elisys-servers.ca\/fr\/wp-json\/wp\/v2\/product\/50390"}],"collection":[{"href":"http:\/\/wp-pgs-equipements-adrien-phaneuf.elidevapp1aws.elisys-servers.ca\/fr\/wp-json\/wp\/v2\/product"}],"about":[{"href":"http:\/\/wp-pgs-equipements-adrien-phaneuf.elidevapp1aws.elisys-servers.ca\/fr\/wp-json\/wp\/v2\/types\/product"}],"wp:featuredmedia":[{"embeddable":true,"href":"http:\/\/wp-pgs-equipements-adrien-phaneuf.elidevapp1aws.elisys-servers.ca\/fr\/wp-json\/wp\/v2\/media\/52379"}],"wp:attachment":[{"href":"http:\/\/wp-pgs-equipements-adrien-phaneuf.elidevapp1aws.elisys-servers.ca\/fr\/wp-json\/wp\/v2\/media?parent=50390"}],"wp:term":[{"taxonomy":"product-sub-category","embeddable":true,"href":"http:\/\/wp-pgs-equipements-adrien-phaneuf.elidevapp1aws.elisys-servers.ca\/fr\/wp-json\/wp\/v2\/product-sub-category?post=50390"},{"taxonomy":"brand","embeddable":true,"href":"http:\/\/wp-pgs-equipements-adrien-phaneuf.elidevapp1aws.elisys-servers.ca\/fr\/wp-json\/wp\/v2\/brand?post=50390"},{"taxonomy":"product-third-category","embeddable":true,"href":"http:\/\/wp-pgs-equipements-adrien-phaneuf.elidevapp1aws.elisys-servers.ca\/fr\/wp-json\/wp\/v2\/product-third-category?post=50390"}],"curies":[{"name":"wp","href":"https:\/\/api.w.org\/{rel}","templated":true}]}}