{"id":50401,"date":"2023-10-18T16:26:33","date_gmt":"2023-10-18T20:26:33","guid":{"rendered":"http:\/\/wp-pgs-equipements-adrien-phaneuf.elidevapp1aws.elisys-servers.ca\/?post_type=product&#038;p=50401"},"modified":"2025-09-30T06:06:03","modified_gmt":"2025-09-30T10:06:03","slug":"porte-cles-moule-sous-pression-case-ih-1455-xl-generation-v-uh5843","status":"publish","type":"product","link":"http:\/\/wp-pgs-equipements-adrien-phaneuf.elidevapp1aws.elisys-servers.ca\/fr\/produit\/porte-cles-moule-sous-pression-case-ih-1455-xl-generation-v-uh5843\/","title":{"rendered":"Porte-cl\u00e9s moul\u00e9 sous pression Case IH 1455 XL g\u00e9n\u00e9ration V (UH5843)"},"content":{"rendered":"<p>Le Case IH 1455 XL UH5843 est dot\u00e9 d&rsquo;une tampographie, plut\u00f4t que de d\u00e9calcomanies, pour fournir des d\u00e9tails permanents de haute qualit\u00e9 qui ne se d\u00e9colorent pas et ne se d\u00e9collent pas.<br \/>\n\u2022 Porte-cl\u00e9s moul\u00e9 sous pression d&rsquo;Universal Hobbies<br \/>\n\u2022 \u00c2ges : 14+<\/p>\n","protected":false},"excerpt":{"rendered":"<p>Le Case IH 1455 XL UH5843 est dot\u00e9 d&rsquo;une tampographie, plut\u00f4t que de d\u00e9calcomanies, pour fournir des d\u00e9tails permanents de haute qualit\u00e9 qui ne se d\u00e9colorent pas et ne se d\u00e9collent pas. \u2022 Porte-cl\u00e9s moul\u00e9 sous pression d&rsquo;Universal Hobbies \u2022 \u00c2ges : 14+<\/p>\n","protected":false},"featured_media":52377,"template":"","meta":[],"product-sub-category":[263],"brand":[111],"product-third-category":[],"acf":{"product_stock_upton":"1","product_stock_marieville":"","product_stock_shefford":"","product_stock_victoriaville":"","product_stock_durantaye":"","product_stock_stematine":"","product_stock_stclet":"","product_stock_huntingdon":"","product_vendor":"CAS","child_inventory_variation":""},"_links":{"self":[{"href":"http:\/\/wp-pgs-equipements-adrien-phaneuf.elidevapp1aws.elisys-servers.ca\/fr\/wp-json\/wp\/v2\/product\/50401"}],"collection":[{"href":"http:\/\/wp-pgs-equipements-adrien-phaneuf.elidevapp1aws.elisys-servers.ca\/fr\/wp-json\/wp\/v2\/product"}],"about":[{"href":"http:\/\/wp-pgs-equipements-adrien-phaneuf.elidevapp1aws.elisys-servers.ca\/fr\/wp-json\/wp\/v2\/types\/product"}],"wp:featuredmedia":[{"embeddable":true,"href":"http:\/\/wp-pgs-equipements-adrien-phaneuf.elidevapp1aws.elisys-servers.ca\/fr\/wp-json\/wp\/v2\/media\/52377"}],"wp:attachment":[{"href":"http:\/\/wp-pgs-equipements-adrien-phaneuf.elidevapp1aws.elisys-servers.ca\/fr\/wp-json\/wp\/v2\/media?parent=50401"}],"wp:term":[{"taxonomy":"product-sub-category","embeddable":true,"href":"http:\/\/wp-pgs-equipements-adrien-phaneuf.elidevapp1aws.elisys-servers.ca\/fr\/wp-json\/wp\/v2\/product-sub-category?post=50401"},{"taxonomy":"brand","embeddable":true,"href":"http:\/\/wp-pgs-equipements-adrien-phaneuf.elidevapp1aws.elisys-servers.ca\/fr\/wp-json\/wp\/v2\/brand?post=50401"},{"taxonomy":"product-third-category","embeddable":true,"href":"http:\/\/wp-pgs-equipements-adrien-phaneuf.elidevapp1aws.elisys-servers.ca\/fr\/wp-json\/wp\/v2\/product-third-category?post=50401"}],"curies":[{"name":"wp","href":"https:\/\/api.w.org\/{rel}","templated":true}]}}