{"id":50580,"date":"2023-10-27T14:54:37","date_gmt":"2023-10-27T18:54:37","guid":{"rendered":"http:\/\/wp-pgs-equipements-adrien-phaneuf.elidevapp1aws.elisys-servers.ca\/?post_type=product&#038;p=50580"},"modified":"2025-09-30T06:06:06","modified_gmt":"2025-09-30T10:06:06","slug":"116-ih-966-zfn44281","status":"publish","type":"product","link":"http:\/\/wp-pgs-equipements-adrien-phaneuf.elidevapp1aws.elisys-servers.ca\/fr\/produit\/116-ih-966-zfn44281\/","title":{"rendered":"1:16 IH 966 (ZFN44281)"},"content":{"rendered":"<p>L&rsquo;IH 966 #ZFN44281 comprend une station ouverte, un essieu avant \u00e9troit, une d\u00e9coration \u00e0 rayures noires, des ailes sup\u00e9rieures plates et 10 poids avant individuels. Les autres caract\u00e9ristiques comprennent des roues avant et arri\u00e8re moul\u00e9es sous pression, des masses d&rsquo;\u00e9quilibrage des roues arri\u00e8re et une barre d&rsquo;attelage arri\u00e8re de style authentique.<\/p>\n<p>\u2022 Conception \u00e0 l&rsquo;\u00e9chelle 1:16<br \/>\n\u2022 \u00c2ges : 14+<\/p>\n","protected":false},"excerpt":{"rendered":"<p>L&rsquo;IH 966 #ZFN44281 comprend une station ouverte, un essieu avant \u00e9troit, une d\u00e9coration \u00e0 rayures noires, des ailes sup\u00e9rieures plates et 10 poids avant individuels. Les autres caract\u00e9ristiques comprennent des roues avant et arri\u00e8re moul\u00e9es sous pression, des masses d&rsquo;\u00e9quilibrage des roues arri\u00e8re et une barre d&rsquo;attelage arri\u00e8re de style authentique. \u2022 Conception \u00e0 l&rsquo;\u00e9chelle &hellip; <a href=\"http:\/\/wp-pgs-equipements-adrien-phaneuf.elidevapp1aws.elisys-servers.ca\/fr\/produit\/116-ih-966-zfn44281\/\">Suite<\/a><\/p>\n","protected":false},"featured_media":52355,"template":"","meta":[],"product-sub-category":[374],"brand":[111],"product-third-category":[],"acf":{"product_stock_upton":"","product_stock_marieville":"","product_stock_shefford":"","product_stock_victoriaville":"","product_stock_durantaye":"","product_stock_stematine":"0","product_stock_stclet":"","product_stock_huntingdon":"1","product_vendor":"CAS","child_inventory_variation":""},"_links":{"self":[{"href":"http:\/\/wp-pgs-equipements-adrien-phaneuf.elidevapp1aws.elisys-servers.ca\/fr\/wp-json\/wp\/v2\/product\/50580"}],"collection":[{"href":"http:\/\/wp-pgs-equipements-adrien-phaneuf.elidevapp1aws.elisys-servers.ca\/fr\/wp-json\/wp\/v2\/product"}],"about":[{"href":"http:\/\/wp-pgs-equipements-adrien-phaneuf.elidevapp1aws.elisys-servers.ca\/fr\/wp-json\/wp\/v2\/types\/product"}],"wp:featuredmedia":[{"embeddable":true,"href":"http:\/\/wp-pgs-equipements-adrien-phaneuf.elidevapp1aws.elisys-servers.ca\/fr\/wp-json\/wp\/v2\/media\/52355"}],"wp:attachment":[{"href":"http:\/\/wp-pgs-equipements-adrien-phaneuf.elidevapp1aws.elisys-servers.ca\/fr\/wp-json\/wp\/v2\/media?parent=50580"}],"wp:term":[{"taxonomy":"product-sub-category","embeddable":true,"href":"http:\/\/wp-pgs-equipements-adrien-phaneuf.elidevapp1aws.elisys-servers.ca\/fr\/wp-json\/wp\/v2\/product-sub-category?post=50580"},{"taxonomy":"brand","embeddable":true,"href":"http:\/\/wp-pgs-equipements-adrien-phaneuf.elidevapp1aws.elisys-servers.ca\/fr\/wp-json\/wp\/v2\/brand?post=50580"},{"taxonomy":"product-third-category","embeddable":true,"href":"http:\/\/wp-pgs-equipements-adrien-phaneuf.elidevapp1aws.elisys-servers.ca\/fr\/wp-json\/wp\/v2\/product-third-category?post=50580"}],"curies":[{"name":"wp","href":"https:\/\/api.w.org\/{rel}","templated":true}]}}