{"id":50604,"date":"2023-10-27T15:44:23","date_gmt":"2023-10-27T19:44:23","guid":{"rendered":"http:\/\/wp-pgs-equipements-adrien-phaneuf.elidevapp1aws.elisys-servers.ca\/?post_type=product&#038;p=50604"},"modified":"2025-09-30T06:06:07","modified_gmt":"2025-09-30T10:06:07","slug":"116-farmall-super-md-avec-ruban-bleu-collection-prestige-zfn44286","status":"publish","type":"product","link":"http:\/\/wp-pgs-equipements-adrien-phaneuf.elidevapp1aws.elisys-servers.ca\/fr\/produit\/116-farmall-super-md-avec-ruban-bleu-collection-prestige-zfn44286\/","title":{"rendered":"1:16 Farmall Super MD avec ruban bleu &#8211; Collection Prestige (ZFN44286)"},"content":{"rendered":"<p>Le Farmall Super MD #ZFN44286 comprend une carrosserie moul\u00e9e sous pression avec des d\u00e9tails de moteur diesel, un essieu avant \u00e9troit avec des pneus arri\u00e8re simples sur des jantes moul\u00e9es sous pression et un attelage arri\u00e8re r\u00e9aliste. Les logos \u00ab Ruban bleu \u00bb sont pr\u00e9sents sur les c\u00f4t\u00e9s de la capuche. Les autres caract\u00e9ristiques incluent une poulie \u00e0 courroie et des d\u00e9tails de phares.<\/p>\n<p>\u2022 Conception \u00e0 l&rsquo;\u00e9chelle 1:64<br \/>\n\u2022 \u00c2ges : 14+<\/p>\n","protected":false},"excerpt":{"rendered":"<p>Le Farmall Super MD #ZFN44286 comprend une carrosserie moul\u00e9e sous pression avec des d\u00e9tails de moteur diesel, un essieu avant \u00e9troit avec des pneus arri\u00e8re simples sur des jantes moul\u00e9es sous pression et un attelage arri\u00e8re r\u00e9aliste. Les logos \u00ab Ruban bleu \u00bb sont pr\u00e9sents sur les c\u00f4t\u00e9s de la capuche. Les autres caract\u00e9ristiques incluent &hellip; <a href=\"http:\/\/wp-pgs-equipements-adrien-phaneuf.elidevapp1aws.elisys-servers.ca\/fr\/produit\/116-farmall-super-md-avec-ruban-bleu-collection-prestige-zfn44286\/\">Suite<\/a><\/p>\n","protected":false},"featured_media":52351,"template":"","meta":[],"product-sub-category":[374],"brand":[111],"product-third-category":[],"acf":{"product_stock_upton":"3","product_stock_marieville":"","product_stock_shefford":"","product_stock_victoriaville":"2","product_stock_durantaye":"","product_stock_stematine":"1","product_stock_stclet":"","product_stock_huntingdon":"1","product_vendor":"CAS","child_inventory_variation":""},"_links":{"self":[{"href":"http:\/\/wp-pgs-equipements-adrien-phaneuf.elidevapp1aws.elisys-servers.ca\/fr\/wp-json\/wp\/v2\/product\/50604"}],"collection":[{"href":"http:\/\/wp-pgs-equipements-adrien-phaneuf.elidevapp1aws.elisys-servers.ca\/fr\/wp-json\/wp\/v2\/product"}],"about":[{"href":"http:\/\/wp-pgs-equipements-adrien-phaneuf.elidevapp1aws.elisys-servers.ca\/fr\/wp-json\/wp\/v2\/types\/product"}],"wp:featuredmedia":[{"embeddable":true,"href":"http:\/\/wp-pgs-equipements-adrien-phaneuf.elidevapp1aws.elisys-servers.ca\/fr\/wp-json\/wp\/v2\/media\/52351"}],"wp:attachment":[{"href":"http:\/\/wp-pgs-equipements-adrien-phaneuf.elidevapp1aws.elisys-servers.ca\/fr\/wp-json\/wp\/v2\/media?parent=50604"}],"wp:term":[{"taxonomy":"product-sub-category","embeddable":true,"href":"http:\/\/wp-pgs-equipements-adrien-phaneuf.elidevapp1aws.elisys-servers.ca\/fr\/wp-json\/wp\/v2\/product-sub-category?post=50604"},{"taxonomy":"brand","embeddable":true,"href":"http:\/\/wp-pgs-equipements-adrien-phaneuf.elidevapp1aws.elisys-servers.ca\/fr\/wp-json\/wp\/v2\/brand?post=50604"},{"taxonomy":"product-third-category","embeddable":true,"href":"http:\/\/wp-pgs-equipements-adrien-phaneuf.elidevapp1aws.elisys-servers.ca\/fr\/wp-json\/wp\/v2\/product-third-category?post=50604"}],"curies":[{"name":"wp","href":"https:\/\/api.w.org\/{rel}","templated":true}]}}