{"id":50628,"date":"2023-10-30T10:58:16","date_gmt":"2023-10-30T14:58:16","guid":{"rendered":"http:\/\/wp-pgs-equipements-adrien-phaneuf.elidevapp1aws.elisys-servers.ca\/?post_type=product&#038;p=50628"},"modified":"2024-12-19T06:05:25","modified_gmt":"2024-12-19T11:05:25","slug":"116-case-ih-afs-connect-magnum-380-demonstrateur-zfn44294","status":"publish","type":"product","link":"http:\/\/wp-pgs-equipements-adrien-phaneuf.elidevapp1aws.elisys-servers.ca\/fr\/produit\/116-case-ih-afs-connect-magnum-380-demonstrateur-zfn44294\/","title":{"rendered":"1:16 Case IH AFS Connect Magnum 380 D\u00e9monstrateur (ZFN44294)"},"content":{"rendered":"<p>Le Case IH Magnum 380 est dot\u00e9 d&rsquo;une peinture sp\u00e9ciale D\u00e9monstrateur, de roues doubles avant et arri\u00e8re, d&rsquo;un capot ouvrant, d&rsquo;un essieu avant oscillant, de pneus avant orientables, d&rsquo;un attelage 3 points qui monte et descend et d&rsquo;une barre d&rsquo;attelage arri\u00e8re de style authentique avec sangle marteau.<\/p>\n<p>\u2022 Conception \u00e0 l&rsquo;\u00e9chelle 1:16<br \/>\n\u2022 \u00c2ges : 14+<\/p>\n","protected":false},"excerpt":{"rendered":"<p>Le Case IH Magnum 380 est dot\u00e9 d&rsquo;une peinture sp\u00e9ciale D\u00e9monstrateur, de roues doubles avant et arri\u00e8re, d&rsquo;un capot ouvrant, d&rsquo;un essieu avant oscillant, de pneus avant orientables, d&rsquo;un attelage 3 points qui monte et descend et d&rsquo;une barre d&rsquo;attelage arri\u00e8re de style authentique avec sangle marteau. \u2022 Conception \u00e0 l&rsquo;\u00e9chelle 1:16 \u2022 \u00c2ges : &hellip; <a href=\"http:\/\/wp-pgs-equipements-adrien-phaneuf.elidevapp1aws.elisys-servers.ca\/fr\/produit\/116-case-ih-afs-connect-magnum-380-demonstrateur-zfn44294\/\">Suite<\/a><\/p>\n","protected":false},"featured_media":52343,"template":"","meta":[],"product-sub-category":[374],"brand":[111],"product-third-category":[],"acf":{"product_stock_upton":"","product_stock_marieville":"","product_stock_shefford":"","product_stock_victoriaville":"0","product_stock_durantaye":"","product_stock_stematine":"","product_stock_stclet":"0","product_stock_huntingdon":"","product_vendor":"CAS","child_inventory_variation":""},"_links":{"self":[{"href":"http:\/\/wp-pgs-equipements-adrien-phaneuf.elidevapp1aws.elisys-servers.ca\/fr\/wp-json\/wp\/v2\/product\/50628"}],"collection":[{"href":"http:\/\/wp-pgs-equipements-adrien-phaneuf.elidevapp1aws.elisys-servers.ca\/fr\/wp-json\/wp\/v2\/product"}],"about":[{"href":"http:\/\/wp-pgs-equipements-adrien-phaneuf.elidevapp1aws.elisys-servers.ca\/fr\/wp-json\/wp\/v2\/types\/product"}],"wp:featuredmedia":[{"embeddable":true,"href":"http:\/\/wp-pgs-equipements-adrien-phaneuf.elidevapp1aws.elisys-servers.ca\/fr\/wp-json\/wp\/v2\/media\/52343"}],"wp:attachment":[{"href":"http:\/\/wp-pgs-equipements-adrien-phaneuf.elidevapp1aws.elisys-servers.ca\/fr\/wp-json\/wp\/v2\/media?parent=50628"}],"wp:term":[{"taxonomy":"product-sub-category","embeddable":true,"href":"http:\/\/wp-pgs-equipements-adrien-phaneuf.elidevapp1aws.elisys-servers.ca\/fr\/wp-json\/wp\/v2\/product-sub-category?post=50628"},{"taxonomy":"brand","embeddable":true,"href":"http:\/\/wp-pgs-equipements-adrien-phaneuf.elidevapp1aws.elisys-servers.ca\/fr\/wp-json\/wp\/v2\/brand?post=50628"},{"taxonomy":"product-third-category","embeddable":true,"href":"http:\/\/wp-pgs-equipements-adrien-phaneuf.elidevapp1aws.elisys-servers.ca\/fr\/wp-json\/wp\/v2\/product-third-category?post=50628"}],"curies":[{"name":"wp","href":"https:\/\/api.w.org\/{rel}","templated":true}]}}