{"id":50823,"date":"2023-11-06T16:49:17","date_gmt":"2023-11-06T21:49:17","guid":{"rendered":"http:\/\/wp-pgs-equipements-adrien-phaneuf.elidevapp1aws.elisys-servers.ca\/?post_type=product&#038;p=50823"},"modified":"2025-09-30T06:06:17","modified_gmt":"2025-09-30T10:06:17","slug":"116-tracteur-telecommande-case-ih-maxxum-150-zfn47392","status":"publish","type":"product","link":"http:\/\/wp-pgs-equipements-adrien-phaneuf.elidevapp1aws.elisys-servers.ca\/fr\/produit\/116-tracteur-telecommande-case-ih-maxxum-150-zfn47392\/","title":{"rendered":"1:16 Tracteur t\u00e9l\u00e9command\u00e9 Case IH Maxxum 150 (ZFN47392)"},"content":{"rendered":"<p>Ce tracteur t\u00e9l\u00e9command\u00e9 Case IH Maxxum 150 comprend une cabine et un int\u00e9rieur d\u00e9taill\u00e9s avec des roues en caoutchouc pour \u00e9viter les rayures. Le corps est fabriqu\u00e9 en plastique durable pour r\u00e9sister \u00e0 des heures de jeu agricole. Les enfants adoreront les effets sonores et lumineux r\u00e9alistes qu\u2019ils peuvent contr\u00f4ler en appuyant simplement sur un bouton.<\/p>\n<p>\u2022 Conception \u00e0 l&rsquo;\u00e9chelle 1:16<br \/>\n\u2022 \u00c2ges\u00a0: 8\u00a0ans et plus<\/p>\n","protected":false},"excerpt":{"rendered":"<p>Ce tracteur t\u00e9l\u00e9command\u00e9 Case IH Maxxum 150 comprend une cabine et un int\u00e9rieur d\u00e9taill\u00e9s avec des roues en caoutchouc pour \u00e9viter les rayures. Le corps est fabriqu\u00e9 en plastique durable pour r\u00e9sister \u00e0 des heures de jeu agricole. Les enfants adoreront les effets sonores et lumineux r\u00e9alistes qu\u2019ils peuvent contr\u00f4ler en appuyant simplement sur un &hellip; <a href=\"http:\/\/wp-pgs-equipements-adrien-phaneuf.elidevapp1aws.elisys-servers.ca\/fr\/produit\/116-tracteur-telecommande-case-ih-maxxum-150-zfn47392\/\">Suite<\/a><\/p>\n","protected":false},"featured_media":52291,"template":"","meta":[],"product-sub-category":[227],"brand":[111],"product-third-category":[],"acf":{"product_stock_upton":"0","product_stock_marieville":"0","product_stock_shefford":"1","product_stock_victoriaville":"0","product_stock_durantaye":"0","product_stock_stematine":"","product_stock_stclet":"0","product_stock_huntingdon":"","product_vendor":"CAS","child_inventory_variation":""},"_links":{"self":[{"href":"http:\/\/wp-pgs-equipements-adrien-phaneuf.elidevapp1aws.elisys-servers.ca\/fr\/wp-json\/wp\/v2\/product\/50823"}],"collection":[{"href":"http:\/\/wp-pgs-equipements-adrien-phaneuf.elidevapp1aws.elisys-servers.ca\/fr\/wp-json\/wp\/v2\/product"}],"about":[{"href":"http:\/\/wp-pgs-equipements-adrien-phaneuf.elidevapp1aws.elisys-servers.ca\/fr\/wp-json\/wp\/v2\/types\/product"}],"wp:featuredmedia":[{"embeddable":true,"href":"http:\/\/wp-pgs-equipements-adrien-phaneuf.elidevapp1aws.elisys-servers.ca\/fr\/wp-json\/wp\/v2\/media\/52291"}],"wp:attachment":[{"href":"http:\/\/wp-pgs-equipements-adrien-phaneuf.elidevapp1aws.elisys-servers.ca\/fr\/wp-json\/wp\/v2\/media?parent=50823"}],"wp:term":[{"taxonomy":"product-sub-category","embeddable":true,"href":"http:\/\/wp-pgs-equipements-adrien-phaneuf.elidevapp1aws.elisys-servers.ca\/fr\/wp-json\/wp\/v2\/product-sub-category?post=50823"},{"taxonomy":"brand","embeddable":true,"href":"http:\/\/wp-pgs-equipements-adrien-phaneuf.elidevapp1aws.elisys-servers.ca\/fr\/wp-json\/wp\/v2\/brand?post=50823"},{"taxonomy":"product-third-category","embeddable":true,"href":"http:\/\/wp-pgs-equipements-adrien-phaneuf.elidevapp1aws.elisys-servers.ca\/fr\/wp-json\/wp\/v2\/product-third-category?post=50823"}],"curies":[{"name":"wp","href":"https:\/\/api.w.org\/{rel}","templated":true}]}}