{"id":50918,"date":"2023-11-20T11:57:01","date_gmt":"2023-11-20T16:57:01","guid":{"rendered":"http:\/\/wp-pgs-equipements-adrien-phaneuf.elidevapp1aws.elisys-servers.ca\/?post_type=product&#038;p=50918"},"modified":"2025-09-30T06:06:20","modified_gmt":"2025-09-30T10:06:20","slug":"116-broyeur-melangeur-international-harvester-950-zjd1890","status":"publish","type":"product","link":"http:\/\/wp-pgs-equipements-adrien-phaneuf.elidevapp1aws.elisys-servers.ca\/fr\/produit\/116-broyeur-melangeur-international-harvester-950-zjd1890\/","title":{"rendered":"1:16 Broyeur-m\u00e9langeur International Harvester 950 (ZJD1890)"},"content":{"rendered":"<p>Fabriqu\u00e9 par Spec Cast, ce broyeur-m\u00e9langeur International Harvester 950 est dot\u00e9 de tari\u00e8res r\u00e9glables. Peut s&rsquo;accrocher \u00e0 la plupart des tracteurs \u00e0 l&rsquo;\u00e9chelle 1\/16. Le m\u00e9langeur est fabriqu\u00e9 en m\u00e9tal moul\u00e9 sous pression avec des pi\u00e8ces en plastique et des roues en caoutchouc.<\/p>\n<p>\u2022 \u00c2ges : 14+<\/p>\n","protected":false},"excerpt":{"rendered":"<p>Fabriqu\u00e9 par Spec Cast, ce broyeur-m\u00e9langeur International Harvester 950 est dot\u00e9 de tari\u00e8res r\u00e9glables. Peut s&rsquo;accrocher \u00e0 la plupart des tracteurs \u00e0 l&rsquo;\u00e9chelle 1\/16. Le m\u00e9langeur est fabriqu\u00e9 en m\u00e9tal moul\u00e9 sous pression avec des pi\u00e8ces en plastique et des roues en caoutchouc. \u2022 \u00c2ges : 14+<\/p>\n","protected":false},"featured_media":52286,"template":"","meta":[],"product-sub-category":[374],"brand":[111],"product-third-category":[],"acf":{"product_stock_upton":"1","product_stock_marieville":"","product_stock_shefford":"","product_stock_victoriaville":"","product_stock_durantaye":"","product_stock_stematine":"0","product_stock_stclet":"","product_stock_huntingdon":"","product_vendor":"CAS","child_inventory_variation":""},"_links":{"self":[{"href":"http:\/\/wp-pgs-equipements-adrien-phaneuf.elidevapp1aws.elisys-servers.ca\/fr\/wp-json\/wp\/v2\/product\/50918"}],"collection":[{"href":"http:\/\/wp-pgs-equipements-adrien-phaneuf.elidevapp1aws.elisys-servers.ca\/fr\/wp-json\/wp\/v2\/product"}],"about":[{"href":"http:\/\/wp-pgs-equipements-adrien-phaneuf.elidevapp1aws.elisys-servers.ca\/fr\/wp-json\/wp\/v2\/types\/product"}],"wp:featuredmedia":[{"embeddable":true,"href":"http:\/\/wp-pgs-equipements-adrien-phaneuf.elidevapp1aws.elisys-servers.ca\/fr\/wp-json\/wp\/v2\/media\/52286"}],"wp:attachment":[{"href":"http:\/\/wp-pgs-equipements-adrien-phaneuf.elidevapp1aws.elisys-servers.ca\/fr\/wp-json\/wp\/v2\/media?parent=50918"}],"wp:term":[{"taxonomy":"product-sub-category","embeddable":true,"href":"http:\/\/wp-pgs-equipements-adrien-phaneuf.elidevapp1aws.elisys-servers.ca\/fr\/wp-json\/wp\/v2\/product-sub-category?post=50918"},{"taxonomy":"brand","embeddable":true,"href":"http:\/\/wp-pgs-equipements-adrien-phaneuf.elidevapp1aws.elisys-servers.ca\/fr\/wp-json\/wp\/v2\/brand?post=50918"},{"taxonomy":"product-third-category","embeddable":true,"href":"http:\/\/wp-pgs-equipements-adrien-phaneuf.elidevapp1aws.elisys-servers.ca\/fr\/wp-json\/wp\/v2\/product-third-category?post=50918"}],"curies":[{"name":"wp","href":"https:\/\/api.w.org\/{rel}","templated":true}]}}