{"id":50930,"date":"2023-11-20T12:20:15","date_gmt":"2023-11-20T17:20:15","guid":{"rendered":"http:\/\/wp-pgs-equipements-adrien-phaneuf.elidevapp1aws.elisys-servers.ca\/?post_type=product&#038;p=50930"},"modified":"2025-09-30T06:06:20","modified_gmt":"2025-09-30T10:06:20","slug":"116-demonstrateur-blanc-international-harvester-farmall-cub-zjd1907","status":"publish","type":"product","link":"http:\/\/wp-pgs-equipements-adrien-phaneuf.elidevapp1aws.elisys-servers.ca\/fr\/produit\/116-demonstrateur-blanc-international-harvester-farmall-cub-zjd1907\/","title":{"rendered":"1:16 D\u00e9monstrateur blanc International Harvester Farmall Cub (ZJD1907)"},"content":{"rendered":"<p>Le d\u00e9monstrateur blanc tr\u00e8s d\u00e9taill\u00e9 Farmall Cub de Internationale Harvester est fabriqu\u00e9 par SpecCast. Le tracteur est fabriqu\u00e9 en moulage sous pression avec des pi\u00e8ces en plastique et en caoutchouc. Des panneaux de d\u00e9monstration et de la publicit\u00e9 sont inclus.<br \/>\n\u2022 Mesure environ 6,5 pouces x 4 pouces x 4 pouces<br \/>\n\u2022 \u00c2ges : 14+<br \/>\n\u200b<\/p>\n","protected":false},"excerpt":{"rendered":"<p>Le d\u00e9monstrateur blanc tr\u00e8s d\u00e9taill\u00e9 Farmall Cub de Internationale Harvester est fabriqu\u00e9 par SpecCast. Le tracteur est fabriqu\u00e9 en moulage sous pression avec des pi\u00e8ces en plastique et en caoutchouc. Des panneaux de d\u00e9monstration et de la publicit\u00e9 sont inclus. \u2022 Mesure environ 6,5 pouces x 4 pouces x 4 pouces \u2022 \u00c2ges : 14+ &hellip; <a href=\"http:\/\/wp-pgs-equipements-adrien-phaneuf.elidevapp1aws.elisys-servers.ca\/fr\/produit\/116-demonstrateur-blanc-international-harvester-farmall-cub-zjd1907\/\">Suite<\/a><\/p>\n","protected":false},"featured_media":52282,"template":"","meta":[],"product-sub-category":[374],"brand":[111],"product-third-category":[],"acf":{"product_stock_upton":"1","product_stock_marieville":"5","product_stock_shefford":"","product_stock_victoriaville":"","product_stock_durantaye":"","product_stock_stematine":"1","product_stock_stclet":"","product_stock_huntingdon":"","product_vendor":"CAS","child_inventory_variation":""},"_links":{"self":[{"href":"http:\/\/wp-pgs-equipements-adrien-phaneuf.elidevapp1aws.elisys-servers.ca\/fr\/wp-json\/wp\/v2\/product\/50930"}],"collection":[{"href":"http:\/\/wp-pgs-equipements-adrien-phaneuf.elidevapp1aws.elisys-servers.ca\/fr\/wp-json\/wp\/v2\/product"}],"about":[{"href":"http:\/\/wp-pgs-equipements-adrien-phaneuf.elidevapp1aws.elisys-servers.ca\/fr\/wp-json\/wp\/v2\/types\/product"}],"wp:featuredmedia":[{"embeddable":true,"href":"http:\/\/wp-pgs-equipements-adrien-phaneuf.elidevapp1aws.elisys-servers.ca\/fr\/wp-json\/wp\/v2\/media\/52282"}],"wp:attachment":[{"href":"http:\/\/wp-pgs-equipements-adrien-phaneuf.elidevapp1aws.elisys-servers.ca\/fr\/wp-json\/wp\/v2\/media?parent=50930"}],"wp:term":[{"taxonomy":"product-sub-category","embeddable":true,"href":"http:\/\/wp-pgs-equipements-adrien-phaneuf.elidevapp1aws.elisys-servers.ca\/fr\/wp-json\/wp\/v2\/product-sub-category?post=50930"},{"taxonomy":"brand","embeddable":true,"href":"http:\/\/wp-pgs-equipements-adrien-phaneuf.elidevapp1aws.elisys-servers.ca\/fr\/wp-json\/wp\/v2\/brand?post=50930"},{"taxonomy":"product-third-category","embeddable":true,"href":"http:\/\/wp-pgs-equipements-adrien-phaneuf.elidevapp1aws.elisys-servers.ca\/fr\/wp-json\/wp\/v2\/product-third-category?post=50930"}],"curies":[{"name":"wp","href":"https:\/\/api.w.org\/{rel}","templated":true}]}}