{"id":50940,"date":"2023-11-20T14:54:29","date_gmt":"2023-11-20T19:54:29","guid":{"rendered":"http:\/\/wp-pgs-equipements-adrien-phaneuf.elidevapp1aws.elisys-servers.ca\/?post_type=product&#038;p=50940"},"modified":"2025-09-30T06:06:21","modified_gmt":"2025-09-30T10:06:21","slug":"116-tracteur-case-dc-3-avec-devant-etroit-zjd1917","status":"publish","type":"product","link":"http:\/\/wp-pgs-equipements-adrien-phaneuf.elidevapp1aws.elisys-servers.ca\/fr\/produit\/116-tracteur-case-dc-3-avec-devant-etroit-zjd1917\/","title":{"rendered":"1:16 Tracteur Case DC-3 avec devant \u00e9troit (ZJD1917)"},"content":{"rendered":"<p>\u2022 Station de cabine ouverte d\u00e9taill\u00e9e, roues avant articul\u00e9es et attelage \u00e0 3 points<br \/>\n\u2022 S\u00e9rie Classique<br \/>\n\u2022 Corps moul\u00e9 sous pression avec roues en caoutchouc, quelques pi\u00e8ces en plastique<br \/>\n\u2022 Mesure approximative\u00a0: 9,5 pouces de longueur x 4,75 pouces de largeur x 5,5 pouces de hauteur.<br \/>\n\u2022 Fabriqu\u00e9 par Spec Cast<br \/>\n\u2022 \u00c2ges : 14+<\/p>\n","protected":false},"excerpt":{"rendered":"<p>\u2022 Station de cabine ouverte d\u00e9taill\u00e9e, roues avant articul\u00e9es et attelage \u00e0 3 points \u2022 S\u00e9rie Classique \u2022 Corps moul\u00e9 sous pression avec roues en caoutchouc, quelques pi\u00e8ces en plastique \u2022 Mesure approximative\u00a0: 9,5 pouces de longueur x 4,75 pouces de largeur x 5,5 pouces de hauteur. \u2022 Fabriqu\u00e9 par Spec Cast \u2022 \u00c2ges : &hellip; <a href=\"http:\/\/wp-pgs-equipements-adrien-phaneuf.elidevapp1aws.elisys-servers.ca\/fr\/produit\/116-tracteur-case-dc-3-avec-devant-etroit-zjd1917\/\">Suite<\/a><\/p>\n","protected":false},"featured_media":52278,"template":"","meta":[],"product-sub-category":[374],"brand":[111],"product-third-category":[],"acf":{"product_stock_upton":"0","product_stock_marieville":"","product_stock_shefford":"","product_stock_victoriaville":"","product_stock_durantaye":"","product_stock_stematine":"1","product_stock_stclet":"","product_stock_huntingdon":"1","product_vendor":"CAS","child_inventory_variation":""},"_links":{"self":[{"href":"http:\/\/wp-pgs-equipements-adrien-phaneuf.elidevapp1aws.elisys-servers.ca\/fr\/wp-json\/wp\/v2\/product\/50940"}],"collection":[{"href":"http:\/\/wp-pgs-equipements-adrien-phaneuf.elidevapp1aws.elisys-servers.ca\/fr\/wp-json\/wp\/v2\/product"}],"about":[{"href":"http:\/\/wp-pgs-equipements-adrien-phaneuf.elidevapp1aws.elisys-servers.ca\/fr\/wp-json\/wp\/v2\/types\/product"}],"wp:featuredmedia":[{"embeddable":true,"href":"http:\/\/wp-pgs-equipements-adrien-phaneuf.elidevapp1aws.elisys-servers.ca\/fr\/wp-json\/wp\/v2\/media\/52278"}],"wp:attachment":[{"href":"http:\/\/wp-pgs-equipements-adrien-phaneuf.elidevapp1aws.elisys-servers.ca\/fr\/wp-json\/wp\/v2\/media?parent=50940"}],"wp:term":[{"taxonomy":"product-sub-category","embeddable":true,"href":"http:\/\/wp-pgs-equipements-adrien-phaneuf.elidevapp1aws.elisys-servers.ca\/fr\/wp-json\/wp\/v2\/product-sub-category?post=50940"},{"taxonomy":"brand","embeddable":true,"href":"http:\/\/wp-pgs-equipements-adrien-phaneuf.elidevapp1aws.elisys-servers.ca\/fr\/wp-json\/wp\/v2\/brand?post=50940"},{"taxonomy":"product-third-category","embeddable":true,"href":"http:\/\/wp-pgs-equipements-adrien-phaneuf.elidevapp1aws.elisys-servers.ca\/fr\/wp-json\/wp\/v2\/product-third-category?post=50940"}],"curies":[{"name":"wp","href":"https:\/\/api.w.org\/{rel}","templated":true}]}}