{"id":50952,"date":"2023-11-20T15:37:38","date_gmt":"2023-11-20T20:37:38","guid":{"rendered":"http:\/\/wp-pgs-equipements-adrien-phaneuf.elidevapp1aws.elisys-servers.ca\/?post_type=product&#038;p=50952"},"modified":"2025-09-30T06:06:21","modified_gmt":"2025-09-30T10:06:21","slug":"116-tracteur-avant-etroit-farmall-300-a-lechelle-zjd1923","status":"publish","type":"product","link":"http:\/\/wp-pgs-equipements-adrien-phaneuf.elidevapp1aws.elisys-servers.ca\/fr\/produit\/116-tracteur-avant-etroit-farmall-300-a-lechelle-zjd1923\/","title":{"rendered":"1:16 Tracteur avant \u00e9troit Farmall 300 \u00e0 l&rsquo;\u00e9chelle (ZJD1923)"},"content":{"rendered":"<p>Le tracteur \u00e0 front \u00e9troit Farmall 300 \u00e0 l&rsquo;\u00e9chelle 1:16 est une superbe repr\u00e9sentation miniature de cette machine agricole embl\u00e9matique. Chaque aspect, du moteur m\u00e9ticuleusement reproduit \u00e0 l&rsquo;int\u00e9rieur finement d\u00e9taill\u00e9, met en valeur le savoir-faire et l&rsquo;authenticit\u00e9 de ce mod\u00e8le. Avec sa configuration avant \u00e9troite, ce tracteur respire \u00e0 la fois puissance et pr\u00e9cision, ce qui en fait un incontournable pour les collectionneurs et les passionn\u00e9s.<\/p>\n<p>\u2022 Fabriqu\u00e9 par SpecCast<br \/>\n\u2022 Mod\u00e8le de tracteur moul\u00e9 sous pression tr\u00e8s d\u00e9taill\u00e9<br \/>\n\u2022\u00a014\u00a0ans et plus<\/p>\n","protected":false},"excerpt":{"rendered":"<p>Le tracteur \u00e0 front \u00e9troit Farmall 300 \u00e0 l&rsquo;\u00e9chelle 1:16 est une superbe repr\u00e9sentation miniature de cette machine agricole embl\u00e9matique. Chaque aspect, du moteur m\u00e9ticuleusement reproduit \u00e0 l&rsquo;int\u00e9rieur finement d\u00e9taill\u00e9, met en valeur le savoir-faire et l&rsquo;authenticit\u00e9 de ce mod\u00e8le. Avec sa configuration avant \u00e9troite, ce tracteur respire \u00e0 la fois puissance et pr\u00e9cision, ce &hellip; <a href=\"http:\/\/wp-pgs-equipements-adrien-phaneuf.elidevapp1aws.elisys-servers.ca\/fr\/produit\/116-tracteur-avant-etroit-farmall-300-a-lechelle-zjd1923\/\">Suite<\/a><\/p>\n","protected":false},"featured_media":52276,"template":"","meta":[],"product-sub-category":[374],"brand":[111],"product-third-category":[],"acf":{"product_stock_upton":"1","product_stock_marieville":"","product_stock_shefford":"","product_stock_victoriaville":"","product_stock_durantaye":"","product_stock_stematine":"0","product_stock_stclet":"","product_stock_huntingdon":"","product_vendor":"CAS","child_inventory_variation":""},"_links":{"self":[{"href":"http:\/\/wp-pgs-equipements-adrien-phaneuf.elidevapp1aws.elisys-servers.ca\/fr\/wp-json\/wp\/v2\/product\/50952"}],"collection":[{"href":"http:\/\/wp-pgs-equipements-adrien-phaneuf.elidevapp1aws.elisys-servers.ca\/fr\/wp-json\/wp\/v2\/product"}],"about":[{"href":"http:\/\/wp-pgs-equipements-adrien-phaneuf.elidevapp1aws.elisys-servers.ca\/fr\/wp-json\/wp\/v2\/types\/product"}],"wp:featuredmedia":[{"embeddable":true,"href":"http:\/\/wp-pgs-equipements-adrien-phaneuf.elidevapp1aws.elisys-servers.ca\/fr\/wp-json\/wp\/v2\/media\/52276"}],"wp:attachment":[{"href":"http:\/\/wp-pgs-equipements-adrien-phaneuf.elidevapp1aws.elisys-servers.ca\/fr\/wp-json\/wp\/v2\/media?parent=50952"}],"wp:term":[{"taxonomy":"product-sub-category","embeddable":true,"href":"http:\/\/wp-pgs-equipements-adrien-phaneuf.elidevapp1aws.elisys-servers.ca\/fr\/wp-json\/wp\/v2\/product-sub-category?post=50952"},{"taxonomy":"brand","embeddable":true,"href":"http:\/\/wp-pgs-equipements-adrien-phaneuf.elidevapp1aws.elisys-servers.ca\/fr\/wp-json\/wp\/v2\/brand?post=50952"},{"taxonomy":"product-third-category","embeddable":true,"href":"http:\/\/wp-pgs-equipements-adrien-phaneuf.elidevapp1aws.elisys-servers.ca\/fr\/wp-json\/wp\/v2\/product-third-category?post=50952"}],"curies":[{"name":"wp","href":"https:\/\/api.w.org\/{rel}","templated":true}]}}