{"id":50968,"date":"2023-11-20T15:45:00","date_gmt":"2023-11-20T20:45:00","guid":{"rendered":"http:\/\/wp-pgs-equipements-adrien-phaneuf.elidevapp1aws.elisys-servers.ca\/?post_type=product&#038;p=50968"},"modified":"2025-09-30T06:06:21","modified_gmt":"2025-09-30T10:06:21","slug":"116-ih-farmall-544-large-avant-avec-auvent-zjd1026","status":"publish","type":"product","link":"http:\/\/wp-pgs-equipements-adrien-phaneuf.elidevapp1aws.elisys-servers.ca\/fr\/produit\/116-ih-farmall-544-large-avant-avec-auvent-zjd1026\/","title":{"rendered":"1:16 IH Farmall 544 large avant avec auvent (ZJD1026)"},"content":{"rendered":"<p>Le Farmall 544 \u00e0 large fa\u00e7ade \u00e0 l&rsquo;\u00e9chelle 1:16 avec auvent est une superbe r\u00e9plique miniature du tracteur agricole classique. Avec une attention m\u00e9ticuleuse aux d\u00e9tails, ce mod\u00e8le pr\u00e9sente le design embl\u00e9matique de la large fa\u00e7ade et dispose d&rsquo;un auvent r\u00e9aliste. Chaque aspect, de la peinture \u00e9clatante aux composants complexes du moteur, capture l\u2019essence de ce cheval de bataille agricole bien-aim\u00e9.<\/p>\n<p>\u2022 Fabriqu\u00e9 par SpecCast<br \/>\n\u2022 Construction moul\u00e9e sous pression<br \/>\n\u2022 Comprend une large partie avant et un auvent<br \/>\n\u2022 Composants d\u00e9taill\u00e9s du moteur<br \/>\n\u2022 Roues avant articul\u00e9es<br \/>\n\u2022 Dimensions approximatives\u00a0:\u00a09,5 pouces de longueur x 4,75 pouces de largeur x 6,5 pouces de hauteur<br \/>\n\u2022 \u00c2ges : 14+<\/p>\n","protected":false},"excerpt":{"rendered":"<p>Le Farmall 544 \u00e0 large fa\u00e7ade \u00e0 l&rsquo;\u00e9chelle 1:16 avec auvent est une superbe r\u00e9plique miniature du tracteur agricole classique. Avec une attention m\u00e9ticuleuse aux d\u00e9tails, ce mod\u00e8le pr\u00e9sente le design embl\u00e9matique de la large fa\u00e7ade et dispose d&rsquo;un auvent r\u00e9aliste. Chaque aspect, de la peinture \u00e9clatante aux composants complexes du moteur, capture l\u2019essence de &hellip; <a href=\"http:\/\/wp-pgs-equipements-adrien-phaneuf.elidevapp1aws.elisys-servers.ca\/fr\/produit\/116-ih-farmall-544-large-avant-avec-auvent-zjd1026\/\">Suite<\/a><\/p>\n","protected":false},"featured_media":52274,"template":"","meta":[],"product-sub-category":[374],"brand":[111],"product-third-category":[],"acf":{"product_stock_upton":"1","product_stock_marieville":"","product_stock_shefford":"","product_stock_victoriaville":"","product_stock_durantaye":"","product_stock_stematine":"","product_stock_stclet":"","product_stock_huntingdon":"","product_vendor":"CAS","child_inventory_variation":""},"_links":{"self":[{"href":"http:\/\/wp-pgs-equipements-adrien-phaneuf.elidevapp1aws.elisys-servers.ca\/fr\/wp-json\/wp\/v2\/product\/50968"}],"collection":[{"href":"http:\/\/wp-pgs-equipements-adrien-phaneuf.elidevapp1aws.elisys-servers.ca\/fr\/wp-json\/wp\/v2\/product"}],"about":[{"href":"http:\/\/wp-pgs-equipements-adrien-phaneuf.elidevapp1aws.elisys-servers.ca\/fr\/wp-json\/wp\/v2\/types\/product"}],"wp:featuredmedia":[{"embeddable":true,"href":"http:\/\/wp-pgs-equipements-adrien-phaneuf.elidevapp1aws.elisys-servers.ca\/fr\/wp-json\/wp\/v2\/media\/52274"}],"wp:attachment":[{"href":"http:\/\/wp-pgs-equipements-adrien-phaneuf.elidevapp1aws.elisys-servers.ca\/fr\/wp-json\/wp\/v2\/media?parent=50968"}],"wp:term":[{"taxonomy":"product-sub-category","embeddable":true,"href":"http:\/\/wp-pgs-equipements-adrien-phaneuf.elidevapp1aws.elisys-servers.ca\/fr\/wp-json\/wp\/v2\/product-sub-category?post=50968"},{"taxonomy":"brand","embeddable":true,"href":"http:\/\/wp-pgs-equipements-adrien-phaneuf.elidevapp1aws.elisys-servers.ca\/fr\/wp-json\/wp\/v2\/brand?post=50968"},{"taxonomy":"product-third-category","embeddable":true,"href":"http:\/\/wp-pgs-equipements-adrien-phaneuf.elidevapp1aws.elisys-servers.ca\/fr\/wp-json\/wp\/v2\/product-third-category?post=50968"}],"curies":[{"name":"wp","href":"https:\/\/api.w.org\/{rel}","templated":true}]}}