{"id":50998,"date":"2023-11-20T16:05:45","date_gmt":"2023-11-20T21:05:45","guid":{"rendered":"http:\/\/wp-pgs-equipements-adrien-phaneuf.elidevapp1aws.elisys-servers.ca\/?post_type=product&#038;p=50998"},"modified":"2025-09-30T06:06:22","modified_gmt":"2025-09-30T10:06:22","slug":"boucle-de-ceinture-spec-cast-100e-anniversaire-farmall-edition-limitee-zjd1928","status":"publish","type":"product","link":"http:\/\/wp-pgs-equipements-adrien-phaneuf.elidevapp1aws.elisys-servers.ca\/fr\/produit\/boucle-de-ceinture-spec-cast-100e-anniversaire-farmall-edition-limitee-zjd1928\/","title":{"rendered":"Boucle de ceinture Spec Cast 100e anniversaire Farmall \u00e9dition limit\u00e9e (ZJD1928)"},"content":{"rendered":"<p>C\u00e9l\u00e9brez un si\u00e8cle d&rsquo;h\u00e9ritage agricole avec la boucle de ceinture Spec Cast 100e anniversaire 1923-2023 Farmall en \u00e9dition limit\u00e9e. Fabriqu\u00e9e en m\u00e9tal \u00e9tain, cette boucle exquise pr\u00e9sente des d\u00e9tails complexes, capturant l&rsquo;esprit de la marque embl\u00e9matique Farmall. Son design polyvalent s&rsquo;adapte \u00e0 la plupart des passants de ceinture et des ceintures \u00e0 pression avec une fermeture pratique \u00e0 crochet et \u00e0 barre, garantissant un accessoire s\u00fbr et \u00e9l\u00e9gant \u00e0 porter au quotidien. Pouvant accueillir des sangles de ceinture jusqu&rsquo;\u00e0 1,75 pouces de large, les dimensions de la boucle de 3,75 pouces de longueur, 1,75 pouces de largeur et une \u00e9l\u00e9gante hauteur de 0,25 pouces en font une pi\u00e8ce de collection parfaite ou un cadeau pr\u00e9cieux pour tout passionn\u00e9 d&rsquo;agriculture.<\/p>\n<p>\u2022 Boucle de ceinture en m\u00e9tal \u00e9tain<br \/>\n\u2022 S&rsquo;adapte \u00e0 la plupart des passants de ceinture et des ceintures \u00e0 pression avec une fermeture \u00e0 crochet et \u00e0 barre.<br \/>\n\u2022 S&rsquo;adapte \u00e0 une sangle de ceinture jusqu&rsquo;\u00e0 1,75\u00a0pouce de large<br \/>\n\u2022 Dimensions de la boucle\u00a0: 3,75\u00a0po L x 1,75\u00a0po l x 0,25\u00a0po H<\/p>\n","protected":false},"excerpt":{"rendered":"<p>C\u00e9l\u00e9brez un si\u00e8cle d&rsquo;h\u00e9ritage agricole avec la boucle de ceinture Spec Cast 100e anniversaire 1923-2023 Farmall en \u00e9dition limit\u00e9e. Fabriqu\u00e9e en m\u00e9tal \u00e9tain, cette boucle exquise pr\u00e9sente des d\u00e9tails complexes, capturant l&rsquo;esprit de la marque embl\u00e9matique Farmall. Son design polyvalent s&rsquo;adapte \u00e0 la plupart des passants de ceinture et des ceintures \u00e0 pression avec une &hellip; <a href=\"http:\/\/wp-pgs-equipements-adrien-phaneuf.elidevapp1aws.elisys-servers.ca\/fr\/produit\/boucle-de-ceinture-spec-cast-100e-anniversaire-farmall-edition-limitee-zjd1928\/\">Suite<\/a><\/p>\n","protected":false},"featured_media":52262,"template":"","meta":[],"product-sub-category":[115],"brand":[111],"product-third-category":[],"acf":{"product_stock_upton":"1","product_stock_marieville":"","product_stock_shefford":"","product_stock_victoriaville":"1","product_stock_durantaye":"0","product_stock_stematine":"0","product_stock_stclet":"","product_stock_huntingdon":"","product_vendor":"CAS","child_inventory_variation":""},"_links":{"self":[{"href":"http:\/\/wp-pgs-equipements-adrien-phaneuf.elidevapp1aws.elisys-servers.ca\/fr\/wp-json\/wp\/v2\/product\/50998"}],"collection":[{"href":"http:\/\/wp-pgs-equipements-adrien-phaneuf.elidevapp1aws.elisys-servers.ca\/fr\/wp-json\/wp\/v2\/product"}],"about":[{"href":"http:\/\/wp-pgs-equipements-adrien-phaneuf.elidevapp1aws.elisys-servers.ca\/fr\/wp-json\/wp\/v2\/types\/product"}],"wp:featuredmedia":[{"embeddable":true,"href":"http:\/\/wp-pgs-equipements-adrien-phaneuf.elidevapp1aws.elisys-servers.ca\/fr\/wp-json\/wp\/v2\/media\/52262"}],"wp:attachment":[{"href":"http:\/\/wp-pgs-equipements-adrien-phaneuf.elidevapp1aws.elisys-servers.ca\/fr\/wp-json\/wp\/v2\/media?parent=50998"}],"wp:term":[{"taxonomy":"product-sub-category","embeddable":true,"href":"http:\/\/wp-pgs-equipements-adrien-phaneuf.elidevapp1aws.elisys-servers.ca\/fr\/wp-json\/wp\/v2\/product-sub-category?post=50998"},{"taxonomy":"brand","embeddable":true,"href":"http:\/\/wp-pgs-equipements-adrien-phaneuf.elidevapp1aws.elisys-servers.ca\/fr\/wp-json\/wp\/v2\/brand?post=50998"},{"taxonomy":"product-third-category","embeddable":true,"href":"http:\/\/wp-pgs-equipements-adrien-phaneuf.elidevapp1aws.elisys-servers.ca\/fr\/wp-json\/wp\/v2\/product-third-category?post=50998"}],"curies":[{"name":"wp","href":"https:\/\/api.w.org\/{rel}","templated":true}]}}