{"id":51018,"date":"2023-11-20T16:26:27","date_gmt":"2023-11-20T21:26:27","guid":{"rendered":"http:\/\/wp-pgs-equipements-adrien-phaneuf.elidevapp1aws.elisys-servers.ca\/?post_type=product&#038;p=51018"},"modified":"2025-09-30T06:06:24","modified_gmt":"2025-09-30T10:06:24","slug":"boucle-de-ceinture-farmall-en-etain-brosse-zjd617","status":"publish","type":"product","link":"http:\/\/wp-pgs-equipements-adrien-phaneuf.elidevapp1aws.elisys-servers.ca\/fr\/produit\/boucle-de-ceinture-farmall-en-etain-brosse-zjd617\/","title":{"rendered":"Boucle de ceinture Farmall en \u00e9tain bross\u00e9 (ZJD617)"},"content":{"rendered":"<p>Boucle de ceinture Farmall en \u00e9tain bross\u00e9<\/p>\n","protected":false},"excerpt":{"rendered":"<p>Boucle de ceinture Farmall en \u00e9tain bross\u00e9<\/p>\n","protected":false},"featured_media":52254,"template":"","meta":[],"product-sub-category":[115],"brand":[111],"product-third-category":[],"acf":{"product_stock_upton":"0","product_stock_marieville":"2","product_stock_shefford":"","product_stock_victoriaville":"5","product_stock_durantaye":"0","product_stock_stematine":"1","product_stock_stclet":"1","product_stock_huntingdon":"5","product_vendor":"CAS","child_inventory_variation":""},"_links":{"self":[{"href":"http:\/\/wp-pgs-equipements-adrien-phaneuf.elidevapp1aws.elisys-servers.ca\/fr\/wp-json\/wp\/v2\/product\/51018"}],"collection":[{"href":"http:\/\/wp-pgs-equipements-adrien-phaneuf.elidevapp1aws.elisys-servers.ca\/fr\/wp-json\/wp\/v2\/product"}],"about":[{"href":"http:\/\/wp-pgs-equipements-adrien-phaneuf.elidevapp1aws.elisys-servers.ca\/fr\/wp-json\/wp\/v2\/types\/product"}],"wp:featuredmedia":[{"embeddable":true,"href":"http:\/\/wp-pgs-equipements-adrien-phaneuf.elidevapp1aws.elisys-servers.ca\/fr\/wp-json\/wp\/v2\/media\/52254"}],"wp:attachment":[{"href":"http:\/\/wp-pgs-equipements-adrien-phaneuf.elidevapp1aws.elisys-servers.ca\/fr\/wp-json\/wp\/v2\/media?parent=51018"}],"wp:term":[{"taxonomy":"product-sub-category","embeddable":true,"href":"http:\/\/wp-pgs-equipements-adrien-phaneuf.elidevapp1aws.elisys-servers.ca\/fr\/wp-json\/wp\/v2\/product-sub-category?post=51018"},{"taxonomy":"brand","embeddable":true,"href":"http:\/\/wp-pgs-equipements-adrien-phaneuf.elidevapp1aws.elisys-servers.ca\/fr\/wp-json\/wp\/v2\/brand?post=51018"},{"taxonomy":"product-third-category","embeddable":true,"href":"http:\/\/wp-pgs-equipements-adrien-phaneuf.elidevapp1aws.elisys-servers.ca\/fr\/wp-json\/wp\/v2\/product-third-category?post=51018"}],"curies":[{"name":"wp","href":"https:\/\/api.w.org\/{rel}","templated":true}]}}