{"id":51030,"date":"2023-11-21T08:10:04","date_gmt":"2023-11-21T13:10:04","guid":{"rendered":"http:\/\/wp-pgs-equipements-adrien-phaneuf.elidevapp1aws.elisys-servers.ca\/?post_type=product&#038;p=51030"},"modified":"2025-09-30T06:08:36","modified_gmt":"2025-09-30T10:08:36","slug":"veste-a-capuche-case-ih-ih02-4655","status":"publish","type":"product","link":"http:\/\/wp-pgs-equipements-adrien-phaneuf.elidevapp1aws.elisys-servers.ca\/fr\/produit\/veste-a-capuche-case-ih-ih02-4655\/","title":{"rendered":"Veste \u00e0 capuche Case IH (IH02-4655)"},"content":{"rendered":"<p>\u2022 60\u00a0% coton\/40\u00a0% polyester<br \/>\n\u2022 Polaire bross\u00e9e<br \/>\n\u2022 10,3 onces. polaire pr\u00e9-r\u00e9tr\u00e9cie<br \/>\n\u2022 Poignets et taille c\u00f4tel\u00e9s en \u00e9lasthanne<br \/>\n\u2022 Poches kangourou<br \/>\n\u2022 Cordons \u00e9pais et r\u00e9sistants<br \/>\n\u2022 Fermeture \u00e9clair YKK centrale sur le devant<br \/>\n\u2022 Coupe d\u00e9contract\u00e9e et unisexe<\/p>\n","protected":false},"excerpt":{"rendered":"<p>\u2022 60\u00a0% coton\/40\u00a0% polyester \u2022 Polaire bross\u00e9e \u2022 10,3 onces. polaire pr\u00e9-r\u00e9tr\u00e9cie \u2022 Poignets et taille c\u00f4tel\u00e9s en \u00e9lasthanne \u2022 Poches kangourou \u2022 Cordons \u00e9pais et r\u00e9sistants \u2022 Fermeture \u00e9clair YKK centrale sur le devant \u2022 Coupe d\u00e9contract\u00e9e et unisexe<\/p>\n","protected":false},"featured_media":51037,"template":"","meta":[],"product-sub-category":[116,117],"brand":[],"product-third-category":[],"acf":{"product_stock_upton":"","product_stock_marieville":"","product_stock_shefford":"","product_stock_victoriaville":"","product_stock_durantaye":"","product_stock_stematine":"","product_stock_stclet":"","product_stock_huntingdon":"","product_vendor":"CAS","child_inventory_variation":"{\"51031\":{\"M\":0,\"V\":0,\"G\":0,\"U\":0,\"H\":0,\"L\":0,\"B\":0,\"C\":1},\"51032\":{\"M\":0,\"V\":0,\"G\":0,\"U\":0,\"H\":0,\"L\":0,\"B\":0,\"C\":0},\"51033\":{\"M\":0,\"V\":0,\"G\":0,\"U\":0,\"H\":0,\"L\":0,\"B\":0,\"C\":1},\"51034\":{\"M\":0,\"V\":0,\"G\":0,\"U\":0,\"H\":0,\"L\":0,\"B\":0,\"C\":1},\"51035\":{\"M\":2,\"V\":0,\"G\":0,\"U\":0,\"H\":0,\"L\":0,\"B\":0,\"C\":0},\"51036\":{\"M\":0,\"V\":0,\"G\":0,\"U\":0,\"H\":0,\"L\":0,\"B\":0,\"C\":0}}"},"_links":{"self":[{"href":"http:\/\/wp-pgs-equipements-adrien-phaneuf.elidevapp1aws.elisys-servers.ca\/fr\/wp-json\/wp\/v2\/product\/51030"}],"collection":[{"href":"http:\/\/wp-pgs-equipements-adrien-phaneuf.elidevapp1aws.elisys-servers.ca\/fr\/wp-json\/wp\/v2\/product"}],"about":[{"href":"http:\/\/wp-pgs-equipements-adrien-phaneuf.elidevapp1aws.elisys-servers.ca\/fr\/wp-json\/wp\/v2\/types\/product"}],"wp:featuredmedia":[{"embeddable":true,"href":"http:\/\/wp-pgs-equipements-adrien-phaneuf.elidevapp1aws.elisys-servers.ca\/fr\/wp-json\/wp\/v2\/media\/51037"}],"wp:attachment":[{"href":"http:\/\/wp-pgs-equipements-adrien-phaneuf.elidevapp1aws.elisys-servers.ca\/fr\/wp-json\/wp\/v2\/media?parent=51030"}],"wp:term":[{"taxonomy":"product-sub-category","embeddable":true,"href":"http:\/\/wp-pgs-equipements-adrien-phaneuf.elidevapp1aws.elisys-servers.ca\/fr\/wp-json\/wp\/v2\/product-sub-category?post=51030"},{"taxonomy":"brand","embeddable":true,"href":"http:\/\/wp-pgs-equipements-adrien-phaneuf.elidevapp1aws.elisys-servers.ca\/fr\/wp-json\/wp\/v2\/brand?post=51030"},{"taxonomy":"product-third-category","embeddable":true,"href":"http:\/\/wp-pgs-equipements-adrien-phaneuf.elidevapp1aws.elisys-servers.ca\/fr\/wp-json\/wp\/v2\/product-third-category?post=51030"}],"curies":[{"name":"wp","href":"https:\/\/api.w.org\/{rel}","templated":true}]}}