{"id":51088,"date":"2023-11-21T09:27:31","date_gmt":"2023-11-21T14:27:31","guid":{"rendered":"http:\/\/wp-pgs-equipements-adrien-phaneuf.elidevapp1aws.elisys-servers.ca\/?post_type=product&#038;p=51088"},"modified":"2025-09-30T06:08:41","modified_gmt":"2025-09-30T10:08:41","slug":"t-shirt-tractor-time-ih04-4888","status":"publish","type":"product","link":"http:\/\/wp-pgs-equipements-adrien-phaneuf.elidevapp1aws.elisys-servers.ca\/fr\/produit\/t-shirt-tractor-time-ih04-4888\/","title":{"rendered":"T-Shirt \u00abTractor Time\u00bb (IH04-4888)"},"content":{"rendered":"<p>\u2022 90 % coton\/10 % polyester, tricot jersey pr\u00e9-r\u00e9tr\u00e9ci pesant 8,8 oz.<br \/>\n\u2022 Col et \u00e9paules coll\u00e9s<br \/>\n\u2022 \u00c9tiquette d\u00e9tachable<br \/>\n\u2022 Manches et ourlets inf\u00e9rieurs \u00e0 double aiguille<\/p>\n","protected":false},"excerpt":{"rendered":"<p>\u2022 90 % coton\/10 % polyester, tricot jersey pr\u00e9-r\u00e9tr\u00e9ci pesant 8,8 oz. \u2022 Col et \u00e9paules coll\u00e9s \u2022 \u00c9tiquette d\u00e9tachable \u2022 Manches et ourlets inf\u00e9rieurs \u00e0 double aiguille<\/p>\n","protected":false},"featured_media":48925,"template":"","meta":[],"product-sub-category":[113],"brand":[],"product-third-category":[],"acf":{"product_stock_upton":"","product_stock_marieville":"","product_stock_shefford":"","product_stock_victoriaville":"","product_stock_durantaye":"","product_stock_stematine":"","product_stock_stclet":"","product_stock_huntingdon":"","product_vendor":"CAS","child_inventory_variation":"{\"51089\":{\"M\":0,\"V\":0,\"G\":0,\"U\":0,\"H\":0,\"L\":0,\"B\":0,\"C\":0},\"51090\":{\"M\":0,\"V\":0,\"G\":0,\"U\":5,\"H\":0,\"L\":3,\"B\":0,\"C\":0},\"51091\":{\"M\":0,\"V\":0,\"G\":0,\"U\":2,\"H\":0,\"L\":2,\"B\":0,\"C\":0},\"51092\":{\"M\":0,\"V\":0,\"G\":0,\"U\":0,\"H\":0,\"L\":1,\"B\":0,\"C\":0}}"},"_links":{"self":[{"href":"http:\/\/wp-pgs-equipements-adrien-phaneuf.elidevapp1aws.elisys-servers.ca\/fr\/wp-json\/wp\/v2\/product\/51088"}],"collection":[{"href":"http:\/\/wp-pgs-equipements-adrien-phaneuf.elidevapp1aws.elisys-servers.ca\/fr\/wp-json\/wp\/v2\/product"}],"about":[{"href":"http:\/\/wp-pgs-equipements-adrien-phaneuf.elidevapp1aws.elisys-servers.ca\/fr\/wp-json\/wp\/v2\/types\/product"}],"wp:featuredmedia":[{"embeddable":true,"href":"http:\/\/wp-pgs-equipements-adrien-phaneuf.elidevapp1aws.elisys-servers.ca\/fr\/wp-json\/wp\/v2\/media\/48925"}],"wp:attachment":[{"href":"http:\/\/wp-pgs-equipements-adrien-phaneuf.elidevapp1aws.elisys-servers.ca\/fr\/wp-json\/wp\/v2\/media?parent=51088"}],"wp:term":[{"taxonomy":"product-sub-category","embeddable":true,"href":"http:\/\/wp-pgs-equipements-adrien-phaneuf.elidevapp1aws.elisys-servers.ca\/fr\/wp-json\/wp\/v2\/product-sub-category?post=51088"},{"taxonomy":"brand","embeddable":true,"href":"http:\/\/wp-pgs-equipements-adrien-phaneuf.elidevapp1aws.elisys-servers.ca\/fr\/wp-json\/wp\/v2\/brand?post=51088"},{"taxonomy":"product-third-category","embeddable":true,"href":"http:\/\/wp-pgs-equipements-adrien-phaneuf.elidevapp1aws.elisys-servers.ca\/fr\/wp-json\/wp\/v2\/product-third-category?post=51088"}],"curies":[{"name":"wp","href":"https:\/\/api.w.org\/{rel}","templated":true}]}}