{"id":51154,"date":"2023-11-21T13:34:50","date_gmt":"2023-11-21T18:34:50","guid":{"rendered":"http:\/\/wp-pgs-equipements-adrien-phaneuf.elidevapp1aws.elisys-servers.ca\/?post_type=product&#038;p=51154"},"modified":"2025-09-30T06:08:46","modified_gmt":"2025-09-30T10:08:46","slug":"veste-lethal-a-capuche-pour-femmes-ih01-4084","status":"publish","type":"product","link":"http:\/\/wp-pgs-equipements-adrien-phaneuf.elidevapp1aws.elisys-servers.ca\/fr\/produit\/veste-lethal-a-capuche-pour-femmes-ih01-4084\/","title":{"rendered":"VESTE LETHAL \u00c0 CAPUCHE POUR FEMMES (IH01-4084)"},"content":{"rendered":"<p>\u2022 Tissu contrecoll\u00e9 100\u00a0% polyester<br \/>\n\u2022 Fermeture \u00e9clair centrale r\u00e9fl\u00e9chissante sur le devant<br \/>\n\u2022 Collier de plong\u00e9e<br \/>\n\u2022 Anti-pilule<br \/>\n\u2022 Capuche r\u00e9glable<br \/>\n\u2022 Deux poches inf\u00e9rieures zipp\u00e9es<br \/>\n\u2022 Une poche poitrine sup\u00e9rieure zipp\u00e9e r\u00e9fl\u00e9chissante<br \/>\n\u2022 Points de tension renforc\u00e9s pour une durabilit\u00e9 accrue<br \/>\n\u2022 Rabat-temp\u00eate int\u00e9rieur avec prot\u00e8ge-menton<br \/>\n\u2022 Manchette sport<br \/>\n\u2022 Coupe flatteuse<\/p>\n","protected":false},"excerpt":{"rendered":"<p>\u2022 Tissu contrecoll\u00e9 100\u00a0% polyester \u2022 Fermeture \u00e9clair centrale r\u00e9fl\u00e9chissante sur le devant \u2022 Collier de plong\u00e9e \u2022 Anti-pilule \u2022 Capuche r\u00e9glable \u2022 Deux poches inf\u00e9rieures zipp\u00e9es \u2022 Une poche poitrine sup\u00e9rieure zipp\u00e9e r\u00e9fl\u00e9chissante \u2022 Points de tension renforc\u00e9s pour une durabilit\u00e9 accrue \u2022 Rabat-temp\u00eate int\u00e9rieur avec prot\u00e8ge-menton \u2022 Manchette sport \u2022 Coupe flatteuse<\/p>\n","protected":false},"featured_media":52248,"template":"","meta":[],"product-sub-category":[116],"brand":[],"product-third-category":[],"acf":{"product_stock_upton":"","product_stock_marieville":"","product_stock_shefford":"","product_stock_victoriaville":"","product_stock_durantaye":"","product_stock_stematine":"","product_stock_stclet":"","product_stock_huntingdon":"","product_vendor":"CAS","child_inventory_variation":"{\"51155\":{\"M\":0,\"V\":0,\"G\":0,\"U\":1,\"H\":0,\"L\":0,\"B\":0,\"C\":0},\"51156\":{\"M\":0,\"V\":0,\"G\":0,\"U\":1,\"H\":0,\"L\":0,\"B\":1,\"C\":0},\"51157\":{\"M\":0,\"V\":0,\"G\":0,\"U\":1,\"H\":0,\"L\":0,\"B\":0,\"C\":0},\"51158\":{\"M\":0,\"V\":0,\"G\":0,\"U\":2,\"H\":0,\"L\":0,\"B\":0,\"C\":0},\"51159\":{\"M\":0,\"V\":0,\"G\":0,\"U\":1,\"H\":0,\"L\":0,\"B\":0,\"C\":0}}"},"_links":{"self":[{"href":"http:\/\/wp-pgs-equipements-adrien-phaneuf.elidevapp1aws.elisys-servers.ca\/fr\/wp-json\/wp\/v2\/product\/51154"}],"collection":[{"href":"http:\/\/wp-pgs-equipements-adrien-phaneuf.elidevapp1aws.elisys-servers.ca\/fr\/wp-json\/wp\/v2\/product"}],"about":[{"href":"http:\/\/wp-pgs-equipements-adrien-phaneuf.elidevapp1aws.elisys-servers.ca\/fr\/wp-json\/wp\/v2\/types\/product"}],"wp:featuredmedia":[{"embeddable":true,"href":"http:\/\/wp-pgs-equipements-adrien-phaneuf.elidevapp1aws.elisys-servers.ca\/fr\/wp-json\/wp\/v2\/media\/52248"}],"wp:attachment":[{"href":"http:\/\/wp-pgs-equipements-adrien-phaneuf.elidevapp1aws.elisys-servers.ca\/fr\/wp-json\/wp\/v2\/media?parent=51154"}],"wp:term":[{"taxonomy":"product-sub-category","embeddable":true,"href":"http:\/\/wp-pgs-equipements-adrien-phaneuf.elidevapp1aws.elisys-servers.ca\/fr\/wp-json\/wp\/v2\/product-sub-category?post=51154"},{"taxonomy":"brand","embeddable":true,"href":"http:\/\/wp-pgs-equipements-adrien-phaneuf.elidevapp1aws.elisys-servers.ca\/fr\/wp-json\/wp\/v2\/brand?post=51154"},{"taxonomy":"product-third-category","embeddable":true,"href":"http:\/\/wp-pgs-equipements-adrien-phaneuf.elidevapp1aws.elisys-servers.ca\/fr\/wp-json\/wp\/v2\/product-third-category?post=51154"}],"curies":[{"name":"wp","href":"https:\/\/api.w.org\/{rel}","templated":true}]}}