{"id":51254,"date":"2023-11-21T15:15:10","date_gmt":"2023-11-21T20:15:10","guid":{"rendered":"http:\/\/wp-pgs-equipements-adrien-phaneuf.elidevapp1aws.elisys-servers.ca\/?post_type=product&#038;p=51254"},"modified":"2025-09-30T06:08:54","modified_gmt":"2025-09-30T10:08:54","slug":"t-shirt-farmall-distrait-pour-tout-petits-ih04-3020","status":"publish","type":"product","link":"http:\/\/wp-pgs-equipements-adrien-phaneuf.elidevapp1aws.elisys-servers.ca\/fr\/produit\/t-shirt-farmall-distrait-pour-tout-petits-ih04-3020\/","title":{"rendered":"T-shirt Farmall Distrait pour tout-petits (IH04-3020)"},"content":{"rendered":"<p>*90 % coton\/10 % polyester, tricot jersey pr\u00e9-r\u00e9tr\u00e9ci pesant 8,8 oz.<br \/>\n*Col et \u00e9paules coll\u00e9s<br \/>\n*\u00c9tiquette d\u00e9tachable<br \/>\n*Manches et ourlets inf\u00e9rieurs \u00e0 double aiguille<br \/>\n*Coupe pour les tout-petits<\/p>\n","protected":false},"excerpt":{"rendered":"<p>*90 % coton\/10 % polyester, tricot jersey pr\u00e9-r\u00e9tr\u00e9ci pesant 8,8 oz. *Col et \u00e9paules coll\u00e9s *\u00c9tiquette d\u00e9tachable *Manches et ourlets inf\u00e9rieurs \u00e0 double aiguille *Coupe pour les tout-petits<\/p>\n","protected":false},"featured_media":51259,"template":"","meta":[],"product-sub-category":[113],"brand":[],"product-third-category":[],"acf":{"product_stock_upton":"","product_stock_marieville":"","product_stock_shefford":"","product_stock_victoriaville":"","product_stock_durantaye":"","product_stock_stematine":"","product_stock_stclet":"","product_stock_huntingdon":"","product_vendor":"CAS","child_inventory_variation":"{\"51255\":{\"M\":0,\"V\":0,\"G\":0,\"U\":0,\"H\":0,\"L\":0,\"B\":0,\"C\":0},\"51256\":{\"M\":0,\"V\":0,\"G\":0,\"U\":0,\"H\":0,\"L\":2,\"B\":0,\"C\":0},\"51257\":{\"M\":0,\"V\":0,\"G\":0,\"U\":2,\"H\":0,\"L\":1,\"B\":0,\"C\":0},\"51258\":{\"M\":0,\"V\":0,\"G\":0,\"U\":0,\"H\":0,\"L\":1,\"B\":0,\"C\":0}}"},"_links":{"self":[{"href":"http:\/\/wp-pgs-equipements-adrien-phaneuf.elidevapp1aws.elisys-servers.ca\/fr\/wp-json\/wp\/v2\/product\/51254"}],"collection":[{"href":"http:\/\/wp-pgs-equipements-adrien-phaneuf.elidevapp1aws.elisys-servers.ca\/fr\/wp-json\/wp\/v2\/product"}],"about":[{"href":"http:\/\/wp-pgs-equipements-adrien-phaneuf.elidevapp1aws.elisys-servers.ca\/fr\/wp-json\/wp\/v2\/types\/product"}],"wp:featuredmedia":[{"embeddable":true,"href":"http:\/\/wp-pgs-equipements-adrien-phaneuf.elidevapp1aws.elisys-servers.ca\/fr\/wp-json\/wp\/v2\/media\/51259"}],"wp:attachment":[{"href":"http:\/\/wp-pgs-equipements-adrien-phaneuf.elidevapp1aws.elisys-servers.ca\/fr\/wp-json\/wp\/v2\/media?parent=51254"}],"wp:term":[{"taxonomy":"product-sub-category","embeddable":true,"href":"http:\/\/wp-pgs-equipements-adrien-phaneuf.elidevapp1aws.elisys-servers.ca\/fr\/wp-json\/wp\/v2\/product-sub-category?post=51254"},{"taxonomy":"brand","embeddable":true,"href":"http:\/\/wp-pgs-equipements-adrien-phaneuf.elidevapp1aws.elisys-servers.ca\/fr\/wp-json\/wp\/v2\/brand?post=51254"},{"taxonomy":"product-third-category","embeddable":true,"href":"http:\/\/wp-pgs-equipements-adrien-phaneuf.elidevapp1aws.elisys-servers.ca\/fr\/wp-json\/wp\/v2\/product-third-category?post=51254"}],"curies":[{"name":"wp","href":"https:\/\/api.w.org\/{rel}","templated":true}]}}