{"id":51266,"date":"2023-11-21T15:23:55","date_gmt":"2023-11-21T20:23:55","guid":{"rendered":"http:\/\/wp-pgs-equipements-adrien-phaneuf.elidevapp1aws.elisys-servers.ca\/?post_type=product&#038;p=51266"},"modified":"2025-09-30T06:08:55","modified_gmt":"2025-09-30T10:08:55","slug":"blouson-precision-farmall-ih01-4214","status":"publish","type":"product","link":"http:\/\/wp-pgs-equipements-adrien-phaneuf.elidevapp1aws.elisys-servers.ca\/fr\/produit\/blouson-precision-farmall-ih01-4214\/","title":{"rendered":"Blouson Precision Farmall (IH01-4214)"},"content":{"rendered":"<p>*Coquille souple 100% polyester<\/p>\n<p>*R\u00e9sistant \u00e0 l&rsquo;eau et \u00e0 l&rsquo;\u00e9preuve du vent<\/p>\n<p>*Contrecoll\u00e9es avec doublure en molleton extensible<\/p>\n","protected":false},"excerpt":{"rendered":"<p>*Coquille souple 100% polyester *R\u00e9sistant \u00e0 l&rsquo;eau et \u00e0 l&rsquo;\u00e9preuve du vent *Contrecoll\u00e9es avec doublure en molleton extensible<\/p>\n","protected":false},"featured_media":51272,"template":"","meta":[],"product-sub-category":[117],"brand":[],"product-third-category":[],"acf":{"product_stock_upton":"","product_stock_marieville":"","product_stock_shefford":"","product_stock_victoriaville":"","product_stock_durantaye":"","product_stock_stematine":"","product_stock_stclet":"","product_stock_huntingdon":"","product_vendor":"CAS","child_inventory_variation":"{\"51267\":{\"M\":0,\"V\":0,\"G\":0,\"U\":1,\"H\":0,\"L\":0,\"B\":0,\"C\":0},\"51268\":{\"M\":0,\"V\":0,\"G\":0,\"U\":0,\"H\":0,\"L\":0,\"B\":0,\"C\":0},\"51269\":{\"M\":0,\"V\":0,\"G\":0,\"U\":0,\"H\":0,\"L\":0,\"B\":0,\"C\":0},\"51270\":{\"M\":0,\"V\":0,\"G\":0,\"U\":2,\"H\":0,\"L\":0,\"B\":0,\"C\":0},\"51271\":{\"M\":0,\"V\":0,\"G\":0,\"U\":1,\"H\":1,\"L\":0,\"B\":0,\"C\":0}}"},"_links":{"self":[{"href":"http:\/\/wp-pgs-equipements-adrien-phaneuf.elidevapp1aws.elisys-servers.ca\/fr\/wp-json\/wp\/v2\/product\/51266"}],"collection":[{"href":"http:\/\/wp-pgs-equipements-adrien-phaneuf.elidevapp1aws.elisys-servers.ca\/fr\/wp-json\/wp\/v2\/product"}],"about":[{"href":"http:\/\/wp-pgs-equipements-adrien-phaneuf.elidevapp1aws.elisys-servers.ca\/fr\/wp-json\/wp\/v2\/types\/product"}],"wp:featuredmedia":[{"embeddable":true,"href":"http:\/\/wp-pgs-equipements-adrien-phaneuf.elidevapp1aws.elisys-servers.ca\/fr\/wp-json\/wp\/v2\/media\/51272"}],"wp:attachment":[{"href":"http:\/\/wp-pgs-equipements-adrien-phaneuf.elidevapp1aws.elisys-servers.ca\/fr\/wp-json\/wp\/v2\/media?parent=51266"}],"wp:term":[{"taxonomy":"product-sub-category","embeddable":true,"href":"http:\/\/wp-pgs-equipements-adrien-phaneuf.elidevapp1aws.elisys-servers.ca\/fr\/wp-json\/wp\/v2\/product-sub-category?post=51266"},{"taxonomy":"brand","embeddable":true,"href":"http:\/\/wp-pgs-equipements-adrien-phaneuf.elidevapp1aws.elisys-servers.ca\/fr\/wp-json\/wp\/v2\/brand?post=51266"},{"taxonomy":"product-third-category","embeddable":true,"href":"http:\/\/wp-pgs-equipements-adrien-phaneuf.elidevapp1aws.elisys-servers.ca\/fr\/wp-json\/wp\/v2\/product-third-category?post=51266"}],"curies":[{"name":"wp","href":"https:\/\/api.w.org\/{rel}","templated":true}]}}