{"id":51312,"date":"2023-11-21T16:20:38","date_gmt":"2023-11-21T21:20:38","guid":{"rendered":"http:\/\/wp-pgs-equipements-adrien-phaneuf.elidevapp1aws.elisys-servers.ca\/?post_type=product&#038;p=51312"},"modified":"2025-09-30T06:08:59","modified_gmt":"2025-09-30T10:08:59","slug":"molleton-essential-unisexe-ih02-4632","status":"publish","type":"product","link":"http:\/\/wp-pgs-equipements-adrien-phaneuf.elidevapp1aws.elisys-servers.ca\/fr\/produit\/molleton-essential-unisexe-ih02-4632\/","title":{"rendered":"Molleton Essential unisexe (IH02-4632)"},"content":{"rendered":"<p>* 60% coton peign\u00e9 fil\u00e9 \u00e0 l&rsquo;anneau \/ 40% polyester<\/p>\n<p>* Couture double<\/p>\n<p>* Poignets et col c\u00f4tel\u00e9s<\/p>\n","protected":false},"excerpt":{"rendered":"<p>* 60% coton peign\u00e9 fil\u00e9 \u00e0 l&rsquo;anneau \/ 40% polyester * Couture double * Poignets et col c\u00f4tel\u00e9s<\/p>\n","protected":false},"featured_media":51318,"template":"","meta":[],"product-sub-category":[116,117],"brand":[],"product-third-category":[],"acf":{"product_stock_upton":"","product_stock_marieville":"","product_stock_shefford":"","product_stock_victoriaville":"","product_stock_durantaye":"","product_stock_stematine":"","product_stock_stclet":"","product_stock_huntingdon":"","product_vendor":"CAS","child_inventory_variation":"{\"51313\":{\"M\":0,\"V\":0,\"G\":0,\"U\":1,\"H\":0,\"L\":0,\"B\":0,\"C\":0},\"51314\":{\"M\":0,\"V\":0,\"G\":0,\"U\":0,\"H\":0,\"L\":1,\"B\":0,\"C\":0},\"51315\":{\"M\":0,\"V\":0,\"G\":0,\"U\":0,\"H\":0,\"L\":0,\"B\":0,\"C\":0},\"51316\":{\"M\":0,\"V\":0,\"G\":0,\"U\":0,\"H\":0,\"L\":0,\"B\":1,\"C\":0},\"51317\":{\"M\":0,\"V\":0,\"G\":0,\"U\":0,\"H\":0,\"L\":0,\"B\":1,\"C\":0}}"},"_links":{"self":[{"href":"http:\/\/wp-pgs-equipements-adrien-phaneuf.elidevapp1aws.elisys-servers.ca\/fr\/wp-json\/wp\/v2\/product\/51312"}],"collection":[{"href":"http:\/\/wp-pgs-equipements-adrien-phaneuf.elidevapp1aws.elisys-servers.ca\/fr\/wp-json\/wp\/v2\/product"}],"about":[{"href":"http:\/\/wp-pgs-equipements-adrien-phaneuf.elidevapp1aws.elisys-servers.ca\/fr\/wp-json\/wp\/v2\/types\/product"}],"wp:featuredmedia":[{"embeddable":true,"href":"http:\/\/wp-pgs-equipements-adrien-phaneuf.elidevapp1aws.elisys-servers.ca\/fr\/wp-json\/wp\/v2\/media\/51318"}],"wp:attachment":[{"href":"http:\/\/wp-pgs-equipements-adrien-phaneuf.elidevapp1aws.elisys-servers.ca\/fr\/wp-json\/wp\/v2\/media?parent=51312"}],"wp:term":[{"taxonomy":"product-sub-category","embeddable":true,"href":"http:\/\/wp-pgs-equipements-adrien-phaneuf.elidevapp1aws.elisys-servers.ca\/fr\/wp-json\/wp\/v2\/product-sub-category?post=51312"},{"taxonomy":"brand","embeddable":true,"href":"http:\/\/wp-pgs-equipements-adrien-phaneuf.elidevapp1aws.elisys-servers.ca\/fr\/wp-json\/wp\/v2\/brand?post=51312"},{"taxonomy":"product-third-category","embeddable":true,"href":"http:\/\/wp-pgs-equipements-adrien-phaneuf.elidevapp1aws.elisys-servers.ca\/fr\/wp-json\/wp\/v2\/product-third-category?post=51312"}],"curies":[{"name":"wp","href":"https:\/\/api.w.org\/{rel}","templated":true}]}}