{"id":51387,"date":"2023-11-22T08:54:32","date_gmt":"2023-11-22T13:54:32","guid":{"rendered":"http:\/\/wp-pgs-equipements-adrien-phaneuf.elidevapp1aws.elisys-servers.ca\/?post_type=product&#038;p=51387"},"modified":"2025-09-30T06:09:04","modified_gmt":"2025-09-30T10:09:04","slug":"chemise-a-manches-longues-avec-motif-de-bidon-dhuile-ih02-4566","status":"publish","type":"product","link":"http:\/\/wp-pgs-equipements-adrien-phaneuf.elidevapp1aws.elisys-servers.ca\/fr\/produit\/chemise-a-manches-longues-avec-motif-de-bidon-dhuile-ih02-4566\/","title":{"rendered":"Chemise \u00e0 manches longues avec motif de bidon d&rsquo;huile (IH02-4566)"},"content":{"rendered":"<p>* 100% coton pr\u00e9-r\u00e9tr\u00e9ci &#8211; 7.1 onces<\/p>\n<p>* Manches retroussables avec bouton<\/p>\n<p>* \u00c9paulettes &#8211; Poignets r\u00e9glables<\/p>\n","protected":false},"excerpt":{"rendered":"<p>* 100% coton pr\u00e9-r\u00e9tr\u00e9ci &#8211; 7.1 onces * Manches retroussables avec bouton * \u00c9paulettes &#8211; Poignets r\u00e9glables<\/p>\n","protected":false},"featured_media":51388,"template":"","meta":[],"product-sub-category":[117],"brand":[],"product-third-category":[],"acf":{"product_stock_upton":"","product_stock_marieville":"","product_stock_shefford":"","product_stock_victoriaville":"","product_stock_durantaye":"","product_stock_stematine":"","product_stock_stclet":"","product_stock_huntingdon":"","product_vendor":"CAS","child_inventory_variation":"{\"51390\":{\"M\":0,\"V\":0,\"G\":0,\"U\":0,\"H\":0,\"L\":0,\"B\":0,\"C\":1},\"51391\":{\"M\":0,\"V\":0,\"G\":0,\"U\":0,\"H\":0,\"L\":0,\"B\":0,\"C\":1},\"51392\":{\"M\":0,\"V\":0,\"G\":0,\"U\":0,\"H\":0,\"L\":0,\"B\":0,\"C\":1},\"51393\":{\"M\":0,\"V\":0,\"G\":0,\"U\":0,\"H\":0,\"L\":0,\"B\":0,\"C\":1}}"},"_links":{"self":[{"href":"http:\/\/wp-pgs-equipements-adrien-phaneuf.elidevapp1aws.elisys-servers.ca\/fr\/wp-json\/wp\/v2\/product\/51387"}],"collection":[{"href":"http:\/\/wp-pgs-equipements-adrien-phaneuf.elidevapp1aws.elisys-servers.ca\/fr\/wp-json\/wp\/v2\/product"}],"about":[{"href":"http:\/\/wp-pgs-equipements-adrien-phaneuf.elidevapp1aws.elisys-servers.ca\/fr\/wp-json\/wp\/v2\/types\/product"}],"wp:featuredmedia":[{"embeddable":true,"href":"http:\/\/wp-pgs-equipements-adrien-phaneuf.elidevapp1aws.elisys-servers.ca\/fr\/wp-json\/wp\/v2\/media\/51388"}],"wp:attachment":[{"href":"http:\/\/wp-pgs-equipements-adrien-phaneuf.elidevapp1aws.elisys-servers.ca\/fr\/wp-json\/wp\/v2\/media?parent=51387"}],"wp:term":[{"taxonomy":"product-sub-category","embeddable":true,"href":"http:\/\/wp-pgs-equipements-adrien-phaneuf.elidevapp1aws.elisys-servers.ca\/fr\/wp-json\/wp\/v2\/product-sub-category?post=51387"},{"taxonomy":"brand","embeddable":true,"href":"http:\/\/wp-pgs-equipements-adrien-phaneuf.elidevapp1aws.elisys-servers.ca\/fr\/wp-json\/wp\/v2\/brand?post=51387"},{"taxonomy":"product-third-category","embeddable":true,"href":"http:\/\/wp-pgs-equipements-adrien-phaneuf.elidevapp1aws.elisys-servers.ca\/fr\/wp-json\/wp\/v2\/product-third-category?post=51387"}],"curies":[{"name":"wp","href":"https:\/\/api.w.org\/{rel}","templated":true}]}}