{"id":51433,"date":"2023-11-22T09:50:21","date_gmt":"2023-11-22T14:50:21","guid":{"rendered":"http:\/\/wp-pgs-equipements-adrien-phaneuf.elidevapp1aws.elisys-servers.ca\/?post_type=product&#038;p=51433"},"modified":"2025-09-30T06:09:07","modified_gmt":"2025-09-30T10:09:07","slug":"cache-couche-pour-bebe-farm-fresh-ih04-3016","status":"publish","type":"product","link":"http:\/\/wp-pgs-equipements-adrien-phaneuf.elidevapp1aws.elisys-servers.ca\/fr\/produit\/cache-couche-pour-bebe-farm-fresh-ih04-3016\/","title":{"rendered":"Cache-couche pour b\u00e9b\u00e9 \u00abFarm Fresh\u00bb (IH04-3016)"},"content":{"rendered":"<p>*8,3 oz, jersey fin 100 % coton fil\u00e9 \u00e0 anneaux<br \/>\n*Fermeture \u00e0 trois boutons-pression<br \/>\n*Couture lat\u00e9rale<\/p>\n","protected":false},"excerpt":{"rendered":"<p>*8,3 oz, jersey fin 100 % coton fil\u00e9 \u00e0 anneaux *Fermeture \u00e0 trois boutons-pression *Couture lat\u00e9rale<\/p>\n","protected":false},"featured_media":51438,"template":"","meta":[],"product-sub-category":[113],"brand":[],"product-third-category":[],"acf":{"product_stock_upton":"","product_stock_marieville":"","product_stock_shefford":"","product_stock_victoriaville":"","product_stock_durantaye":"","product_stock_stematine":"","product_stock_stclet":"","product_stock_huntingdon":"","product_vendor":"CAS","child_inventory_variation":"{\"51434\":{\"M\":0,\"V\":0,\"G\":0,\"U\":2,\"H\":0,\"L\":0,\"B\":0,\"C\":0},\"51435\":{\"M\":0,\"V\":0,\"G\":0,\"U\":1,\"H\":0,\"L\":0,\"B\":0,\"C\":0},\"51436\":{\"M\":0,\"V\":0,\"G\":0,\"U\":0,\"H\":0,\"L\":0,\"B\":2,\"C\":0},\"51437\":{\"M\":0,\"V\":0,\"G\":0,\"U\":2,\"H\":0,\"L\":0,\"B\":0,\"C\":0}}"},"_links":{"self":[{"href":"http:\/\/wp-pgs-equipements-adrien-phaneuf.elidevapp1aws.elisys-servers.ca\/fr\/wp-json\/wp\/v2\/product\/51433"}],"collection":[{"href":"http:\/\/wp-pgs-equipements-adrien-phaneuf.elidevapp1aws.elisys-servers.ca\/fr\/wp-json\/wp\/v2\/product"}],"about":[{"href":"http:\/\/wp-pgs-equipements-adrien-phaneuf.elidevapp1aws.elisys-servers.ca\/fr\/wp-json\/wp\/v2\/types\/product"}],"wp:featuredmedia":[{"embeddable":true,"href":"http:\/\/wp-pgs-equipements-adrien-phaneuf.elidevapp1aws.elisys-servers.ca\/fr\/wp-json\/wp\/v2\/media\/51438"}],"wp:attachment":[{"href":"http:\/\/wp-pgs-equipements-adrien-phaneuf.elidevapp1aws.elisys-servers.ca\/fr\/wp-json\/wp\/v2\/media?parent=51433"}],"wp:term":[{"taxonomy":"product-sub-category","embeddable":true,"href":"http:\/\/wp-pgs-equipements-adrien-phaneuf.elidevapp1aws.elisys-servers.ca\/fr\/wp-json\/wp\/v2\/product-sub-category?post=51433"},{"taxonomy":"brand","embeddable":true,"href":"http:\/\/wp-pgs-equipements-adrien-phaneuf.elidevapp1aws.elisys-servers.ca\/fr\/wp-json\/wp\/v2\/brand?post=51433"},{"taxonomy":"product-third-category","embeddable":true,"href":"http:\/\/wp-pgs-equipements-adrien-phaneuf.elidevapp1aws.elisys-servers.ca\/fr\/wp-json\/wp\/v2\/product-third-category?post=51433"}],"curies":[{"name":"wp","href":"https:\/\/api.w.org\/{rel}","templated":true}]}}