{"id":51445,"date":"2023-11-22T10:02:15","date_gmt":"2023-11-22T15:02:15","guid":{"rendered":"http:\/\/wp-pgs-equipements-adrien-phaneuf.elidevapp1aws.elisys-servers.ca\/?post_type=product&#038;p=51445"},"modified":"2025-09-30T06:09:08","modified_gmt":"2025-09-30T10:09:08","slug":"t-shirt-dirt-wont-hurt-pour-tout-petits-ih04-3006","status":"publish","type":"product","link":"http:\/\/wp-pgs-equipements-adrien-phaneuf.elidevapp1aws.elisys-servers.ca\/fr\/produit\/t-shirt-dirt-wont-hurt-pour-tout-petits-ih04-3006\/","title":{"rendered":"T-shirt \u00abDirt Won&rsquo;t Hurt\u00bb pour tout-petits (IH04-3006)"},"content":{"rendered":"<p>*90 % coton\/10 % polyester, tricot jersey pr\u00e9-r\u00e9tr\u00e9ci<br \/>\n*8,8 onces.<br \/>\n*Col et \u00e9paules coll\u00e9s<br \/>\n*\u00c9tiquette d\u00e9tachable<br \/>\n*Manches et ourlets inf\u00e9rieurs \u00e0 double aiguille<\/p>\n","protected":false},"excerpt":{"rendered":"<p>*90 % coton\/10 % polyester, tricot jersey pr\u00e9-r\u00e9tr\u00e9ci *8,8 onces. *Col et \u00e9paules coll\u00e9s *\u00c9tiquette d\u00e9tachable *Manches et ourlets inf\u00e9rieurs \u00e0 double aiguille<\/p>\n","protected":false},"featured_media":51450,"template":"","meta":[],"product-sub-category":[113],"brand":[],"product-third-category":[],"acf":{"product_stock_upton":"","product_stock_marieville":"","product_stock_shefford":"","product_stock_victoriaville":"","product_stock_durantaye":"","product_stock_stematine":"","product_stock_stclet":"","product_stock_huntingdon":"","product_vendor":"CAS","child_inventory_variation":"{\"51446\":{\"M\":0,\"V\":0,\"G\":0,\"U\":0,\"H\":0,\"L\":2,\"B\":0,\"C\":0},\"51447\":{\"M\":0,\"V\":0,\"G\":0,\"U\":0,\"H\":0,\"L\":0,\"B\":0,\"C\":0},\"51448\":{\"M\":0,\"V\":0,\"G\":0,\"U\":0,\"H\":0,\"L\":0,\"B\":0,\"C\":0},\"51449\":{\"M\":0,\"V\":0,\"G\":0,\"U\":0,\"H\":0,\"L\":0,\"B\":0,\"C\":0}}"},"_links":{"self":[{"href":"http:\/\/wp-pgs-equipements-adrien-phaneuf.elidevapp1aws.elisys-servers.ca\/fr\/wp-json\/wp\/v2\/product\/51445"}],"collection":[{"href":"http:\/\/wp-pgs-equipements-adrien-phaneuf.elidevapp1aws.elisys-servers.ca\/fr\/wp-json\/wp\/v2\/product"}],"about":[{"href":"http:\/\/wp-pgs-equipements-adrien-phaneuf.elidevapp1aws.elisys-servers.ca\/fr\/wp-json\/wp\/v2\/types\/product"}],"wp:featuredmedia":[{"embeddable":true,"href":"http:\/\/wp-pgs-equipements-adrien-phaneuf.elidevapp1aws.elisys-servers.ca\/fr\/wp-json\/wp\/v2\/media\/51450"}],"wp:attachment":[{"href":"http:\/\/wp-pgs-equipements-adrien-phaneuf.elidevapp1aws.elisys-servers.ca\/fr\/wp-json\/wp\/v2\/media?parent=51445"}],"wp:term":[{"taxonomy":"product-sub-category","embeddable":true,"href":"http:\/\/wp-pgs-equipements-adrien-phaneuf.elidevapp1aws.elisys-servers.ca\/fr\/wp-json\/wp\/v2\/product-sub-category?post=51445"},{"taxonomy":"brand","embeddable":true,"href":"http:\/\/wp-pgs-equipements-adrien-phaneuf.elidevapp1aws.elisys-servers.ca\/fr\/wp-json\/wp\/v2\/brand?post=51445"},{"taxonomy":"product-third-category","embeddable":true,"href":"http:\/\/wp-pgs-equipements-adrien-phaneuf.elidevapp1aws.elisys-servers.ca\/fr\/wp-json\/wp\/v2\/product-third-category?post=51445"}],"curies":[{"name":"wp","href":"https:\/\/api.w.org\/{rel}","templated":true}]}}