{"id":51506,"date":"2023-11-22T11:26:21","date_gmt":"2023-11-22T16:26:21","guid":{"rendered":"http:\/\/wp-pgs-equipements-adrien-phaneuf.elidevapp1aws.elisys-servers.ca\/?post_type=product&#038;p=51506"},"modified":"2025-09-30T06:06:46","modified_gmt":"2025-09-30T10:06:46","slug":"casquette-a-pression-anti-humidite-pour-dames-ih07-2745","status":"publish","type":"product","link":"http:\/\/wp-pgs-equipements-adrien-phaneuf.elidevapp1aws.elisys-servers.ca\/fr\/produit\/casquette-a-pression-anti-humidite-pour-dames-ih07-2745\/","title":{"rendered":"Casquette \u00e0 pression anti-humidit\u00e9 pour dames (IH07-2745)"},"content":{"rendered":"<p>*PVC sur\u00e9lev\u00e9<br \/>\n*Tissu absorbant<br \/>\n*Dos en maille<br \/>\n*Fermeture \u00e0 pression<\/p>\n","protected":false},"excerpt":{"rendered":"<p>*PVC sur\u00e9lev\u00e9 *Tissu absorbant *Dos en maille *Fermeture \u00e0 pression<\/p>\n","protected":false},"featured_media":51509,"template":"","meta":[],"product-sub-category":[235],"brand":[],"product-third-category":[271],"acf":{"product_stock_upton":"13","product_stock_marieville":"1","product_stock_shefford":"","product_stock_victoriaville":"","product_stock_durantaye":"4","product_stock_stematine":"0","product_stock_stclet":"2","product_stock_huntingdon":"","product_vendor":"CAS","child_inventory_variation":""},"_links":{"self":[{"href":"http:\/\/wp-pgs-equipements-adrien-phaneuf.elidevapp1aws.elisys-servers.ca\/fr\/wp-json\/wp\/v2\/product\/51506"}],"collection":[{"href":"http:\/\/wp-pgs-equipements-adrien-phaneuf.elidevapp1aws.elisys-servers.ca\/fr\/wp-json\/wp\/v2\/product"}],"about":[{"href":"http:\/\/wp-pgs-equipements-adrien-phaneuf.elidevapp1aws.elisys-servers.ca\/fr\/wp-json\/wp\/v2\/types\/product"}],"wp:featuredmedia":[{"embeddable":true,"href":"http:\/\/wp-pgs-equipements-adrien-phaneuf.elidevapp1aws.elisys-servers.ca\/fr\/wp-json\/wp\/v2\/media\/51509"}],"wp:attachment":[{"href":"http:\/\/wp-pgs-equipements-adrien-phaneuf.elidevapp1aws.elisys-servers.ca\/fr\/wp-json\/wp\/v2\/media?parent=51506"}],"wp:term":[{"taxonomy":"product-sub-category","embeddable":true,"href":"http:\/\/wp-pgs-equipements-adrien-phaneuf.elidevapp1aws.elisys-servers.ca\/fr\/wp-json\/wp\/v2\/product-sub-category?post=51506"},{"taxonomy":"brand","embeddable":true,"href":"http:\/\/wp-pgs-equipements-adrien-phaneuf.elidevapp1aws.elisys-servers.ca\/fr\/wp-json\/wp\/v2\/brand?post=51506"},{"taxonomy":"product-third-category","embeddable":true,"href":"http:\/\/wp-pgs-equipements-adrien-phaneuf.elidevapp1aws.elisys-servers.ca\/fr\/wp-json\/wp\/v2\/product-third-category?post=51506"}],"curies":[{"name":"wp","href":"https:\/\/api.w.org\/{rel}","templated":true}]}}