{"id":51512,"date":"2023-11-22T11:35:47","date_gmt":"2023-11-22T16:35:47","guid":{"rendered":"http:\/\/wp-pgs-equipements-adrien-phaneuf.elidevapp1aws.elisys-servers.ca\/?post_type=product&#038;p=51512"},"modified":"2025-09-30T06:06:47","modified_gmt":"2025-09-30T10:06:47","slug":"casquette-case-ih-tonale-a-fermeture-a-pression-ih07-2765","status":"publish","type":"product","link":"http:\/\/wp-pgs-equipements-adrien-phaneuf.elidevapp1aws.elisys-servers.ca\/fr\/produit\/casquette-case-ih-tonale-a-fermeture-a-pression-ih07-2765\/","title":{"rendered":"Casquette Case IH tonale \u00e0 fermeture \u00e0 pression (IH07-2765)"},"content":{"rendered":"<p>*D\u00e9coration de broderie directe<br \/>\n*Design moderne<br \/>\n*Profil de contour<br \/>\n*C\u00f4t\u00e9s en maille<br \/>\n*Fermeture \u00e0 pression<br \/>\n*Respirant<\/p>\n","protected":false},"excerpt":{"rendered":"<p>*D\u00e9coration de broderie directe *Design moderne *Profil de contour *C\u00f4t\u00e9s en maille *Fermeture \u00e0 pression *Respirant<\/p>\n","protected":false},"featured_media":51513,"template":"","meta":[],"product-sub-category":[235],"brand":[],"product-third-category":[],"acf":{"product_stock_upton":"2","product_stock_marieville":"2","product_stock_shefford":"1","product_stock_victoriaville":"1","product_stock_durantaye":"","product_stock_stematine":"","product_stock_stclet":"0","product_stock_huntingdon":"2","product_vendor":"CAS","child_inventory_variation":""},"_links":{"self":[{"href":"http:\/\/wp-pgs-equipements-adrien-phaneuf.elidevapp1aws.elisys-servers.ca\/fr\/wp-json\/wp\/v2\/product\/51512"}],"collection":[{"href":"http:\/\/wp-pgs-equipements-adrien-phaneuf.elidevapp1aws.elisys-servers.ca\/fr\/wp-json\/wp\/v2\/product"}],"about":[{"href":"http:\/\/wp-pgs-equipements-adrien-phaneuf.elidevapp1aws.elisys-servers.ca\/fr\/wp-json\/wp\/v2\/types\/product"}],"wp:featuredmedia":[{"embeddable":true,"href":"http:\/\/wp-pgs-equipements-adrien-phaneuf.elidevapp1aws.elisys-servers.ca\/fr\/wp-json\/wp\/v2\/media\/51513"}],"wp:attachment":[{"href":"http:\/\/wp-pgs-equipements-adrien-phaneuf.elidevapp1aws.elisys-servers.ca\/fr\/wp-json\/wp\/v2\/media?parent=51512"}],"wp:term":[{"taxonomy":"product-sub-category","embeddable":true,"href":"http:\/\/wp-pgs-equipements-adrien-phaneuf.elidevapp1aws.elisys-servers.ca\/fr\/wp-json\/wp\/v2\/product-sub-category?post=51512"},{"taxonomy":"brand","embeddable":true,"href":"http:\/\/wp-pgs-equipements-adrien-phaneuf.elidevapp1aws.elisys-servers.ca\/fr\/wp-json\/wp\/v2\/brand?post=51512"},{"taxonomy":"product-third-category","embeddable":true,"href":"http:\/\/wp-pgs-equipements-adrien-phaneuf.elidevapp1aws.elisys-servers.ca\/fr\/wp-json\/wp\/v2\/product-third-category?post=51512"}],"curies":[{"name":"wp","href":"https:\/\/api.w.org\/{rel}","templated":true}]}}