{"id":51574,"date":"2023-11-22T14:00:54","date_gmt":"2023-11-22T19:00:54","guid":{"rendered":"http:\/\/wp-pgs-equipements-adrien-phaneuf.elidevapp1aws.elisys-servers.ca\/?post_type=product&#038;p=51574"},"modified":"2025-09-30T06:06:49","modified_gmt":"2025-09-30T10:06:49","slug":"gants-en-tricots-ih09-4599","status":"publish","type":"product","link":"http:\/\/wp-pgs-equipements-adrien-phaneuf.elidevapp1aws.elisys-servers.ca\/fr\/produit\/gants-en-tricots-ih09-4599\/","title":{"rendered":"Gants en tricots (IH09-4599)"},"content":{"rendered":"<p>*Tricot acrylique de haute qualit\u00e9<br \/>\n*Enti\u00e8rement doubl\u00e9 de micropolaire<br \/>\n*Chaleur confortable<br \/>\n*Taille unique<\/p>\n","protected":false},"excerpt":{"rendered":"<p>*Tricot acrylique de haute qualit\u00e9 *Enti\u00e8rement doubl\u00e9 de micropolaire *Chaleur confortable *Taille unique<\/p>\n","protected":false},"featured_media":51575,"template":"","meta":[],"product-sub-category":[236],"brand":[],"product-third-category":[],"acf":{"product_stock_upton":"0","product_stock_marieville":"2","product_stock_shefford":"","product_stock_victoriaville":"","product_stock_durantaye":"","product_stock_stematine":"","product_stock_stclet":"","product_stock_huntingdon":"","product_vendor":"CAS","child_inventory_variation":""},"_links":{"self":[{"href":"http:\/\/wp-pgs-equipements-adrien-phaneuf.elidevapp1aws.elisys-servers.ca\/fr\/wp-json\/wp\/v2\/product\/51574"}],"collection":[{"href":"http:\/\/wp-pgs-equipements-adrien-phaneuf.elidevapp1aws.elisys-servers.ca\/fr\/wp-json\/wp\/v2\/product"}],"about":[{"href":"http:\/\/wp-pgs-equipements-adrien-phaneuf.elidevapp1aws.elisys-servers.ca\/fr\/wp-json\/wp\/v2\/types\/product"}],"wp:featuredmedia":[{"embeddable":true,"href":"http:\/\/wp-pgs-equipements-adrien-phaneuf.elidevapp1aws.elisys-servers.ca\/fr\/wp-json\/wp\/v2\/media\/51575"}],"wp:attachment":[{"href":"http:\/\/wp-pgs-equipements-adrien-phaneuf.elidevapp1aws.elisys-servers.ca\/fr\/wp-json\/wp\/v2\/media?parent=51574"}],"wp:term":[{"taxonomy":"product-sub-category","embeddable":true,"href":"http:\/\/wp-pgs-equipements-adrien-phaneuf.elidevapp1aws.elisys-servers.ca\/fr\/wp-json\/wp\/v2\/product-sub-category?post=51574"},{"taxonomy":"brand","embeddable":true,"href":"http:\/\/wp-pgs-equipements-adrien-phaneuf.elidevapp1aws.elisys-servers.ca\/fr\/wp-json\/wp\/v2\/brand?post=51574"},{"taxonomy":"product-third-category","embeddable":true,"href":"http:\/\/wp-pgs-equipements-adrien-phaneuf.elidevapp1aws.elisys-servers.ca\/fr\/wp-json\/wp\/v2\/product-third-category?post=51574"}],"curies":[{"name":"wp","href":"https:\/\/api.w.org\/{rel}","templated":true}]}}