{"id":51597,"date":"2023-11-22T14:52:23","date_gmt":"2023-11-22T19:52:23","guid":{"rendered":"http:\/\/wp-pgs-equipements-adrien-phaneuf.elidevapp1aws.elisys-servers.ca\/?post_type=product&#038;p=51597"},"modified":"2025-09-30T06:09:11","modified_gmt":"2025-09-30T10:09:11","slug":"veste-a-capuche-pinewood-a-carreaux-rouge-et-noir-ih01-4042","status":"publish","type":"product","link":"http:\/\/wp-pgs-equipements-adrien-phaneuf.elidevapp1aws.elisys-servers.ca\/fr\/produit\/veste-a-capuche-pinewood-a-carreaux-rouge-et-noir-ih01-4042\/","title":{"rendered":"Veste \u00e0 capuche \u00abPinewood\u00bb \u00e0 carreaux rouge et noir (IH01-4042)"},"content":{"rendered":"<p>* 100 % polyester avec un imprim\u00e9 \u00e0 carreaux et une capuche.<br \/>\n* Trois fermetures \u00e9clair ext\u00e9rieures comprenant des poches lat\u00e9rales et une fermeture \u00e9clair avant.<br \/>\n* Logo Case IH brod\u00e9 sur la poitrine avant gauche.<br \/>\n* Il y a un ourlet inf\u00e9rieur r\u00e9glable pour un ajustement plus serr\u00e9.<\/p>\n","protected":false},"excerpt":{"rendered":"<p>* 100 % polyester avec un imprim\u00e9 \u00e0 carreaux et une capuche. * Trois fermetures \u00e9clair ext\u00e9rieures comprenant des poches lat\u00e9rales et une fermeture \u00e9clair avant. * Logo Case IH brod\u00e9 sur la poitrine avant gauche. * Il y a un ourlet inf\u00e9rieur r\u00e9glable pour un ajustement plus serr\u00e9.<\/p>\n","protected":false},"featured_media":52246,"template":"","meta":[],"product-sub-category":[113],"brand":[],"product-third-category":[],"acf":{"product_stock_upton":"","product_stock_marieville":"","product_stock_shefford":"","product_stock_victoriaville":"","product_stock_durantaye":"","product_stock_stematine":"","product_stock_stclet":"","product_stock_huntingdon":"","product_vendor":"CAS","child_inventory_variation":"{\"51598\":{\"M\":0,\"V\":0,\"G\":0,\"U\":1,\"H\":0,\"L\":0,\"B\":0,\"C\":0},\"51599\":{\"M\":0,\"V\":0,\"G\":0,\"U\":5,\"H\":0,\"L\":0,\"B\":0,\"C\":0}}"},"_links":{"self":[{"href":"http:\/\/wp-pgs-equipements-adrien-phaneuf.elidevapp1aws.elisys-servers.ca\/fr\/wp-json\/wp\/v2\/product\/51597"}],"collection":[{"href":"http:\/\/wp-pgs-equipements-adrien-phaneuf.elidevapp1aws.elisys-servers.ca\/fr\/wp-json\/wp\/v2\/product"}],"about":[{"href":"http:\/\/wp-pgs-equipements-adrien-phaneuf.elidevapp1aws.elisys-servers.ca\/fr\/wp-json\/wp\/v2\/types\/product"}],"wp:featuredmedia":[{"embeddable":true,"href":"http:\/\/wp-pgs-equipements-adrien-phaneuf.elidevapp1aws.elisys-servers.ca\/fr\/wp-json\/wp\/v2\/media\/52246"}],"wp:attachment":[{"href":"http:\/\/wp-pgs-equipements-adrien-phaneuf.elidevapp1aws.elisys-servers.ca\/fr\/wp-json\/wp\/v2\/media?parent=51597"}],"wp:term":[{"taxonomy":"product-sub-category","embeddable":true,"href":"http:\/\/wp-pgs-equipements-adrien-phaneuf.elidevapp1aws.elisys-servers.ca\/fr\/wp-json\/wp\/v2\/product-sub-category?post=51597"},{"taxonomy":"brand","embeddable":true,"href":"http:\/\/wp-pgs-equipements-adrien-phaneuf.elidevapp1aws.elisys-servers.ca\/fr\/wp-json\/wp\/v2\/brand?post=51597"},{"taxonomy":"product-third-category","embeddable":true,"href":"http:\/\/wp-pgs-equipements-adrien-phaneuf.elidevapp1aws.elisys-servers.ca\/fr\/wp-json\/wp\/v2\/product-third-category?post=51597"}],"curies":[{"name":"wp","href":"https:\/\/api.w.org\/{rel}","templated":true}]}}