{"id":51606,"date":"2023-11-22T15:11:19","date_gmt":"2023-11-22T20:11:19","guid":{"rendered":"http:\/\/wp-pgs-equipements-adrien-phaneuf.elidevapp1aws.elisys-servers.ca\/?post_type=product&#038;p=51606"},"modified":"2025-09-30T06:09:11","modified_gmt":"2025-09-30T10:09:11","slug":"veste-high-speed-ih01-4069","status":"publish","type":"product","link":"http:\/\/wp-pgs-equipements-adrien-phaneuf.elidevapp1aws.elisys-servers.ca\/fr\/produit\/veste-high-speed-ih01-4069\/","title":{"rendered":"VESTE \u00abHIGH SPEED\u00bb (IH01-4069)"},"content":{"rendered":"<p>*Tissu ext\u00e9rieur 70 % nylon\/30 % polyester<br \/>\n*Tissu noir 100 % polyester<br \/>\n*Deux poches ext\u00e9rieures zipp\u00e9es<br \/>\n*Jersey et doublure en maille<br \/>\n*Ourlet inf\u00e9rieur r\u00e9glable<br \/>\n*Capuche r\u00e9glable et escamotable avec \u00e9lastique de couleur contrast\u00e9e<br \/>\n*Fermeture \u00e9clair centrale YKK sur le devant<br \/>\n*Manchette ouverte<br \/>\n*Coupe arri\u00e8re allong\u00e9e<br \/>\n*Coupe flatteuse<\/p>\n","protected":false},"excerpt":{"rendered":"<p>*Tissu ext\u00e9rieur 70 % nylon\/30 % polyester *Tissu noir 100 % polyester *Deux poches ext\u00e9rieures zipp\u00e9es *Jersey et doublure en maille *Ourlet inf\u00e9rieur r\u00e9glable *Capuche r\u00e9glable et escamotable avec \u00e9lastique de couleur contrast\u00e9e *Fermeture \u00e9clair centrale YKK sur le devant *Manchette ouverte *Coupe arri\u00e8re allong\u00e9e *Coupe flatteuse<\/p>\n","protected":false},"featured_media":52244,"template":"","meta":[],"product-sub-category":[116],"brand":[],"product-third-category":[],"acf":{"product_stock_upton":"","product_stock_marieville":"","product_stock_shefford":"","product_stock_victoriaville":"","product_stock_durantaye":"","product_stock_stematine":"","product_stock_stclet":"","product_stock_huntingdon":"","product_vendor":"CAS","child_inventory_variation":"{\"51607\":{\"M\":0,\"V\":0,\"G\":0,\"U\":0,\"H\":0,\"L\":0,\"B\":1,\"C\":0},\"51608\":{\"M\":0,\"V\":0,\"G\":0,\"U\":0,\"H\":0,\"L\":0,\"B\":3,\"C\":0},\"51609\":{\"M\":0,\"V\":0,\"G\":0,\"U\":0,\"H\":0,\"L\":0,\"B\":1,\"C\":0}}"},"_links":{"self":[{"href":"http:\/\/wp-pgs-equipements-adrien-phaneuf.elidevapp1aws.elisys-servers.ca\/fr\/wp-json\/wp\/v2\/product\/51606"}],"collection":[{"href":"http:\/\/wp-pgs-equipements-adrien-phaneuf.elidevapp1aws.elisys-servers.ca\/fr\/wp-json\/wp\/v2\/product"}],"about":[{"href":"http:\/\/wp-pgs-equipements-adrien-phaneuf.elidevapp1aws.elisys-servers.ca\/fr\/wp-json\/wp\/v2\/types\/product"}],"wp:featuredmedia":[{"embeddable":true,"href":"http:\/\/wp-pgs-equipements-adrien-phaneuf.elidevapp1aws.elisys-servers.ca\/fr\/wp-json\/wp\/v2\/media\/52244"}],"wp:attachment":[{"href":"http:\/\/wp-pgs-equipements-adrien-phaneuf.elidevapp1aws.elisys-servers.ca\/fr\/wp-json\/wp\/v2\/media?parent=51606"}],"wp:term":[{"taxonomy":"product-sub-category","embeddable":true,"href":"http:\/\/wp-pgs-equipements-adrien-phaneuf.elidevapp1aws.elisys-servers.ca\/fr\/wp-json\/wp\/v2\/product-sub-category?post=51606"},{"taxonomy":"brand","embeddable":true,"href":"http:\/\/wp-pgs-equipements-adrien-phaneuf.elidevapp1aws.elisys-servers.ca\/fr\/wp-json\/wp\/v2\/brand?post=51606"},{"taxonomy":"product-third-category","embeddable":true,"href":"http:\/\/wp-pgs-equipements-adrien-phaneuf.elidevapp1aws.elisys-servers.ca\/fr\/wp-json\/wp\/v2\/product-third-category?post=51606"}],"curies":[{"name":"wp","href":"https:\/\/api.w.org\/{rel}","templated":true}]}}