{"id":51622,"date":"2023-11-22T16:22:23","date_gmt":"2023-11-22T21:22:23","guid":{"rendered":"http:\/\/wp-pgs-equipements-adrien-phaneuf.elidevapp1aws.elisys-servers.ca\/?post_type=product&#038;p=51622"},"modified":"2025-09-30T06:09:12","modified_gmt":"2025-09-30T10:09:12","slug":"blouson-look-up-performance-ih01-4108","status":"publish","type":"product","link":"http:\/\/wp-pgs-equipements-adrien-phaneuf.elidevapp1aws.elisys-servers.ca\/fr\/produit\/blouson-look-up-performance-ih01-4108\/","title":{"rendered":"Blouson \u00abLook-up Performance\u00bb (IH01-4108)"},"content":{"rendered":"<p>* Coquille l\u00e9g\u00e8re 100% polyester<br \/>\n* Accent r\u00e9fl\u00e9chissants<br \/>\n* Deux poches ext\u00e9rieures \u00e0 glissi\u00e8re<br \/>\n* Capuchon int\u00e9gr\u00e9<br \/>\n* Coupe traditionnelle<br \/>\n* Imperm\u00e9able et coupe-vent<\/p>\n","protected":false},"excerpt":{"rendered":"<p>* Coquille l\u00e9g\u00e8re 100% polyester * Accent r\u00e9fl\u00e9chissants * Deux poches ext\u00e9rieures \u00e0 glissi\u00e8re * Capuchon int\u00e9gr\u00e9 * Coupe traditionnelle * Imperm\u00e9able et coupe-vent<\/p>\n","protected":false},"featured_media":51627,"template":"","meta":[],"product-sub-category":[117],"brand":[],"product-third-category":[],"acf":{"product_stock_upton":"","product_stock_marieville":"","product_stock_shefford":"","product_stock_victoriaville":"","product_stock_durantaye":"","product_stock_stematine":"","product_stock_stclet":"","product_stock_huntingdon":"","product_vendor":"CAS","child_inventory_variation":"{\"51623\":{\"M\":0,\"V\":0,\"G\":0,\"U\":2,\"H\":0,\"L\":0,\"B\":0,\"C\":0},\"51624\":{\"M\":0,\"V\":0,\"G\":0,\"U\":3,\"H\":0,\"L\":0,\"B\":1,\"C\":0},\"51625\":{\"M\":0,\"V\":0,\"G\":0,\"U\":3,\"H\":0,\"L\":0,\"B\":0,\"C\":0},\"51626\":{\"M\":0,\"V\":0,\"G\":0,\"U\":2,\"H\":0,\"L\":0,\"B\":1,\"C\":0}}"},"_links":{"self":[{"href":"http:\/\/wp-pgs-equipements-adrien-phaneuf.elidevapp1aws.elisys-servers.ca\/fr\/wp-json\/wp\/v2\/product\/51622"}],"collection":[{"href":"http:\/\/wp-pgs-equipements-adrien-phaneuf.elidevapp1aws.elisys-servers.ca\/fr\/wp-json\/wp\/v2\/product"}],"about":[{"href":"http:\/\/wp-pgs-equipements-adrien-phaneuf.elidevapp1aws.elisys-servers.ca\/fr\/wp-json\/wp\/v2\/types\/product"}],"wp:featuredmedia":[{"embeddable":true,"href":"http:\/\/wp-pgs-equipements-adrien-phaneuf.elidevapp1aws.elisys-servers.ca\/fr\/wp-json\/wp\/v2\/media\/51627"}],"wp:attachment":[{"href":"http:\/\/wp-pgs-equipements-adrien-phaneuf.elidevapp1aws.elisys-servers.ca\/fr\/wp-json\/wp\/v2\/media?parent=51622"}],"wp:term":[{"taxonomy":"product-sub-category","embeddable":true,"href":"http:\/\/wp-pgs-equipements-adrien-phaneuf.elidevapp1aws.elisys-servers.ca\/fr\/wp-json\/wp\/v2\/product-sub-category?post=51622"},{"taxonomy":"brand","embeddable":true,"href":"http:\/\/wp-pgs-equipements-adrien-phaneuf.elidevapp1aws.elisys-servers.ca\/fr\/wp-json\/wp\/v2\/brand?post=51622"},{"taxonomy":"product-third-category","embeddable":true,"href":"http:\/\/wp-pgs-equipements-adrien-phaneuf.elidevapp1aws.elisys-servers.ca\/fr\/wp-json\/wp\/v2\/product-third-category?post=51622"}],"curies":[{"name":"wp","href":"https:\/\/api.w.org\/{rel}","templated":true}]}}