{"id":51677,"date":"2023-11-24T16:20:58","date_gmt":"2023-11-24T21:20:58","guid":{"rendered":"http:\/\/wp-pgs-equipements-adrien-phaneuf.elidevapp1aws.elisys-servers.ca\/?post_type=product&#038;p=51677"},"modified":"2025-09-30T06:06:53","modified_gmt":"2025-09-30T10:06:53","slug":"casquette-velcro-en-maille-ih07-2729","status":"publish","type":"product","link":"http:\/\/wp-pgs-equipements-adrien-phaneuf.elidevapp1aws.elisys-servers.ca\/fr\/produit\/casquette-velcro-en-maille-ih07-2729\/","title":{"rendered":"CASQUETTE VELCRO EN MAILLE  (IH07-2729)"},"content":{"rendered":"<p>* Construction en velours c\u00f4tel\u00e9 teint par noeuds<br \/>\n* Panneaux lat\u00e9raux et arri\u00e8re en maille<br \/>\n* Coutures contrast\u00e9es<br \/>\n* Broderie directe<br \/>\n* Profile bas<br \/>\n* Fermeture velcro<\/p>\n","protected":false},"excerpt":{"rendered":"<p>* Construction en velours c\u00f4tel\u00e9 teint par noeuds * Panneaux lat\u00e9raux et arri\u00e8re en maille * Coutures contrast\u00e9es * Broderie directe * Profile bas * Fermeture velcro<\/p>\n","protected":false},"featured_media":51678,"template":"","meta":[],"product-sub-category":[235],"brand":[],"product-third-category":[271],"acf":{"product_stock_upton":"","product_stock_marieville":"","product_stock_shefford":"","product_stock_victoriaville":"3","product_stock_durantaye":"","product_stock_stematine":"3","product_stock_stclet":"","product_stock_huntingdon":"","product_vendor":"CAS","child_inventory_variation":""},"_links":{"self":[{"href":"http:\/\/wp-pgs-equipements-adrien-phaneuf.elidevapp1aws.elisys-servers.ca\/fr\/wp-json\/wp\/v2\/product\/51677"}],"collection":[{"href":"http:\/\/wp-pgs-equipements-adrien-phaneuf.elidevapp1aws.elisys-servers.ca\/fr\/wp-json\/wp\/v2\/product"}],"about":[{"href":"http:\/\/wp-pgs-equipements-adrien-phaneuf.elidevapp1aws.elisys-servers.ca\/fr\/wp-json\/wp\/v2\/types\/product"}],"wp:featuredmedia":[{"embeddable":true,"href":"http:\/\/wp-pgs-equipements-adrien-phaneuf.elidevapp1aws.elisys-servers.ca\/fr\/wp-json\/wp\/v2\/media\/51678"}],"wp:attachment":[{"href":"http:\/\/wp-pgs-equipements-adrien-phaneuf.elidevapp1aws.elisys-servers.ca\/fr\/wp-json\/wp\/v2\/media?parent=51677"}],"wp:term":[{"taxonomy":"product-sub-category","embeddable":true,"href":"http:\/\/wp-pgs-equipements-adrien-phaneuf.elidevapp1aws.elisys-servers.ca\/fr\/wp-json\/wp\/v2\/product-sub-category?post=51677"},{"taxonomy":"brand","embeddable":true,"href":"http:\/\/wp-pgs-equipements-adrien-phaneuf.elidevapp1aws.elisys-servers.ca\/fr\/wp-json\/wp\/v2\/brand?post=51677"},{"taxonomy":"product-third-category","embeddable":true,"href":"http:\/\/wp-pgs-equipements-adrien-phaneuf.elidevapp1aws.elisys-servers.ca\/fr\/wp-json\/wp\/v2\/product-third-category?post=51677"}],"curies":[{"name":"wp","href":"https:\/\/api.w.org\/{rel}","templated":true}]}}