{"id":51734,"date":"2023-11-27T14:05:52","date_gmt":"2023-11-27T19:05:52","guid":{"rendered":"http:\/\/wp-pgs-equipements-adrien-phaneuf.elidevapp1aws.elisys-servers.ca\/?post_type=product&#038;p=51734"},"modified":"2025-09-30T06:06:57","modified_gmt":"2025-09-30T10:06:57","slug":"casquette-a-coutures-contrastees-melangees-ih07-2706","status":"publish","type":"product","link":"http:\/\/wp-pgs-equipements-adrien-phaneuf.elidevapp1aws.elisys-servers.ca\/fr\/produit\/casquette-a-coutures-contrastees-melangees-ih07-2706\/","title":{"rendered":"Casquette \u00e0 coutures contrast\u00e9es m\u00e9lang\u00e9es (IH07-2706)"},"content":{"rendered":"<p>* Logo brod\u00e9 sur le devant<br \/>\n* Surpiq\u00fbres contrast\u00e9es<br \/>\n* Tissu arri\u00e8re en maille pour la respirabilit\u00e9<br \/>\n* Coupe dames<br \/>\n* 6 panneaux<br \/>\n* Fermeture velcro<\/p>\n","protected":false},"excerpt":{"rendered":"<p>* Logo brod\u00e9 sur le devant * Surpiq\u00fbres contrast\u00e9es * Tissu arri\u00e8re en maille pour la respirabilit\u00e9 * Coupe dames * 6 panneaux * Fermeture velcro<\/p>\n","protected":false},"featured_media":51735,"template":"","meta":[],"product-sub-category":[235],"brand":[],"product-third-category":[271],"acf":{"product_stock_upton":"","product_stock_marieville":"","product_stock_shefford":"","product_stock_victoriaville":"3","product_stock_durantaye":"0","product_stock_stematine":"0","product_stock_stclet":"0","product_stock_huntingdon":"","product_vendor":"CAS","child_inventory_variation":""},"_links":{"self":[{"href":"http:\/\/wp-pgs-equipements-adrien-phaneuf.elidevapp1aws.elisys-servers.ca\/fr\/wp-json\/wp\/v2\/product\/51734"}],"collection":[{"href":"http:\/\/wp-pgs-equipements-adrien-phaneuf.elidevapp1aws.elisys-servers.ca\/fr\/wp-json\/wp\/v2\/product"}],"about":[{"href":"http:\/\/wp-pgs-equipements-adrien-phaneuf.elidevapp1aws.elisys-servers.ca\/fr\/wp-json\/wp\/v2\/types\/product"}],"wp:featuredmedia":[{"embeddable":true,"href":"http:\/\/wp-pgs-equipements-adrien-phaneuf.elidevapp1aws.elisys-servers.ca\/fr\/wp-json\/wp\/v2\/media\/51735"}],"wp:attachment":[{"href":"http:\/\/wp-pgs-equipements-adrien-phaneuf.elidevapp1aws.elisys-servers.ca\/fr\/wp-json\/wp\/v2\/media?parent=51734"}],"wp:term":[{"taxonomy":"product-sub-category","embeddable":true,"href":"http:\/\/wp-pgs-equipements-adrien-phaneuf.elidevapp1aws.elisys-servers.ca\/fr\/wp-json\/wp\/v2\/product-sub-category?post=51734"},{"taxonomy":"brand","embeddable":true,"href":"http:\/\/wp-pgs-equipements-adrien-phaneuf.elidevapp1aws.elisys-servers.ca\/fr\/wp-json\/wp\/v2\/brand?post=51734"},{"taxonomy":"product-third-category","embeddable":true,"href":"http:\/\/wp-pgs-equipements-adrien-phaneuf.elidevapp1aws.elisys-servers.ca\/fr\/wp-json\/wp\/v2\/product-third-category?post=51734"}],"curies":[{"name":"wp","href":"https:\/\/api.w.org\/{rel}","templated":true}]}}