{"id":51738,"date":"2023-11-27T15:24:23","date_gmt":"2023-11-27T20:24:23","guid":{"rendered":"http:\/\/wp-pgs-equipements-adrien-phaneuf.elidevapp1aws.elisys-servers.ca\/?post_type=product&#038;p=51738"},"modified":"2025-09-30T06:09:14","modified_gmt":"2025-09-30T10:09:14","slug":"chemise-a-carreaux-pour-hommes-ih02-3711","status":"publish","type":"product","link":"http:\/\/wp-pgs-equipements-adrien-phaneuf.elidevapp1aws.elisys-servers.ca\/fr\/produit\/chemise-a-carreaux-pour-hommes-ih02-3711\/","title":{"rendered":"Chemise \u00e0 carreaux pour hommes (IH02-3711)"},"content":{"rendered":"<p>* M\u00e9lange 65 % polyester \/ 35 % coton<br \/>\n* Bouton-pression sur le devant<br \/>\n* Deux poches poitrine<br \/>\n* Poignets r\u00e9glables<br \/>\n* Coupe r\u00e9guli\u00e8re<\/p>\n","protected":false},"excerpt":{"rendered":"<p>* M\u00e9lange 65 % polyester \/ 35 % coton * Bouton-pression sur le devant * Deux poches poitrine * Poignets r\u00e9glables * Coupe r\u00e9guli\u00e8re<\/p>\n","protected":false},"featured_media":52242,"template":"","meta":[],"product-sub-category":[117],"brand":[],"product-third-category":[],"acf":{"product_stock_upton":"","product_stock_marieville":"","product_stock_shefford":"","product_stock_victoriaville":"","product_stock_durantaye":"","product_stock_stematine":"","product_stock_stclet":"","product_stock_huntingdon":"","product_vendor":"CAS","child_inventory_variation":"{\"51739\":{\"M\":0,\"V\":0,\"G\":0,\"U\":0,\"H\":0,\"L\":0,\"B\":1,\"C\":0},\"51740\":{\"M\":0,\"V\":0,\"G\":0,\"U\":0,\"H\":0,\"L\":0,\"B\":1,\"C\":0},\"51741\":{\"M\":0,\"V\":0,\"G\":0,\"U\":0,\"H\":0,\"L\":0,\"B\":1,\"C\":0}}"},"_links":{"self":[{"href":"http:\/\/wp-pgs-equipements-adrien-phaneuf.elidevapp1aws.elisys-servers.ca\/fr\/wp-json\/wp\/v2\/product\/51738"}],"collection":[{"href":"http:\/\/wp-pgs-equipements-adrien-phaneuf.elidevapp1aws.elisys-servers.ca\/fr\/wp-json\/wp\/v2\/product"}],"about":[{"href":"http:\/\/wp-pgs-equipements-adrien-phaneuf.elidevapp1aws.elisys-servers.ca\/fr\/wp-json\/wp\/v2\/types\/product"}],"wp:featuredmedia":[{"embeddable":true,"href":"http:\/\/wp-pgs-equipements-adrien-phaneuf.elidevapp1aws.elisys-servers.ca\/fr\/wp-json\/wp\/v2\/media\/52242"}],"wp:attachment":[{"href":"http:\/\/wp-pgs-equipements-adrien-phaneuf.elidevapp1aws.elisys-servers.ca\/fr\/wp-json\/wp\/v2\/media?parent=51738"}],"wp:term":[{"taxonomy":"product-sub-category","embeddable":true,"href":"http:\/\/wp-pgs-equipements-adrien-phaneuf.elidevapp1aws.elisys-servers.ca\/fr\/wp-json\/wp\/v2\/product-sub-category?post=51738"},{"taxonomy":"brand","embeddable":true,"href":"http:\/\/wp-pgs-equipements-adrien-phaneuf.elidevapp1aws.elisys-servers.ca\/fr\/wp-json\/wp\/v2\/brand?post=51738"},{"taxonomy":"product-third-category","embeddable":true,"href":"http:\/\/wp-pgs-equipements-adrien-phaneuf.elidevapp1aws.elisys-servers.ca\/fr\/wp-json\/wp\/v2\/product-third-category?post=51738"}],"curies":[{"name":"wp","href":"https:\/\/api.w.org\/{rel}","templated":true}]}}