{"id":51838,"date":"2023-11-30T08:58:42","date_gmt":"2023-11-30T13:58:42","guid":{"rendered":"http:\/\/wp-pgs-equipements-adrien-phaneuf.elidevapp1aws.elisys-servers.ca\/?post_type=product&#038;p=51838"},"modified":"2025-09-30T06:07:01","modified_gmt":"2025-09-30T10:07:01","slug":"116-applicateur-et-reservoir-dammoniac-big-farm-zfn47406","status":"publish","type":"product","link":"http:\/\/wp-pgs-equipements-adrien-phaneuf.elidevapp1aws.elisys-servers.ca\/fr\/produit\/116-applicateur-et-reservoir-dammoniac-big-farm-zfn47406\/","title":{"rendered":"1:16 Applicateur et r\u00e9servoir d&rsquo;ammoniac Big Farm (ZFN47406)"},"content":{"rendered":"<p>Cet ensemble reproduit ce que le petit agriculteur voit se produire au printemps et \u00e0 l&rsquo;automne \u00e0 la ferme\u00a0!<br \/>\nCet ensemble unique offrira des heures de plaisir \u00e0 la ferme<\/p>\n<p>L&rsquo;ensemble 2 pi\u00e8ces comprend\u00a0:<br \/>\nApplicateur d&rsquo;ammoniaque<br \/>\nR\u00e9servoir d&rsquo;ammoniac<\/p>\n<p>* Mod\u00e8le \u00e0 l&rsquo;\u00e9chelle 1:16<br \/>\n* Fabriqu\u00e9 par ERTL<br \/>\n* Fonctionne avec la plupart des tracteurs 1:16<br \/>\n* \u00c2ges : 3+<\/p>\n","protected":false},"excerpt":{"rendered":"<p>Cet ensemble reproduit ce que le petit agriculteur voit se produire au printemps et \u00e0 l&rsquo;automne \u00e0 la ferme\u00a0! Cet ensemble unique offrira des heures de plaisir \u00e0 la ferme L&rsquo;ensemble 2 pi\u00e8ces comprend\u00a0: Applicateur d&rsquo;ammoniaque R\u00e9servoir d&rsquo;ammoniac * Mod\u00e8le \u00e0 l&rsquo;\u00e9chelle 1:16 * Fabriqu\u00e9 par ERTL * Fonctionne avec la plupart des tracteurs 1:16 &hellip; <a href=\"http:\/\/wp-pgs-equipements-adrien-phaneuf.elidevapp1aws.elisys-servers.ca\/fr\/produit\/116-applicateur-et-reservoir-dammoniac-big-farm-zfn47406\/\">Suite<\/a><\/p>\n","protected":false},"featured_media":51839,"template":"","meta":[],"product-sub-category":[227],"brand":[],"product-third-category":[],"acf":{"product_stock_upton":"","product_stock_marieville":"","product_stock_shefford":"","product_stock_victoriaville":"","product_stock_durantaye":"","product_stock_stematine":"3","product_stock_stclet":"","product_stock_huntingdon":"","product_vendor":"CAS","child_inventory_variation":""},"_links":{"self":[{"href":"http:\/\/wp-pgs-equipements-adrien-phaneuf.elidevapp1aws.elisys-servers.ca\/fr\/wp-json\/wp\/v2\/product\/51838"}],"collection":[{"href":"http:\/\/wp-pgs-equipements-adrien-phaneuf.elidevapp1aws.elisys-servers.ca\/fr\/wp-json\/wp\/v2\/product"}],"about":[{"href":"http:\/\/wp-pgs-equipements-adrien-phaneuf.elidevapp1aws.elisys-servers.ca\/fr\/wp-json\/wp\/v2\/types\/product"}],"wp:featuredmedia":[{"embeddable":true,"href":"http:\/\/wp-pgs-equipements-adrien-phaneuf.elidevapp1aws.elisys-servers.ca\/fr\/wp-json\/wp\/v2\/media\/51839"}],"wp:attachment":[{"href":"http:\/\/wp-pgs-equipements-adrien-phaneuf.elidevapp1aws.elisys-servers.ca\/fr\/wp-json\/wp\/v2\/media?parent=51838"}],"wp:term":[{"taxonomy":"product-sub-category","embeddable":true,"href":"http:\/\/wp-pgs-equipements-adrien-phaneuf.elidevapp1aws.elisys-servers.ca\/fr\/wp-json\/wp\/v2\/product-sub-category?post=51838"},{"taxonomy":"brand","embeddable":true,"href":"http:\/\/wp-pgs-equipements-adrien-phaneuf.elidevapp1aws.elisys-servers.ca\/fr\/wp-json\/wp\/v2\/brand?post=51838"},{"taxonomy":"product-third-category","embeddable":true,"href":"http:\/\/wp-pgs-equipements-adrien-phaneuf.elidevapp1aws.elisys-servers.ca\/fr\/wp-json\/wp\/v2\/product-third-category?post=51838"}],"curies":[{"name":"wp","href":"https:\/\/api.w.org\/{rel}","templated":true}]}}