{"id":51860,"date":"2023-11-30T10:56:06","date_gmt":"2023-11-30T15:56:06","guid":{"rendered":"http:\/\/wp-pgs-equipements-adrien-phaneuf.elidevapp1aws.elisys-servers.ca\/?post_type=product&#038;p=51860"},"modified":"2025-09-30T06:07:03","modified_gmt":"2025-09-30T10:07:03","slug":"116-afs-connect-magnum-340-avec-roues-doubles-avant-et-arriere-zfn44311","status":"publish","type":"product","link":"http:\/\/wp-pgs-equipements-adrien-phaneuf.elidevapp1aws.elisys-servers.ca\/fr\/produit\/116-afs-connect-magnum-340-avec-roues-doubles-avant-et-arriere-zfn44311\/","title":{"rendered":"1:16 AFS Connect Magnum 340 avec roues doubles avant et arri\u00e8re (ZFN44311)"},"content":{"rendered":"<p>* Fait partie de la collection Prestige d&rsquo;ERTL<br \/>\n* Comprend des roues doubles avant et arri\u00e8re<br \/>\n* Fen\u00eatres de cabine claires avec un int\u00e9rieur de cabine d\u00e9taill\u00e9<br \/>\n* D\u00e9tails du miroir, du phare et du bras d&rsquo;avertissement<br \/>\n* Capot ouvrant<br \/>\n* Attelage trois points qui monte et descend<br \/>\n* Dimensions approximatives\u00a0: 16 pouces de longueur x 9,75 pouces de largeur x 9,25 pouces de hauteur<br \/>\n* \u00c2ge : 14+<\/p>\n","protected":false},"excerpt":{"rendered":"<p>* Fait partie de la collection Prestige d&rsquo;ERTL * Comprend des roues doubles avant et arri\u00e8re * Fen\u00eatres de cabine claires avec un int\u00e9rieur de cabine d\u00e9taill\u00e9 * D\u00e9tails du miroir, du phare et du bras d&rsquo;avertissement * Capot ouvrant * Attelage trois points qui monte et descend * Dimensions approximatives\u00a0: 16 pouces de longueur &hellip; <a href=\"http:\/\/wp-pgs-equipements-adrien-phaneuf.elidevapp1aws.elisys-servers.ca\/fr\/produit\/116-afs-connect-magnum-340-avec-roues-doubles-avant-et-arriere-zfn44311\/\">Suite<\/a><\/p>\n","protected":false},"featured_media":51863,"template":"","meta":[],"product-sub-category":[374],"brand":[],"product-third-category":[],"acf":{"product_stock_upton":"1","product_stock_marieville":"","product_stock_shefford":"","product_stock_victoriaville":"2","product_stock_durantaye":"","product_stock_stematine":"","product_stock_stclet":"","product_stock_huntingdon":"","product_vendor":"CAS","child_inventory_variation":""},"_links":{"self":[{"href":"http:\/\/wp-pgs-equipements-adrien-phaneuf.elidevapp1aws.elisys-servers.ca\/fr\/wp-json\/wp\/v2\/product\/51860"}],"collection":[{"href":"http:\/\/wp-pgs-equipements-adrien-phaneuf.elidevapp1aws.elisys-servers.ca\/fr\/wp-json\/wp\/v2\/product"}],"about":[{"href":"http:\/\/wp-pgs-equipements-adrien-phaneuf.elidevapp1aws.elisys-servers.ca\/fr\/wp-json\/wp\/v2\/types\/product"}],"wp:featuredmedia":[{"embeddable":true,"href":"http:\/\/wp-pgs-equipements-adrien-phaneuf.elidevapp1aws.elisys-servers.ca\/fr\/wp-json\/wp\/v2\/media\/51863"}],"wp:attachment":[{"href":"http:\/\/wp-pgs-equipements-adrien-phaneuf.elidevapp1aws.elisys-servers.ca\/fr\/wp-json\/wp\/v2\/media?parent=51860"}],"wp:term":[{"taxonomy":"product-sub-category","embeddable":true,"href":"http:\/\/wp-pgs-equipements-adrien-phaneuf.elidevapp1aws.elisys-servers.ca\/fr\/wp-json\/wp\/v2\/product-sub-category?post=51860"},{"taxonomy":"brand","embeddable":true,"href":"http:\/\/wp-pgs-equipements-adrien-phaneuf.elidevapp1aws.elisys-servers.ca\/fr\/wp-json\/wp\/v2\/brand?post=51860"},{"taxonomy":"product-third-category","embeddable":true,"href":"http:\/\/wp-pgs-equipements-adrien-phaneuf.elidevapp1aws.elisys-servers.ca\/fr\/wp-json\/wp\/v2\/product-third-category?post=51860"}],"curies":[{"name":"wp","href":"https:\/\/api.w.org\/{rel}","templated":true}]}}