{"id":51870,"date":"2023-11-30T11:04:10","date_gmt":"2023-11-30T16:04:10","guid":{"rendered":"http:\/\/wp-pgs-equipements-adrien-phaneuf.elidevapp1aws.elisys-servers.ca\/?post_type=product&#038;p=51870"},"modified":"2025-09-30T06:07:03","modified_gmt":"2025-09-30T10:07:03","slug":"116-farmall-560-avant-etroit-zfn44310","status":"publish","type":"product","link":"http:\/\/wp-pgs-equipements-adrien-phaneuf.elidevapp1aws.elisys-servers.ca\/fr\/produit\/116-farmall-560-avant-etroit-zfn44310\/","title":{"rendered":"1:16 Farmall 560 avant \u00e9troit (ZFN44310)"},"content":{"rendered":"<p>Produit de 1958 \u00e0 1963, le Farmall 560 \u00e9tait \u00e0 l&rsquo;\u00e9poque le plus gros tracteur pour cultures en lignes de la gamme Farmall.<br \/>\n* Fait partie de la collection Prestige d&rsquo;ERTL<br \/>\n* Attelage \u00e0 barre d&rsquo;attelage<br \/>\n* Station ouverte d\u00e9taill\u00e9e<br \/>\n* Poids avant<br \/>\n* Dimensions approximatives\u00a0: 9 po de longueur x 6,25 po de largeur x 6,25 po de hauteur<br \/>\n* \u00c2ge : 14+<\/p>\n","protected":false},"excerpt":{"rendered":"<p>Produit de 1958 \u00e0 1963, le Farmall 560 \u00e9tait \u00e0 l&rsquo;\u00e9poque le plus gros tracteur pour cultures en lignes de la gamme Farmall. * Fait partie de la collection Prestige d&rsquo;ERTL * Attelage \u00e0 barre d&rsquo;attelage * Station ouverte d\u00e9taill\u00e9e * Poids avant * Dimensions approximatives\u00a0: 9 po de longueur x 6,25 po de largeur &hellip; <a href=\"http:\/\/wp-pgs-equipements-adrien-phaneuf.elidevapp1aws.elisys-servers.ca\/fr\/produit\/116-farmall-560-avant-etroit-zfn44310\/\">Suite<\/a><\/p>\n","protected":false},"featured_media":51871,"template":"","meta":[],"product-sub-category":[374],"brand":[],"product-third-category":[],"acf":{"product_stock_upton":"","product_stock_marieville":"","product_stock_shefford":"","product_stock_victoriaville":"","product_stock_durantaye":"","product_stock_stematine":"1","product_stock_stclet":"","product_stock_huntingdon":"","product_vendor":"CAS","child_inventory_variation":""},"_links":{"self":[{"href":"http:\/\/wp-pgs-equipements-adrien-phaneuf.elidevapp1aws.elisys-servers.ca\/fr\/wp-json\/wp\/v2\/product\/51870"}],"collection":[{"href":"http:\/\/wp-pgs-equipements-adrien-phaneuf.elidevapp1aws.elisys-servers.ca\/fr\/wp-json\/wp\/v2\/product"}],"about":[{"href":"http:\/\/wp-pgs-equipements-adrien-phaneuf.elidevapp1aws.elisys-servers.ca\/fr\/wp-json\/wp\/v2\/types\/product"}],"wp:featuredmedia":[{"embeddable":true,"href":"http:\/\/wp-pgs-equipements-adrien-phaneuf.elidevapp1aws.elisys-servers.ca\/fr\/wp-json\/wp\/v2\/media\/51871"}],"wp:attachment":[{"href":"http:\/\/wp-pgs-equipements-adrien-phaneuf.elidevapp1aws.elisys-servers.ca\/fr\/wp-json\/wp\/v2\/media?parent=51870"}],"wp:term":[{"taxonomy":"product-sub-category","embeddable":true,"href":"http:\/\/wp-pgs-equipements-adrien-phaneuf.elidevapp1aws.elisys-servers.ca\/fr\/wp-json\/wp\/v2\/product-sub-category?post=51870"},{"taxonomy":"brand","embeddable":true,"href":"http:\/\/wp-pgs-equipements-adrien-phaneuf.elidevapp1aws.elisys-servers.ca\/fr\/wp-json\/wp\/v2\/brand?post=51870"},{"taxonomy":"product-third-category","embeddable":true,"href":"http:\/\/wp-pgs-equipements-adrien-phaneuf.elidevapp1aws.elisys-servers.ca\/fr\/wp-json\/wp\/v2\/product-third-category?post=51870"}],"curies":[{"name":"wp","href":"https:\/\/api.w.org\/{rel}","templated":true}]}}