{"id":51980,"date":"2023-12-04T14:00:45","date_gmt":"2023-12-04T19:00:45","guid":{"rendered":"http:\/\/wp-pgs-equipements-adrien-phaneuf.elidevapp1aws.elisys-servers.ca\/?post_type=product&#038;p=51980"},"modified":"2025-09-30T06:07:08","modified_gmt":"2025-09-30T10:07:08","slug":"116-remorque-barge-zfn37879","status":"publish","type":"product","link":"http:\/\/wp-pgs-equipements-adrien-phaneuf.elidevapp1aws.elisys-servers.ca\/fr\/produit\/116-remorque-barge-zfn37879\/","title":{"rendered":"1:16 Remorque Barge  (ZFN37879)"},"content":{"rendered":"<p>Excellent produit pour \u00e9tendre le jeu du bac \u00e0 sable ou pour am\u00e9liorer l&rsquo;exposition d&rsquo;un collectionneur.<\/p>\n<p>* \u00c9chelle 1:16<br \/>\n* Fabriqu\u00e9 en acier press\u00e9 et dot\u00e9 de jantes grises.<br \/>\n* Fonctionne avec la plupart des tracteurs Ertl (et mod\u00e8les r\u00e9duits) 1:16 avec un attelage \u00e0 barre standard, ainsi qu&rsquo;une fixation et un d\u00e9tachement faciles.<br \/>\n* Dimensions 9,75&Prime; x 6,00&Prime; x 7,00&Prime;<br \/>\n* \u00c2ge 3+<\/p>\n","protected":false},"excerpt":{"rendered":"<p>Excellent produit pour \u00e9tendre le jeu du bac \u00e0 sable ou pour am\u00e9liorer l&rsquo;exposition d&rsquo;un collectionneur. * \u00c9chelle 1:16 * Fabriqu\u00e9 en acier press\u00e9 et dot\u00e9 de jantes grises. * Fonctionne avec la plupart des tracteurs Ertl (et mod\u00e8les r\u00e9duits) 1:16 avec un attelage \u00e0 barre standard, ainsi qu&rsquo;une fixation et un d\u00e9tachement faciles. * &hellip; <a href=\"http:\/\/wp-pgs-equipements-adrien-phaneuf.elidevapp1aws.elisys-servers.ca\/fr\/produit\/116-remorque-barge-zfn37879\/\">Suite<\/a><\/p>\n","protected":false},"featured_media":51981,"template":"","meta":[],"product-sub-category":[227],"brand":[],"product-third-category":[],"acf":{"product_stock_upton":"","product_stock_marieville":"","product_stock_shefford":"","product_stock_victoriaville":"","product_stock_durantaye":"","product_stock_stematine":"","product_stock_stclet":"1","product_stock_huntingdon":"","product_vendor":"CAS","child_inventory_variation":""},"_links":{"self":[{"href":"http:\/\/wp-pgs-equipements-adrien-phaneuf.elidevapp1aws.elisys-servers.ca\/fr\/wp-json\/wp\/v2\/product\/51980"}],"collection":[{"href":"http:\/\/wp-pgs-equipements-adrien-phaneuf.elidevapp1aws.elisys-servers.ca\/fr\/wp-json\/wp\/v2\/product"}],"about":[{"href":"http:\/\/wp-pgs-equipements-adrien-phaneuf.elidevapp1aws.elisys-servers.ca\/fr\/wp-json\/wp\/v2\/types\/product"}],"wp:featuredmedia":[{"embeddable":true,"href":"http:\/\/wp-pgs-equipements-adrien-phaneuf.elidevapp1aws.elisys-servers.ca\/fr\/wp-json\/wp\/v2\/media\/51981"}],"wp:attachment":[{"href":"http:\/\/wp-pgs-equipements-adrien-phaneuf.elidevapp1aws.elisys-servers.ca\/fr\/wp-json\/wp\/v2\/media?parent=51980"}],"wp:term":[{"taxonomy":"product-sub-category","embeddable":true,"href":"http:\/\/wp-pgs-equipements-adrien-phaneuf.elidevapp1aws.elisys-servers.ca\/fr\/wp-json\/wp\/v2\/product-sub-category?post=51980"},{"taxonomy":"brand","embeddable":true,"href":"http:\/\/wp-pgs-equipements-adrien-phaneuf.elidevapp1aws.elisys-servers.ca\/fr\/wp-json\/wp\/v2\/brand?post=51980"},{"taxonomy":"product-third-category","embeddable":true,"href":"http:\/\/wp-pgs-equipements-adrien-phaneuf.elidevapp1aws.elisys-servers.ca\/fr\/wp-json\/wp\/v2\/product-third-category?post=51980"}],"curies":[{"name":"wp","href":"https:\/\/api.w.org\/{rel}","templated":true}]}}