{"id":52012,"date":"2023-12-04T16:30:26","date_gmt":"2023-12-04T21:30:26","guid":{"rendered":"http:\/\/wp-pgs-equipements-adrien-phaneuf.elidevapp1aws.elisys-servers.ca\/?post_type=product&#038;p=52012"},"modified":"2024-12-20T06:06:08","modified_gmt":"2024-12-20T11:06:08","slug":"gobelet-trekk-ih09-7819","status":"publish","type":"product","link":"http:\/\/wp-pgs-equipements-adrien-phaneuf.elidevapp1aws.elisys-servers.ca\/fr\/produit\/gobelet-trekk-ih09-7819\/","title":{"rendered":"Gobelet Trekk (IH09-7819)"},"content":{"rendered":"<p>* Scell\u00e9 sous vide<br \/>\n* Acier inoxydable \u00e0 double paroi<br \/>\n* Dessus \u00e0 vis, couvercle \u00e0 large ouverture<br \/>\n* Poign\u00e9e de transport amovible et pivotante<br \/>\n* Bouchon \u00e0 visser, avec paille<br \/>\n* Enduit de poudre pour une durabilit\u00e9 robuste<br \/>\n* Garde les liquides chauds ou froids pendant des heures<\/p>\n","protected":false},"excerpt":{"rendered":"<p>* Scell\u00e9 sous vide * Acier inoxydable \u00e0 double paroi * Dessus \u00e0 vis, couvercle \u00e0 large ouverture * Poign\u00e9e de transport amovible et pivotante * Bouchon \u00e0 visser, avec paille * Enduit de poudre pour une durabilit\u00e9 robuste * Garde les liquides chauds ou froids pendant des heures<\/p>\n","protected":false},"featured_media":52013,"template":"","meta":[],"product-sub-category":[263],"brand":[],"product-third-category":[],"acf":{"product_stock_upton":"0","product_stock_marieville":"0","product_stock_shefford":"","product_stock_victoriaville":"1","product_stock_durantaye":"","product_stock_stematine":"","product_stock_stclet":"","product_stock_huntingdon":"","product_vendor":"CAS","child_inventory_variation":""},"_links":{"self":[{"href":"http:\/\/wp-pgs-equipements-adrien-phaneuf.elidevapp1aws.elisys-servers.ca\/fr\/wp-json\/wp\/v2\/product\/52012"}],"collection":[{"href":"http:\/\/wp-pgs-equipements-adrien-phaneuf.elidevapp1aws.elisys-servers.ca\/fr\/wp-json\/wp\/v2\/product"}],"about":[{"href":"http:\/\/wp-pgs-equipements-adrien-phaneuf.elidevapp1aws.elisys-servers.ca\/fr\/wp-json\/wp\/v2\/types\/product"}],"wp:featuredmedia":[{"embeddable":true,"href":"http:\/\/wp-pgs-equipements-adrien-phaneuf.elidevapp1aws.elisys-servers.ca\/fr\/wp-json\/wp\/v2\/media\/52013"}],"wp:attachment":[{"href":"http:\/\/wp-pgs-equipements-adrien-phaneuf.elidevapp1aws.elisys-servers.ca\/fr\/wp-json\/wp\/v2\/media?parent=52012"}],"wp:term":[{"taxonomy":"product-sub-category","embeddable":true,"href":"http:\/\/wp-pgs-equipements-adrien-phaneuf.elidevapp1aws.elisys-servers.ca\/fr\/wp-json\/wp\/v2\/product-sub-category?post=52012"},{"taxonomy":"brand","embeddable":true,"href":"http:\/\/wp-pgs-equipements-adrien-phaneuf.elidevapp1aws.elisys-servers.ca\/fr\/wp-json\/wp\/v2\/brand?post=52012"},{"taxonomy":"product-third-category","embeddable":true,"href":"http:\/\/wp-pgs-equipements-adrien-phaneuf.elidevapp1aws.elisys-servers.ca\/fr\/wp-json\/wp\/v2\/product-third-category?post=52012"}],"curies":[{"name":"wp","href":"https:\/\/api.w.org\/{rel}","templated":true}]}}