{"id":52016,"date":"2023-12-04T16:35:42","date_gmt":"2023-12-04T21:35:42","guid":{"rendered":"http:\/\/wp-pgs-equipements-adrien-phaneuf.elidevapp1aws.elisys-servers.ca\/?post_type=product&#038;p=52016"},"modified":"2025-09-30T06:07:09","modified_gmt":"2025-09-30T10:07:09","slug":"horloge-murale-rooted-in-red-case-ih-ih09-4525","status":"publish","type":"product","link":"http:\/\/wp-pgs-equipements-adrien-phaneuf.elidevapp1aws.elisys-servers.ca\/fr\/produit\/horloge-murale-rooted-in-red-case-ih-ih09-4525\/","title":{"rendered":"Horloge murale \u00abRooted In Red\u00bb Case IH (IH09-4525)"},"content":{"rendered":"<p>* Cadre en m\u00e9tal rouge<br \/>\n* Cadran d&rsquo;horloge con\u00e7u sur mesure<br \/>\n* Mouvement de haute qualit\u00e9<br \/>\n* N\u00e9cessite 1 pile AA (non incluse)<br \/>\n* Facile \u00e0 accrocher<br \/>\n* P\u00e8se 2,5 livres.<br \/>\n* Taille\u00a0: 12 1\/2&Prime; de largeur x 10 1\/4&Prime; de hauteur<\/p>\n","protected":false},"excerpt":{"rendered":"<p>* Cadre en m\u00e9tal rouge * Cadran d&rsquo;horloge con\u00e7u sur mesure * Mouvement de haute qualit\u00e9 * N\u00e9cessite 1 pile AA (non incluse) * Facile \u00e0 accrocher * P\u00e8se 2,5 livres. * Taille\u00a0: 12 1\/2&Prime; de largeur x 10 1\/4&Prime; de hauteur<\/p>\n","protected":false},"featured_media":52017,"template":"","meta":[],"product-sub-category":[263],"brand":[],"product-third-category":[],"acf":{"product_stock_upton":"4","product_stock_marieville":"1","product_stock_shefford":"","product_stock_victoriaville":"","product_stock_durantaye":"","product_stock_stematine":"0","product_stock_stclet":"","product_stock_huntingdon":"","product_vendor":"CAS","child_inventory_variation":""},"_links":{"self":[{"href":"http:\/\/wp-pgs-equipements-adrien-phaneuf.elidevapp1aws.elisys-servers.ca\/fr\/wp-json\/wp\/v2\/product\/52016"}],"collection":[{"href":"http:\/\/wp-pgs-equipements-adrien-phaneuf.elidevapp1aws.elisys-servers.ca\/fr\/wp-json\/wp\/v2\/product"}],"about":[{"href":"http:\/\/wp-pgs-equipements-adrien-phaneuf.elidevapp1aws.elisys-servers.ca\/fr\/wp-json\/wp\/v2\/types\/product"}],"wp:featuredmedia":[{"embeddable":true,"href":"http:\/\/wp-pgs-equipements-adrien-phaneuf.elidevapp1aws.elisys-servers.ca\/fr\/wp-json\/wp\/v2\/media\/52017"}],"wp:attachment":[{"href":"http:\/\/wp-pgs-equipements-adrien-phaneuf.elidevapp1aws.elisys-servers.ca\/fr\/wp-json\/wp\/v2\/media?parent=52016"}],"wp:term":[{"taxonomy":"product-sub-category","embeddable":true,"href":"http:\/\/wp-pgs-equipements-adrien-phaneuf.elidevapp1aws.elisys-servers.ca\/fr\/wp-json\/wp\/v2\/product-sub-category?post=52016"},{"taxonomy":"brand","embeddable":true,"href":"http:\/\/wp-pgs-equipements-adrien-phaneuf.elidevapp1aws.elisys-servers.ca\/fr\/wp-json\/wp\/v2\/brand?post=52016"},{"taxonomy":"product-third-category","embeddable":true,"href":"http:\/\/wp-pgs-equipements-adrien-phaneuf.elidevapp1aws.elisys-servers.ca\/fr\/wp-json\/wp\/v2\/product-third-category?post=52016"}],"curies":[{"name":"wp","href":"https:\/\/api.w.org\/{rel}","templated":true}]}}