{"id":52020,"date":"2023-12-04T16:42:46","date_gmt":"2023-12-04T21:42:46","guid":{"rendered":"http:\/\/wp-pgs-equipements-adrien-phaneuf.elidevapp1aws.elisys-servers.ca\/?post_type=product&#038;p=52020"},"modified":"2025-09-30T06:07:09","modified_gmt":"2025-09-30T10:07:09","slug":"micro-sac-a-dos-case-ih-ih09-4542","status":"publish","type":"product","link":"http:\/\/wp-pgs-equipements-adrien-phaneuf.elidevapp1aws.elisys-servers.ca\/fr\/produit\/micro-sac-a-dos-case-ih-ih09-4542\/","title":{"rendered":"Micro Sac \u00e0 dos Case IH (IH09-4542)"},"content":{"rendered":"<p>* Coque ext\u00e9rieure r\u00e9sistante<br \/>\n* Format compact<br \/>\n* Poche multim\u00e9dia int\u00e9rieure<br \/>\n* Oeillet m\u00e9dia<br \/>\n* Poche extensible<br \/>\n* Beaucoup d&rsquo;espace de rangement<\/p>\n","protected":false},"excerpt":{"rendered":"<p>* Coque ext\u00e9rieure r\u00e9sistante * Format compact * Poche multim\u00e9dia int\u00e9rieure * Oeillet m\u00e9dia * Poche extensible * Beaucoup d&rsquo;espace de rangement<\/p>\n","protected":false},"featured_media":52021,"template":"","meta":[],"product-sub-category":[263],"brand":[],"product-third-category":[],"acf":{"product_stock_upton":"","product_stock_marieville":"3","product_stock_shefford":"","product_stock_victoriaville":"","product_stock_durantaye":"","product_stock_stematine":"","product_stock_stclet":"","product_stock_huntingdon":"","product_vendor":"CAS","child_inventory_variation":""},"_links":{"self":[{"href":"http:\/\/wp-pgs-equipements-adrien-phaneuf.elidevapp1aws.elisys-servers.ca\/fr\/wp-json\/wp\/v2\/product\/52020"}],"collection":[{"href":"http:\/\/wp-pgs-equipements-adrien-phaneuf.elidevapp1aws.elisys-servers.ca\/fr\/wp-json\/wp\/v2\/product"}],"about":[{"href":"http:\/\/wp-pgs-equipements-adrien-phaneuf.elidevapp1aws.elisys-servers.ca\/fr\/wp-json\/wp\/v2\/types\/product"}],"wp:featuredmedia":[{"embeddable":true,"href":"http:\/\/wp-pgs-equipements-adrien-phaneuf.elidevapp1aws.elisys-servers.ca\/fr\/wp-json\/wp\/v2\/media\/52021"}],"wp:attachment":[{"href":"http:\/\/wp-pgs-equipements-adrien-phaneuf.elidevapp1aws.elisys-servers.ca\/fr\/wp-json\/wp\/v2\/media?parent=52020"}],"wp:term":[{"taxonomy":"product-sub-category","embeddable":true,"href":"http:\/\/wp-pgs-equipements-adrien-phaneuf.elidevapp1aws.elisys-servers.ca\/fr\/wp-json\/wp\/v2\/product-sub-category?post=52020"},{"taxonomy":"brand","embeddable":true,"href":"http:\/\/wp-pgs-equipements-adrien-phaneuf.elidevapp1aws.elisys-servers.ca\/fr\/wp-json\/wp\/v2\/brand?post=52020"},{"taxonomy":"product-third-category","embeddable":true,"href":"http:\/\/wp-pgs-equipements-adrien-phaneuf.elidevapp1aws.elisys-servers.ca\/fr\/wp-json\/wp\/v2\/product-third-category?post=52020"}],"curies":[{"name":"wp","href":"https:\/\/api.w.org\/{rel}","templated":true}]}}