{"id":52042,"date":"2023-12-06T09:53:29","date_gmt":"2023-12-06T14:53:29","guid":{"rendered":"http:\/\/wp-pgs-equipements-adrien-phaneuf.elidevapp1aws.elisys-servers.ca\/?post_type=product&#038;p=52042"},"modified":"2025-09-30T06:07:09","modified_gmt":"2025-09-30T10:07:09","slug":"taille-bordures-sans-balai-sans-fil-20-v-max-outil-seulement-dced400b","status":"publish","type":"product","link":"http:\/\/wp-pgs-equipements-adrien-phaneuf.elidevapp1aws.elisys-servers.ca\/fr\/produit\/taille-bordures-sans-balai-sans-fil-20-v-max-outil-seulement-dced400b\/","title":{"rendered":"Taille-bordures sans balai sans fil 20 V MAX (outil seulement) &#8211; DCED400B"},"content":{"rendered":"<p>Obtenez une cour parfaite gr\u00e2ce au taille-bordures sans balai sans fil 20 V MAX. Il est dot\u00e9 d\u2019un guide de coupe qui vous aide \u00e0 entretenir les bordures de votre pelouse avec uniformit\u00e9 et pr\u00e9cision, tout en prot\u00e9geant la lame contre les \u00e9gratignures et les entailles sur les surfaces abrasives. Le dispositif de r\u00e9glage de la profondeur \u00e0 3 positions permet de couper jusqu\u2019\u00e0 2 po de profondeur, tandis que la poign\u00e9e arqu\u00e9e ajustable et le moteur \u00e0 haut rendement sans balai ont \u00e9t\u00e9 con\u00e7us pour offrir une exp\u00e9rience de qualit\u00e9 professionnelle. Batterie vendue s\u00e9par\u00e9ment.<\/p>\n<ul class=\"feature-ul\">\n<li class=\"feature-list-li\">COUPES NETTES\u00a0: guide de coupe con\u00e7u pour une longue dur\u00e9e de vie de la lame et une pr\u00e9cision de coupe<\/li>\n<li class=\"feature-list-li\">R\u00c9GLAGE DE LA PROFONDEUR \u00c0 3\u00a0POSITIONS\u00a0: pour couper jusqu\u2019\u00e0 2\u00a0po de profondeur<\/li>\n<li class=\"feature-list-li\">POIGN\u00c9E ARQU\u00c9E AJUSTABLE\u00a0: prise r\u00e9glable pour un confort optimal<\/li>\n<\/ul>\n","protected":false},"excerpt":{"rendered":"<p>Obtenez une cour parfaite gr\u00e2ce au taille-bordures sans balai sans fil 20 V MAX. Il est dot\u00e9 d\u2019un guide de coupe qui vous aide \u00e0 entretenir les bordures de votre pelouse avec uniformit\u00e9 et pr\u00e9cision, tout en prot\u00e9geant la lame contre les \u00e9gratignures et les entailles sur les surfaces abrasives. Le dispositif de r\u00e9glage de &hellip; <a href=\"http:\/\/wp-pgs-equipements-adrien-phaneuf.elidevapp1aws.elisys-servers.ca\/fr\/produit\/taille-bordures-sans-balai-sans-fil-20-v-max-outil-seulement-dced400b\/\">Suite<\/a><\/p>\n","protected":false},"featured_media":52043,"template":"","meta":[],"product-sub-category":[253,368,370],"brand":[254],"product-third-category":[],"acf":{"product_stock_upton":"1","product_stock_marieville":"0","product_stock_shefford":"","product_stock_victoriaville":"1","product_stock_durantaye":"","product_stock_stematine":"","product_stock_stclet":"","product_stock_huntingdon":"","product_vendor":"RVI","child_inventory_variation":""},"_links":{"self":[{"href":"http:\/\/wp-pgs-equipements-adrien-phaneuf.elidevapp1aws.elisys-servers.ca\/fr\/wp-json\/wp\/v2\/product\/52042"}],"collection":[{"href":"http:\/\/wp-pgs-equipements-adrien-phaneuf.elidevapp1aws.elisys-servers.ca\/fr\/wp-json\/wp\/v2\/product"}],"about":[{"href":"http:\/\/wp-pgs-equipements-adrien-phaneuf.elidevapp1aws.elisys-servers.ca\/fr\/wp-json\/wp\/v2\/types\/product"}],"wp:featuredmedia":[{"embeddable":true,"href":"http:\/\/wp-pgs-equipements-adrien-phaneuf.elidevapp1aws.elisys-servers.ca\/fr\/wp-json\/wp\/v2\/media\/52043"}],"wp:attachment":[{"href":"http:\/\/wp-pgs-equipements-adrien-phaneuf.elidevapp1aws.elisys-servers.ca\/fr\/wp-json\/wp\/v2\/media?parent=52042"}],"wp:term":[{"taxonomy":"product-sub-category","embeddable":true,"href":"http:\/\/wp-pgs-equipements-adrien-phaneuf.elidevapp1aws.elisys-servers.ca\/fr\/wp-json\/wp\/v2\/product-sub-category?post=52042"},{"taxonomy":"brand","embeddable":true,"href":"http:\/\/wp-pgs-equipements-adrien-phaneuf.elidevapp1aws.elisys-servers.ca\/fr\/wp-json\/wp\/v2\/brand?post=52042"},{"taxonomy":"product-third-category","embeddable":true,"href":"http:\/\/wp-pgs-equipements-adrien-phaneuf.elidevapp1aws.elisys-servers.ca\/fr\/wp-json\/wp\/v2\/product-third-category?post=52042"}],"curies":[{"name":"wp","href":"https:\/\/api.w.org\/{rel}","templated":true}]}}