{"id":52063,"date":"2023-12-06T10:52:51","date_gmt":"2023-12-06T15:52:51","guid":{"rendered":"http:\/\/wp-pgs-equipements-adrien-phaneuf.elidevapp1aws.elisys-servers.ca\/?post_type=product&#038;p=52063"},"modified":"2024-03-21T06:06:57","modified_gmt":"2024-03-21T10:06:57","slug":"laveuse-a-pression-a-eau-froide-electrique-de-13-a-et-2-400-psi-dwpw2400","status":"publish","type":"product","link":"http:\/\/wp-pgs-equipements-adrien-phaneuf.elidevapp1aws.elisys-servers.ca\/fr\/produit\/laveuse-a-pression-a-eau-froide-electrique-de-13-a-et-2-400-psi-dwpw2400\/","title":{"rendered":"Laveuse \u00e0 pression \u00e0 eau froide \u00e9lectrique de 13 A et 2 400 psi &#8211; DWPW2400"},"content":{"rendered":"<p>Vous pouvez vous fier \u00e0 la laveuse \u00e0 pression de 2\u00a0400\u00a0psi DEWALT durable, portative et puissante, qui vous fournit suffisamment de puissance pour vos t\u00e2ches de nettoyage ext\u00e9rieur. Soyez pr\u00eat \u00e0 entreprendre \u00e0 peu pr\u00e8s n\u2019importe quelle t\u00e2che ou nettoyez votre v\u00e9hicule avec les accessoires dont vous avez besoin. Cette laveuse \u00e0 pression \u00e0 eau froide est dot\u00e9e de cinq buses, dont une buse turbo, et d\u2019un compartiment de rangement int\u00e9gr\u00e9 facilitant l\u2019organisation. Con\u00e7ue pour le transport sur des terrains accident\u00e9s, la laveuse \u00e0 pression est dot\u00e9e de roues pneumatiques de premi\u00e8re qualit\u00e9 de 10\u00a0po qui vous permettent de l\u2019apporter sur un chantier. La laveuse \u00e0 pression \u00e0 eau froide de 2\u00a0400\u00a0psi est accompagn\u00e9e d\u2019une garantie limit\u00e9e de 3\u00a0ans.<\/p>\n<ul class=\"feature-ul\">\n<li class=\"feature-list-li\">La pression maximale de 2 400 psi et le d\u00e9bit de 1,1 gal\/min vous permettent de mener \u00e0 bien diverses t\u00e2ches de nettoyage<\/li>\n<li class=\"feature-list-li\">R\u00e9servoir \u00e0 savon pour les nettoyages au d\u00e9tergent<\/li>\n<li class=\"feature-list-li\">Syst\u00e8me de rangement int\u00e9gr\u00e9 pour tous les accessoires et boyau<\/li>\n<\/ul>\n","protected":false},"excerpt":{"rendered":"<p>Vous pouvez vous fier \u00e0 la laveuse \u00e0 pression de 2\u00a0400\u00a0psi DEWALT durable, portative et puissante, qui vous fournit suffisamment de puissance pour vos t\u00e2ches de nettoyage ext\u00e9rieur. Soyez pr\u00eat \u00e0 entreprendre \u00e0 peu pr\u00e8s n\u2019importe quelle t\u00e2che ou nettoyez votre v\u00e9hicule avec les accessoires dont vous avez besoin. Cette laveuse \u00e0 pression \u00e0 eau &hellip; <a href=\"http:\/\/wp-pgs-equipements-adrien-phaneuf.elidevapp1aws.elisys-servers.ca\/fr\/produit\/laveuse-a-pression-a-eau-froide-electrique-de-13-a-et-2-400-psi-dwpw2400\/\">Suite<\/a><\/p>\n","protected":false},"featured_media":52064,"template":"","meta":[],"product-sub-category":[253,394,370],"brand":[254],"product-third-category":[],"acf":{"product_stock_upton":"1","product_stock_marieville":"1","product_stock_shefford":"","product_stock_victoriaville":"","product_stock_durantaye":"","product_stock_stematine":"","product_stock_stclet":"","product_stock_huntingdon":"","product_vendor":"RVI","child_inventory_variation":""},"_links":{"self":[{"href":"http:\/\/wp-pgs-equipements-adrien-phaneuf.elidevapp1aws.elisys-servers.ca\/fr\/wp-json\/wp\/v2\/product\/52063"}],"collection":[{"href":"http:\/\/wp-pgs-equipements-adrien-phaneuf.elidevapp1aws.elisys-servers.ca\/fr\/wp-json\/wp\/v2\/product"}],"about":[{"href":"http:\/\/wp-pgs-equipements-adrien-phaneuf.elidevapp1aws.elisys-servers.ca\/fr\/wp-json\/wp\/v2\/types\/product"}],"wp:featuredmedia":[{"embeddable":true,"href":"http:\/\/wp-pgs-equipements-adrien-phaneuf.elidevapp1aws.elisys-servers.ca\/fr\/wp-json\/wp\/v2\/media\/52064"}],"wp:attachment":[{"href":"http:\/\/wp-pgs-equipements-adrien-phaneuf.elidevapp1aws.elisys-servers.ca\/fr\/wp-json\/wp\/v2\/media?parent=52063"}],"wp:term":[{"taxonomy":"product-sub-category","embeddable":true,"href":"http:\/\/wp-pgs-equipements-adrien-phaneuf.elidevapp1aws.elisys-servers.ca\/fr\/wp-json\/wp\/v2\/product-sub-category?post=52063"},{"taxonomy":"brand","embeddable":true,"href":"http:\/\/wp-pgs-equipements-adrien-phaneuf.elidevapp1aws.elisys-servers.ca\/fr\/wp-json\/wp\/v2\/brand?post=52063"},{"taxonomy":"product-third-category","embeddable":true,"href":"http:\/\/wp-pgs-equipements-adrien-phaneuf.elidevapp1aws.elisys-servers.ca\/fr\/wp-json\/wp\/v2\/product-third-category?post=52063"}],"curies":[{"name":"wp","href":"https:\/\/api.w.org\/{rel}","templated":true}]}}