{"id":52105,"date":"2023-12-06T15:11:53","date_gmt":"2023-12-06T20:11:53","guid":{"rendered":"http:\/\/wp-pgs-equipements-adrien-phaneuf.elidevapp1aws.elisys-servers.ca\/?post_type=product&#038;p=52105"},"modified":"2025-09-30T06:07:12","modified_gmt":"2025-09-30T10:07:12","slug":"laveuse-a-pression-de-chantier-dwpw2100","status":"publish","type":"product","link":"http:\/\/wp-pgs-equipements-adrien-phaneuf.elidevapp1aws.elisys-servers.ca\/fr\/produit\/laveuse-a-pression-de-chantier-dwpw2100\/","title":{"rendered":"Laveuse \u00e0 pression de chantier &#8211; DWPW2100"},"content":{"rendered":"<p>Entretenez votre ext\u00e9rieur avec le pulv\u00e9risateur \u00e9lectrique de chantier d\u2019eau froide \u00e0 haute pression polyvalent de 2 100 psi MAX, 1,2 gal\/min, 13 A. Pour plus de commodit\u00e9 et une rapidit\u00e9 d\u2019acc\u00e8s, ce pulv\u00e9risateur \u00e0 haute pression contient des rangements internes vous permettant d\u2019entreposer et de r\u00e9cup\u00e9rer facilement la lance et les buses incluses. Cet article durable est dot\u00e9 d\u2019un cadre tr\u00e8s solide permettant l\u2019empilage et sa conception autonome et compacte le rend 3 fois plus petit. Vous pouvez aussi ranger l\u2019unit\u00e9 verticalement ou horizontalement. Il vous suffit de bien placer le tuyau sous la poign\u00e9e principale de l\u2019appareil pour un rangement et un transport facile. L\u2019unit\u00e9 comprend une buse turbo pour une largeur de nettoyage jusqu\u2019\u00e0 2,4 fois plus grande, une buse 15\u00b0, une buse 40\u00b0, une buse pour savon et un syst\u00e8me de rangement pour la lance et un r\u00e9servoir de savon amovible int\u00e9gr\u00e9 pour les projets n\u00e9cessitant un nettoyage au d\u00e9tergent. Cet article offre la polyvalence dont vous avez besoin pour nettoyer outils, \u00e9quipement, terrasses, rev\u00eatements, trottoirs, bateaux, meubles d\u2019ext\u00e9rieurs et v\u00e9hicules. Pesant 24 lb, le pulv\u00e9risateur d\u2019eau froide \u00e0 haute pression \u00e0 fil peut \u00eatre facilement transport\u00e9 au chantier ou autour de la maison et est dot\u00e9 de plusieurs prises pour le chargement et le d\u00e9chargement, des roues et une poign\u00e9e r\u00e9tractable.<\/p>\n<ul class=\"additional-feature-ul\">\n<li class=\"additional-feature-list-li\">MOBILIT\u00c9 FACILE\u00a0: Pesant seulement 24\u00a0lb, le pulv\u00e9risateur peut \u00eatre rapidement transport\u00e9 au lieu de travail et inclut plusieurs poign\u00e9es, une poign\u00e9e r\u00e9tractable et des roues.<\/li>\n<li class=\"additional-feature-list-li\">NETTOYEZ AU D\u00c9TERGENT gr\u00e2ce \u00e0 la bouteille de savon incluse<\/li>\n<li class=\"additional-feature-list-li\">DURABILIT\u00c9 ASSURANT UNE UTILISATION \u00c0 LONG TERME\u00a0: R\u00e9siste \u00e0 un usage intensif et poss\u00e8de un tuyau de 25\u00a0pi r\u00e9sistant \u00e0 l\u2019entortillement<\/li>\n<li class=\"additional-feature-list-li\">NETTOYEZ LES SURFACES JUSQU\u2019\u00c0 35\u00a0PI DE DISTANCE gr\u00e2ce au cordon d\u2019alimentation adapt\u00e9 au lavage \u00e0 longue port\u00e9e<\/li>\n<li class=\"additional-feature-list-li\">TEST\u00c9 ET APPROUV\u00c9 PAR LES EXPERTS\u00a0: Certifi\u00e9 par la Cleaning\u00a0Equipment\u00a0Trade\u00a0Association (CETA)<\/li>\n<li class=\"additional-feature-list-li\">PROT\u00c9G\u00c9 PAR UNE GARANTIE LIMIT\u00c9E DE 3\u00a0ANS\u00a0: Travaillez en toute confiance et tranquillit\u00e9 d\u2019esprit<\/li>\n<\/ul>\n<h2 class=\"coh-heading title coh-style-h1---default\">Inclus<\/h2>\n<ul class=\"coh-list-container coh-unordered-list\">\n<li class=\"coh-list-item\">(1) Pulv\u00e9risateurs \u00e0 haute pression\u00a0DWPW2100<\/li>\n<li class=\"coh-list-item\">(1) Buse turbo<\/li>\n<li class=\"coh-list-item\">(1) Buse de 15\u00a0degr\u00e9s<\/li>\n<li class=\"coh-list-item\">(1) Buse de 40\u00a0degr\u00e9s<\/li>\n<li class=\"coh-list-item\">(1) Buse pour savon<\/li>\n<li class=\"coh-list-item\">(1) Lance<\/li>\n<li class=\"coh-list-item\">(1) Boyau de 25\u00a0pi<\/li>\n<\/ul>\n","protected":false},"excerpt":{"rendered":"<p>Entretenez votre ext\u00e9rieur avec le pulv\u00e9risateur \u00e9lectrique de chantier d\u2019eau froide \u00e0 haute pression polyvalent de 2 100 psi MAX, 1,2 gal\/min, 13 A. Pour plus de commodit\u00e9 et une rapidit\u00e9 d\u2019acc\u00e8s, ce pulv\u00e9risateur \u00e0 haute pression contient des rangements internes vous permettant d\u2019entreposer et de r\u00e9cup\u00e9rer facilement la lance et les buses incluses. Cet &hellip; <a href=\"http:\/\/wp-pgs-equipements-adrien-phaneuf.elidevapp1aws.elisys-servers.ca\/fr\/produit\/laveuse-a-pression-de-chantier-dwpw2100\/\">Suite<\/a><\/p>\n","protected":false},"featured_media":52106,"template":"","meta":[],"product-sub-category":[253,394],"brand":[254],"product-third-category":[],"acf":{"product_stock_upton":"","product_stock_marieville":"1","product_stock_shefford":"","product_stock_victoriaville":"","product_stock_durantaye":"","product_stock_stematine":"","product_stock_stclet":"","product_stock_huntingdon":"","product_vendor":"RVI","child_inventory_variation":""},"_links":{"self":[{"href":"http:\/\/wp-pgs-equipements-adrien-phaneuf.elidevapp1aws.elisys-servers.ca\/fr\/wp-json\/wp\/v2\/product\/52105"}],"collection":[{"href":"http:\/\/wp-pgs-equipements-adrien-phaneuf.elidevapp1aws.elisys-servers.ca\/fr\/wp-json\/wp\/v2\/product"}],"about":[{"href":"http:\/\/wp-pgs-equipements-adrien-phaneuf.elidevapp1aws.elisys-servers.ca\/fr\/wp-json\/wp\/v2\/types\/product"}],"wp:featuredmedia":[{"embeddable":true,"href":"http:\/\/wp-pgs-equipements-adrien-phaneuf.elidevapp1aws.elisys-servers.ca\/fr\/wp-json\/wp\/v2\/media\/52106"}],"wp:attachment":[{"href":"http:\/\/wp-pgs-equipements-adrien-phaneuf.elidevapp1aws.elisys-servers.ca\/fr\/wp-json\/wp\/v2\/media?parent=52105"}],"wp:term":[{"taxonomy":"product-sub-category","embeddable":true,"href":"http:\/\/wp-pgs-equipements-adrien-phaneuf.elidevapp1aws.elisys-servers.ca\/fr\/wp-json\/wp\/v2\/product-sub-category?post=52105"},{"taxonomy":"brand","embeddable":true,"href":"http:\/\/wp-pgs-equipements-adrien-phaneuf.elidevapp1aws.elisys-servers.ca\/fr\/wp-json\/wp\/v2\/brand?post=52105"},{"taxonomy":"product-third-category","embeddable":true,"href":"http:\/\/wp-pgs-equipements-adrien-phaneuf.elidevapp1aws.elisys-servers.ca\/fr\/wp-json\/wp\/v2\/product-third-category?post=52105"}],"curies":[{"name":"wp","href":"https:\/\/api.w.org\/{rel}","templated":true}]}}