{"id":52123,"date":"2023-12-06T16:32:12","date_gmt":"2023-12-06T21:32:12","guid":{"rendered":"http:\/\/wp-pgs-equipements-adrien-phaneuf.elidevapp1aws.elisys-servers.ca\/?post_type=product&#038;p=52123"},"modified":"2024-10-08T06:06:35","modified_gmt":"2024-10-08T10:06:35","slug":"chaine-de-rechange-pour-scie-a-chaine-de-18-po-dwo1dt618","status":"publish","type":"product","link":"http:\/\/wp-pgs-equipements-adrien-phaneuf.elidevapp1aws.elisys-servers.ca\/fr\/produit\/chaine-de-rechange-pour-scie-a-chaine-de-18-po-dwo1dt618\/","title":{"rendered":"Cha\u00eene de rechange pour scie \u00e0 cha\u00eene de 18 po &#8211; DWO1DT618"},"content":{"rendered":"<p>\u00c9vitez les pertes de temps avec cette cha\u00eene de rechange pour tron\u00e7onneuse de 18 po. Hautement r\u00e9sistante et durable, la cha\u00eene s\u2019ajuste parfaitement sur le guide de la tron\u00e7onneuse de 18 po sans balais sans fil 60 V MAX (DCCS672). Gr\u00e2ce au bas niveau de vibration et \u00e0 un effet de rebond minimal, vous pourrez scier rapidement et avec fluidit\u00e9, pour une performance professionnelle.<\/p>\n","protected":false},"excerpt":{"rendered":"<p>\u00c9vitez les pertes de temps avec cette cha\u00eene de rechange pour tron\u00e7onneuse de 18 po. Hautement r\u00e9sistante et durable, la cha\u00eene s\u2019ajuste parfaitement sur le guide de la tron\u00e7onneuse de 18 po sans balais sans fil 60 V MAX (DCCS672). Gr\u00e2ce au bas niveau de vibration et \u00e0 un effet de rebond minimal, vous pourrez &hellip; <a href=\"http:\/\/wp-pgs-equipements-adrien-phaneuf.elidevapp1aws.elisys-servers.ca\/fr\/produit\/chaine-de-rechange-pour-scie-a-chaine-de-18-po-dwo1dt618\/\">Suite<\/a><\/p>\n","protected":false},"featured_media":52124,"template":"","meta":[],"product-sub-category":[253,370],"brand":[254],"product-third-category":[],"acf":{"product_stock_upton":"1","product_stock_marieville":"","product_stock_shefford":"","product_stock_victoriaville":"","product_stock_durantaye":"","product_stock_stematine":"","product_stock_stclet":"","product_stock_huntingdon":"","product_vendor":"RVI","child_inventory_variation":""},"_links":{"self":[{"href":"http:\/\/wp-pgs-equipements-adrien-phaneuf.elidevapp1aws.elisys-servers.ca\/fr\/wp-json\/wp\/v2\/product\/52123"}],"collection":[{"href":"http:\/\/wp-pgs-equipements-adrien-phaneuf.elidevapp1aws.elisys-servers.ca\/fr\/wp-json\/wp\/v2\/product"}],"about":[{"href":"http:\/\/wp-pgs-equipements-adrien-phaneuf.elidevapp1aws.elisys-servers.ca\/fr\/wp-json\/wp\/v2\/types\/product"}],"wp:featuredmedia":[{"embeddable":true,"href":"http:\/\/wp-pgs-equipements-adrien-phaneuf.elidevapp1aws.elisys-servers.ca\/fr\/wp-json\/wp\/v2\/media\/52124"}],"wp:attachment":[{"href":"http:\/\/wp-pgs-equipements-adrien-phaneuf.elidevapp1aws.elisys-servers.ca\/fr\/wp-json\/wp\/v2\/media?parent=52123"}],"wp:term":[{"taxonomy":"product-sub-category","embeddable":true,"href":"http:\/\/wp-pgs-equipements-adrien-phaneuf.elidevapp1aws.elisys-servers.ca\/fr\/wp-json\/wp\/v2\/product-sub-category?post=52123"},{"taxonomy":"brand","embeddable":true,"href":"http:\/\/wp-pgs-equipements-adrien-phaneuf.elidevapp1aws.elisys-servers.ca\/fr\/wp-json\/wp\/v2\/brand?post=52123"},{"taxonomy":"product-third-category","embeddable":true,"href":"http:\/\/wp-pgs-equipements-adrien-phaneuf.elidevapp1aws.elisys-servers.ca\/fr\/wp-json\/wp\/v2\/product-third-category?post=52123"}],"curies":[{"name":"wp","href":"https:\/\/api.w.org\/{rel}","templated":true}]}}