{"id":52129,"date":"2023-12-06T16:37:47","date_gmt":"2023-12-06T21:37:47","guid":{"rendered":"http:\/\/wp-pgs-equipements-adrien-phaneuf.elidevapp1aws.elisys-servers.ca\/?post_type=product&#038;p=52129"},"modified":"2024-06-25T16:08:33","modified_gmt":"2024-06-25T20:08:33","slug":"bobine-de-fil-de-taille-bordures-de-0090-po-x-144-pi-dwo1dt915","status":"publish","type":"product","link":"http:\/\/wp-pgs-equipements-adrien-phaneuf.elidevapp1aws.elisys-servers.ca\/fr\/produit\/bobine-de-fil-de-taille-bordures-de-0090-po-x-144-pi-dwo1dt915\/","title":{"rendered":"Bobine de fil de taille-bordures de 0,090 po x 144 pi &#8211; DWO1DT915"},"content":{"rendered":"<ul class=\"feature-ul\">\n<li class=\"feature-list-li\">Fil a\u00e9rodynamique id\u00e9al pour les taille-bordures \u00e0 batterie<\/li>\n<li class=\"feature-list-li\">Pour la taille grossi\u00e8re et de finition de l\u2019herbe<\/li>\n<li class=\"feature-list-li\">Optimis\u00e9 pour les taille-bordures \u00e0 batterie<\/li>\n<\/ul>\n","protected":false},"excerpt":{"rendered":"<p>Fil a\u00e9rodynamique id\u00e9al pour les taille-bordures \u00e0 batterie Pour la taille grossi\u00e8re et de finition de l\u2019herbe Optimis\u00e9 pour les taille-bordures \u00e0 batterie<\/p>\n","protected":false},"featured_media":52130,"template":"","meta":[],"product-sub-category":[253,368,370],"brand":[254],"product-third-category":[],"acf":{"product_stock_upton":"1","product_stock_marieville":"0","product_stock_shefford":"","product_stock_victoriaville":"","product_stock_durantaye":"","product_stock_stematine":"","product_stock_stclet":"","product_stock_huntingdon":"","product_vendor":"RVI","child_inventory_variation":""},"_links":{"self":[{"href":"http:\/\/wp-pgs-equipements-adrien-phaneuf.elidevapp1aws.elisys-servers.ca\/fr\/wp-json\/wp\/v2\/product\/52129"}],"collection":[{"href":"http:\/\/wp-pgs-equipements-adrien-phaneuf.elidevapp1aws.elisys-servers.ca\/fr\/wp-json\/wp\/v2\/product"}],"about":[{"href":"http:\/\/wp-pgs-equipements-adrien-phaneuf.elidevapp1aws.elisys-servers.ca\/fr\/wp-json\/wp\/v2\/types\/product"}],"wp:featuredmedia":[{"embeddable":true,"href":"http:\/\/wp-pgs-equipements-adrien-phaneuf.elidevapp1aws.elisys-servers.ca\/fr\/wp-json\/wp\/v2\/media\/52130"}],"wp:attachment":[{"href":"http:\/\/wp-pgs-equipements-adrien-phaneuf.elidevapp1aws.elisys-servers.ca\/fr\/wp-json\/wp\/v2\/media?parent=52129"}],"wp:term":[{"taxonomy":"product-sub-category","embeddable":true,"href":"http:\/\/wp-pgs-equipements-adrien-phaneuf.elidevapp1aws.elisys-servers.ca\/fr\/wp-json\/wp\/v2\/product-sub-category?post=52129"},{"taxonomy":"brand","embeddable":true,"href":"http:\/\/wp-pgs-equipements-adrien-phaneuf.elidevapp1aws.elisys-servers.ca\/fr\/wp-json\/wp\/v2\/brand?post=52129"},{"taxonomy":"product-third-category","embeddable":true,"href":"http:\/\/wp-pgs-equipements-adrien-phaneuf.elidevapp1aws.elisys-servers.ca\/fr\/wp-json\/wp\/v2\/product-third-category?post=52129"}],"curies":[{"name":"wp","href":"https:\/\/api.w.org\/{rel}","templated":true}]}}