{"id":54965,"date":"2024-11-28T08:37:21","date_gmt":"2024-11-28T13:37:21","guid":{"rendered":"http:\/\/wp-pgs-equipements-adrien-phaneuf.elidevapp1aws.elisys-servers.ca\/?post_type=product&#038;p=54965"},"modified":"2025-09-30T06:09:19","modified_gmt":"2025-09-30T10:09:19","slug":"veste-en-polar-powered-up-ih01-4149","status":"publish","type":"product","link":"http:\/\/wp-pgs-equipements-adrien-phaneuf.elidevapp1aws.elisys-servers.ca\/fr\/produit\/veste-en-polar-powered-up-ih01-4149\/","title":{"rendered":"Veste en polar Powered Up (IH01-4149)"},"content":{"rendered":"<p>*Tissu textur\u00e9 100 % polyester coll\u00e9<br \/>\n*Polar zipp\u00e9e d&rsquo;\u00e9paisseur moyenne<br \/>\n*Anti-boulochage<br \/>\n*Deux poches inf\u00e9rieures zipp\u00e9es<br \/>\n*Points de tension renforc\u00e9s pour une durabilit\u00e9 accrue<br \/>\n*Capuche avec cordon de couleur vive avec embouts m\u00e9talliques recouverts de silicone<br \/>\n*Fermeture \u00e9clair centrale YKK Vislon sur le devant<br \/>\n*Coupe flatteuse<\/p>\n","protected":false},"excerpt":{"rendered":"<p>*Tissu textur\u00e9 100 % polyester coll\u00e9 *Polar zipp\u00e9e d&rsquo;\u00e9paisseur moyenne *Anti-boulochage *Deux poches inf\u00e9rieures zipp\u00e9es *Points de tension renforc\u00e9s pour une durabilit\u00e9 accrue *Capuche avec cordon de couleur vive avec embouts m\u00e9talliques recouverts de silicone *Fermeture \u00e9clair centrale YKK Vislon sur le devant *Coupe flatteuse<\/p>\n","protected":false},"featured_media":48722,"template":"","meta":[],"product-sub-category":[116],"brand":[111],"product-third-category":[],"acf":{"product_stock_upton":"","product_stock_marieville":"","product_stock_shefford":"","product_stock_victoriaville":"","product_stock_durantaye":"","product_stock_stematine":"","product_stock_stclet":"","product_stock_huntingdon":"","product_vendor":"CAS","child_inventory_variation":"{\"54966\":{\"M\":0,\"V\":0,\"G\":0,\"U\":0,\"H\":0,\"L\":0,\"B\":0,\"C\":0},\"54967\":{\"M\":0,\"V\":0,\"G\":0,\"U\":0,\"H\":0,\"L\":1,\"B\":0,\"C\":0},\"54968\":{\"M\":0,\"V\":0,\"G\":0,\"U\":0,\"H\":0,\"L\":4,\"B\":3,\"C\":0},\"54969\":{\"M\":0,\"V\":0,\"G\":0,\"U\":0,\"H\":0,\"L\":0,\"B\":0,\"C\":0},\"54970\":{\"M\":0,\"V\":0,\"G\":0,\"U\":0,\"H\":0,\"L\":0,\"B\":0,\"C\":0}}"},"_links":{"self":[{"href":"http:\/\/wp-pgs-equipements-adrien-phaneuf.elidevapp1aws.elisys-servers.ca\/fr\/wp-json\/wp\/v2\/product\/54965"}],"collection":[{"href":"http:\/\/wp-pgs-equipements-adrien-phaneuf.elidevapp1aws.elisys-servers.ca\/fr\/wp-json\/wp\/v2\/product"}],"about":[{"href":"http:\/\/wp-pgs-equipements-adrien-phaneuf.elidevapp1aws.elisys-servers.ca\/fr\/wp-json\/wp\/v2\/types\/product"}],"wp:featuredmedia":[{"embeddable":true,"href":"http:\/\/wp-pgs-equipements-adrien-phaneuf.elidevapp1aws.elisys-servers.ca\/fr\/wp-json\/wp\/v2\/media\/48722"}],"wp:attachment":[{"href":"http:\/\/wp-pgs-equipements-adrien-phaneuf.elidevapp1aws.elisys-servers.ca\/fr\/wp-json\/wp\/v2\/media?parent=54965"}],"wp:term":[{"taxonomy":"product-sub-category","embeddable":true,"href":"http:\/\/wp-pgs-equipements-adrien-phaneuf.elidevapp1aws.elisys-servers.ca\/fr\/wp-json\/wp\/v2\/product-sub-category?post=54965"},{"taxonomy":"brand","embeddable":true,"href":"http:\/\/wp-pgs-equipements-adrien-phaneuf.elidevapp1aws.elisys-servers.ca\/fr\/wp-json\/wp\/v2\/brand?post=54965"},{"taxonomy":"product-third-category","embeddable":true,"href":"http:\/\/wp-pgs-equipements-adrien-phaneuf.elidevapp1aws.elisys-servers.ca\/fr\/wp-json\/wp\/v2\/product-third-category?post=54965"}],"curies":[{"name":"wp","href":"https:\/\/api.w.org\/{rel}","templated":true}]}}